{"id":11025,"date":"2022-06-01T17:14:21","date_gmt":"2022-06-01T17:14:21","guid":{"rendered":"https:\/\/www.inhoorn.nl\/?page_id=11025"},"modified":"2025-03-26T12:10:31","modified_gmt":"2025-03-26T11:10:31","slug":"schaukeln-auf-dem-wasser","status":"publish","type":"page","link":"https:\/\/www.inhoorn.nl\/de\/ueber-hoorn\/erreichbarkeit\/schaukeln-auf-dem-wasser\/","title":{"rendered":"Mit dem Schiff"},"content":{"rendered":"\n<h2 class=\"wp-block-heading\" id=\"h-auf-dem-wasser\">Auf dem Wasser<\/h2>\n\n\n\n<p>Hoorn verf\u00fcgt \u00fcber mehrere H\u00e4fen mit festen Liegepl\u00e4tzen und Pl\u00e4tzen f\u00fcr Passanten. Die Gemeinde Hoorn verwaltet den Innenhafen und den Au\u00dfenhafen. Sie k\u00f6nnen auch den Grashaven, den WSV Hoorn (Flughafen) und die Marina Kaap Hoorn besuchen. Der Karperskuyl ist f\u00fcr Passanten nicht zug\u00e4nglich. Wenn Sie eine Frage zu einem der H\u00e4fen, den Einrichtungen, der Verf\u00fcgbarkeit der Liegepl\u00e4tze oder anderen Angelegenheiten haben, klicken Sie auf einen der untenstehenden Links oder besuchen Sie <a href=\"https:\/\/www.havenshoorn.nl\/\" target=\"_blank\" rel=\"noreferrer noopener\">h<\/a><a href=\"https:\/\/www.havenshoorn.nl\/\">avenshoorn.nl<\/a>.<\/p>\n\n\n\n<h2 class=\"wp-block-heading\" id=\"h-hafenanlagen\">Hafenanlagen<\/h2>\n\n\n\n<p>Jeder Hafen verf\u00fcgt \u00fcber eigene erstklassige Einrichtungen. Treibstoff, kein Benzin, ist beim Bunkerschiff Atalante Watersport im Au\u00dfenhafen erh\u00e4ltlich. Im Binnenhaven finden Sie das Sanit\u00e4rgeb\u00e4ude, einschlie\u00dflich eines Waschsalons, am Mallegomsteeg 7. Entlang der Oude Doelenkade (Stadtseite) und des Baadland (Parkseite) gibt es verschiedene Stromanschlusspunkte. Auf der Doelenkade und im Hafenb\u00fcro gibt es M\u00fcllcontainer f\u00fcr Hausm\u00fcll. Wasser gibt es an der Hoge Brug und im Baadland kostenlos. Chemietoiletten k\u00f6nnen im Hafenb\u00fcro geleert werden.<\/p>\n\n\n\n<div style=\"height:30px\" aria-hidden=\"true\" class=\"wp-block-spacer\"><\/div>\n\n\n\n<div class=\"wp-block-buttons is-layout-flex wp-block-buttons-is-layout-flex\">\n<div class=\"wp-block-button has-custom-width wp-block-button__width-50 has-custom-font-size\" style=\"font-size:16px\"><a class=\"wp-block-button__link has-background wp-element-button\" href=\"https:\/\/www.dekarperskuyl.nl\" style=\"border-radius:0px;background-color:#ff3d7e\" target=\"_blank\" rel=\"noreferrer noopener\"><strong>De Karperskuyl<\/strong> <strong>06-54990585 \/ site<\/strong><\/a><\/div>\n\n\n\n<div class=\"wp-block-button has-custom-width wp-block-button__width-50 has-custom-font-size\" style=\"font-size:16px\"><a class=\"wp-block-button__link has-background wp-element-button\" href=\"https:\/\/www.havenshoorn.nl\/havens\/marina-kaap-hoorn\/\" style=\"border-radius:0px;background-color:#ff3d7e\" target=\"_blank\" rel=\"noreferrer noopener\"><strong>Marina Kaap Hoorn<\/strong> <strong>06-15102639 \/ site<\/strong><\/a><\/div>\n\n\n\n<div class=\"wp-block-button has-custom-width wp-block-button__width-50 has-custom-font-size\" style=\"font-size:16px\"><a class=\"wp-block-button__link has-background wp-element-button\" href=\"https:\/\/www.wsvhoorn.nl\/\" style=\"border-radius:0px;background-color:#ff3d7e\" target=\"_blank\" rel=\"noreferrer noopener\"><strong>Vluchthaven<\/strong> <strong>0229-213540 \/ site<\/strong><\/a><\/div>\n\n\n\n<div class=\"wp-block-button has-custom-width wp-block-button__width-50 has-custom-font-size\" style=\"font-size:16px\"><a class=\"wp-block-button__link has-background wp-element-button\" href=\"https:\/\/www.grashavenhoorn.nl\/\" style=\"border-radius:0px;background-color:#ff3d7e\" target=\"_blank\" rel=\"noreferrer noopener\"><strong>Grashaven<\/strong> <strong>0229-215208 \/ site<\/strong><\/a><\/div>\n\n\n\n<div class=\"wp-block-button has-custom-width wp-block-button__width-50 has-custom-font-size\" style=\"font-size:16px\"><a class=\"wp-block-button__link has-background wp-element-button\" href=\"https:\/\/www.hoorn.nl\/Binnenhavenenbuitenhaven\" style=\"border-radius:0px;background-color:#ff3d7e\" target=\"_blank\" rel=\"noreferrer noopener\"><strong>Binnenhaven<\/strong> <strong>0229-214012 \/ site<\/strong><\/a><\/div>\n\n\n\n<div class=\"wp-block-button has-custom-width wp-block-button__width-50 has-custom-font-size\" style=\"font-size:16px\"><a class=\"wp-block-button__link has-background wp-element-button\" href=\"https:\/\/www.hoorn.nl\/Binnenhavenenbuitenhaven\" style=\"border-radius:0px;background-color:#ff3d7e\" target=\"_blank\" rel=\"noreferrer noopener\"><strong>Buitenhaven<\/strong> <strong>0229-214012 \/ site<\/strong><\/a><\/div>\n<\/div>\n","protected":false},"excerpt":{"rendered":"<p>Auf dem Wasser Hoorn verf\u00fcgt \u00fcber mehrere H\u00e4fen mit festen Liegepl\u00e4tzen und Pl\u00e4tzen f\u00fcr Passanten. Die Gemeinde Hoorn verwaltet den Innenhafen und den Au\u00dfenhafen. Sie k\u00f6nnen auch den Grashaven, den WSV Hoorn (Flughafen) und die Marina Kaap Hoorn besuchen. Der Karperskuyl ist f\u00fcr Passanten nicht zug\u00e4nglich. Wenn Sie eine Frage zu einem der H\u00e4fen, den [&hellip;]<\/p>\n","protected":false},"author":2,"featured_media":0,"parent":11013,"menu_order":0,"comment_status":"closed","ping_status":"closed","template":"","meta":{"footnotes":""},"class_list":["post-11025","page","type-page","status-publish","hentry"],"yoast_head":"<!-- This site is optimized with the Yoast SEO plugin v27.4 - https:\/\/yoast.com\/product\/yoast-seo-wordpress\/ -->\n<title>Mit dem Schiff - In Hoorn<\/title>\n<meta name=\"robots\" content=\"index, follow, max-snippet:-1, max-image-preview:large, max-video-preview:-1\" \/>\n<link rel=\"canonical\" href=\"https:\/\/www.inhoorn.nl\/de\/ueber-hoorn\/erreichbarkeit\/schaukeln-auf-dem-wasser\/\" \/>\n<meta property=\"og:locale\" content=\"de_DE\" \/>\n<meta property=\"og:type\" content=\"article\" \/>\n<meta property=\"og:title\" content=\"Mit dem Schiff - In Hoorn\" \/>\n<meta property=\"og:description\" content=\"Auf dem Wasser Hoorn verf\u00fcgt \u00fcber mehrere H\u00e4fen mit festen Liegepl\u00e4tzen und Pl\u00e4tzen f\u00fcr Passanten. Die Gemeinde Hoorn verwaltet den Innenhafen und den Au\u00dfenhafen. Sie k\u00f6nnen auch den Grashaven, den WSV Hoorn (Flughafen) und die Marina Kaap Hoorn besuchen. Der Karperskuyl ist f\u00fcr Passanten nicht zug\u00e4nglich. Wenn Sie eine Frage zu einem der H\u00e4fen, den [&hellip;]\" \/>\n<meta property=\"og:url\" content=\"https:\/\/www.inhoorn.nl\/de\/ueber-hoorn\/erreichbarkeit\/schaukeln-auf-dem-wasser\/\" \/>\n<meta property=\"og:site_name\" content=\"In Hoorn\" \/>\n<meta property=\"article:publisher\" content=\"https:\/\/www.facebook.com\/inhoorn.nl\" \/>\n<meta property=\"article:modified_time\" content=\"2025-03-26T11:10:31+00:00\" \/>\n<meta property=\"og:image\" content=\"https:\/\/www.inhoorn.nl\/wp-content\/uploads\/2022\/06\/logo_shadow.png\" \/>\n\t<meta property=\"og:image:width\" content=\"600\" \/>\n\t<meta property=\"og:image:height\" content=\"275\" \/>\n\t<meta property=\"og:image:type\" content=\"image\/png\" \/>\n<meta name=\"twitter:card\" content=\"summary_large_image\" \/>\n<meta name=\"twitter:label1\" content=\"Gesch\u00e4tzte Lesezeit\" \/>\n\t<meta name=\"twitter:data1\" content=\"1\u00a0Minute\" \/>\n<script type=\"application\/ld+json\" class=\"yoast-schema-graph\">{\"@context\":\"https:\\\/\\\/schema.org\",\"@graph\":[{\"@type\":\"WebPage\",\"@id\":\"https:\\\/\\\/www.inhoorn.nl\\\/de\\\/ueber-hoorn\\\/erreichbarkeit\\\/schaukeln-auf-dem-wasser\\\/\",\"url\":\"https:\\\/\\\/www.inhoorn.nl\\\/de\\\/ueber-hoorn\\\/erreichbarkeit\\\/schaukeln-auf-dem-wasser\\\/\",\"name\":\"Mit dem Schiff - In Hoorn\",\"isPartOf\":{\"@id\":\"https:\\\/\\\/www.inhoorn.nl\\\/de\\\/#website\"},\"datePublished\":\"2022-06-01T17:14:21+00:00\",\"dateModified\":\"2025-03-26T11:10:31+00:00\",\"breadcrumb\":{\"@id\":\"https:\\\/\\\/www.inhoorn.nl\\\/de\\\/ueber-hoorn\\\/erreichbarkeit\\\/schaukeln-auf-dem-wasser\\\/#breadcrumb\"},\"inLanguage\":\"de\",\"potentialAction\":[{\"@type\":\"ReadAction\",\"target\":[\"https:\\\/\\\/www.inhoorn.nl\\\/de\\\/ueber-hoorn\\\/erreichbarkeit\\\/schaukeln-auf-dem-wasser\\\/\"]}]},{\"@type\":\"BreadcrumbList\",\"@id\":\"https:\\\/\\\/www.inhoorn.nl\\\/de\\\/ueber-hoorn\\\/erreichbarkeit\\\/schaukeln-auf-dem-wasser\\\/#breadcrumb\",\"itemListElement\":[{\"@type\":\"ListItem\",\"position\":1,\"name\":\"Home\",\"item\":\"https:\\\/\\\/www.inhoorn.nl\\\/de\\\/\"},{\"@type\":\"ListItem\",\"position\":2,\"name\":\"\u00dcber Hoorn\",\"item\":\"https:\\\/\\\/www.inhoorn.nl\\\/de\\\/over-hoorn\\\/\"},{\"@type\":\"ListItem\",\"position\":3,\"name\":\"Erreichbarkeit\",\"item\":\"https:\\\/\\\/www.inhoorn.nl\\\/de\\\/over-hoorn\\\/bereikbaarheid\\\/\"},{\"@type\":\"ListItem\",\"position\":4,\"name\":\"Mit dem Schiff\"}]},{\"@type\":\"WebSite\",\"@id\":\"https:\\\/\\\/www.inhoorn.nl\\\/de\\\/#website\",\"url\":\"https:\\\/\\\/www.inhoorn.nl\\\/de\\\/\",\"name\":\"In Hoorn\",\"description\":\"D\u00e9 gids voor Hoorn\",\"publisher\":{\"@id\":\"https:\\\/\\\/www.inhoorn.nl\\\/de\\\/#organization\"},\"potentialAction\":[{\"@type\":\"SearchAction\",\"target\":{\"@type\":\"EntryPoint\",\"urlTemplate\":\"https:\\\/\\\/www.inhoorn.nl\\\/de\\\/?s={search_term_string}\"},\"query-input\":{\"@type\":\"PropertyValueSpecification\",\"valueRequired\":true,\"valueName\":\"search_term_string\"}}],\"inLanguage\":\"de\"},{\"@type\":\"Organization\",\"@id\":\"https:\\\/\\\/www.inhoorn.nl\\\/de\\\/#organization\",\"name\":\"InHoorn\",\"url\":\"https:\\\/\\\/www.inhoorn.nl\\\/de\\\/\",\"logo\":{\"@type\":\"ImageObject\",\"inLanguage\":\"de\",\"@id\":\"https:\\\/\\\/www.inhoorn.nl\\\/de\\\/#\\\/schema\\\/logo\\\/image\\\/\",\"url\":\"https:\\\/\\\/www.inhoorn.nl\\\/wp-content\\\/uploads\\\/2022\\\/06\\\/logo_shadow.png\",\"contentUrl\":\"https:\\\/\\\/www.inhoorn.nl\\\/wp-content\\\/uploads\\\/2022\\\/06\\\/logo_shadow.png\",\"width\":600,\"height\":275,\"caption\":\"InHoorn\"},\"image\":{\"@id\":\"https:\\\/\\\/www.inhoorn.nl\\\/de\\\/#\\\/schema\\\/logo\\\/image\\\/\"},\"sameAs\":[\"https:\\\/\\\/www.facebook.com\\\/inhoorn.nl\"]}]}<\/script>\n<!-- \/ Yoast SEO plugin. -->","yoast_head_json":{"title":"Mit dem Schiff - In Hoorn","robots":{"index":"index","follow":"follow","max-snippet":"max-snippet:-1","max-image-preview":"max-image-preview:large","max-video-preview":"max-video-preview:-1"},"canonical":"https:\/\/www.inhoorn.nl\/de\/ueber-hoorn\/erreichbarkeit\/schaukeln-auf-dem-wasser\/","og_locale":"de_DE","og_type":"article","og_title":"Mit dem Schiff - In Hoorn","og_description":"Auf dem Wasser Hoorn verf\u00fcgt \u00fcber mehrere H\u00e4fen mit festen Liegepl\u00e4tzen und Pl\u00e4tzen f\u00fcr Passanten. Die Gemeinde Hoorn verwaltet den Innenhafen und den Au\u00dfenhafen. Sie k\u00f6nnen auch den Grashaven, den WSV Hoorn (Flughafen) und die Marina Kaap Hoorn besuchen. Der Karperskuyl ist f\u00fcr Passanten nicht zug\u00e4nglich. Wenn Sie eine Frage zu einem der H\u00e4fen, den [&hellip;]","og_url":"https:\/\/www.inhoorn.nl\/de\/ueber-hoorn\/erreichbarkeit\/schaukeln-auf-dem-wasser\/","og_site_name":"In Hoorn","article_publisher":"https:\/\/www.facebook.com\/inhoorn.nl","article_modified_time":"2025-03-26T11:10:31+00:00","og_image":[{"width":600,"height":275,"url":"https:\/\/www.inhoorn.nl\/wp-content\/uploads\/2022\/06\/logo_shadow.png","type":"image\/png"}],"twitter_card":"summary_large_image","twitter_misc":{"Gesch\u00e4tzte Lesezeit":"1\u00a0Minute"},"schema":{"@context":"https:\/\/schema.org","@graph":[{"@type":"WebPage","@id":"https:\/\/www.inhoorn.nl\/de\/ueber-hoorn\/erreichbarkeit\/schaukeln-auf-dem-wasser\/","url":"https:\/\/www.inhoorn.nl\/de\/ueber-hoorn\/erreichbarkeit\/schaukeln-auf-dem-wasser\/","name":"Mit dem Schiff - In Hoorn","isPartOf":{"@id":"https:\/\/www.inhoorn.nl\/de\/#website"},"datePublished":"2022-06-01T17:14:21+00:00","dateModified":"2025-03-26T11:10:31+00:00","breadcrumb":{"@id":"https:\/\/www.inhoorn.nl\/de\/ueber-hoorn\/erreichbarkeit\/schaukeln-auf-dem-wasser\/#breadcrumb"},"inLanguage":"de","potentialAction":[{"@type":"ReadAction","target":["https:\/\/www.inhoorn.nl\/de\/ueber-hoorn\/erreichbarkeit\/schaukeln-auf-dem-wasser\/"]}]},{"@type":"BreadcrumbList","@id":"https:\/\/www.inhoorn.nl\/de\/ueber-hoorn\/erreichbarkeit\/schaukeln-auf-dem-wasser\/#breadcrumb","itemListElement":[{"@type":"ListItem","position":1,"name":"Home","item":"https:\/\/www.inhoorn.nl\/de\/"},{"@type":"ListItem","position":2,"name":"\u00dcber Hoorn","item":"https:\/\/www.inhoorn.nl\/de\/over-hoorn\/"},{"@type":"ListItem","position":3,"name":"Erreichbarkeit","item":"https:\/\/www.inhoorn.nl\/de\/over-hoorn\/bereikbaarheid\/"},{"@type":"ListItem","position":4,"name":"Mit dem Schiff"}]},{"@type":"WebSite","@id":"https:\/\/www.inhoorn.nl\/de\/#website","url":"https:\/\/www.inhoorn.nl\/de\/","name":"In Hoorn","description":"D\u00e9 gids voor Hoorn","publisher":{"@id":"https:\/\/www.inhoorn.nl\/de\/#organization"},"potentialAction":[{"@type":"SearchAction","target":{"@type":"EntryPoint","urlTemplate":"https:\/\/www.inhoorn.nl\/de\/?s={search_term_string}"},"query-input":{"@type":"PropertyValueSpecification","valueRequired":true,"valueName":"search_term_string"}}],"inLanguage":"de"},{"@type":"Organization","@id":"https:\/\/www.inhoorn.nl\/de\/#organization","name":"InHoorn","url":"https:\/\/www.inhoorn.nl\/de\/","logo":{"@type":"ImageObject","inLanguage":"de","@id":"https:\/\/www.inhoorn.nl\/de\/#\/schema\/logo\/image\/","url":"https:\/\/www.inhoorn.nl\/wp-content\/uploads\/2022\/06\/logo_shadow.png","contentUrl":"https:\/\/www.inhoorn.nl\/wp-content\/uploads\/2022\/06\/logo_shadow.png","width":600,"height":275,"caption":"InHoorn"},"image":{"@id":"https:\/\/www.inhoorn.nl\/de\/#\/schema\/logo\/image\/"},"sameAs":["https:\/\/www.facebook.com\/inhoorn.nl"]}]}},"_links":{"self":[{"href":"https:\/\/www.inhoorn.nl\/de\/wp-json\/wp\/v2\/pages\/11025","targetHints":{"allow":["GET"]}}],"collection":[{"href":"https:\/\/www.inhoorn.nl\/de\/wp-json\/wp\/v2\/pages"}],"about":[{"href":"https:\/\/www.inhoorn.nl\/de\/wp-json\/wp\/v2\/types\/page"}],"author":[{"embeddable":true,"href":"https:\/\/www.inhoorn.nl\/de\/wp-json\/wp\/v2\/users\/2"}],"replies":[{"embeddable":true,"href":"https:\/\/www.inhoorn.nl\/de\/wp-json\/wp\/v2\/comments?post=11025"}],"version-history":[{"count":9,"href":"https:\/\/www.inhoorn.nl\/de\/wp-json\/wp\/v2\/pages\/11025\/revisions"}],"predecessor-version":[{"id":30821,"href":"https:\/\/www.inhoorn.nl\/de\/wp-json\/wp\/v2\/pages\/11025\/revisions\/30821"}],"up":[{"embeddable":true,"href":"https:\/\/www.inhoorn.nl\/de\/wp-json\/wp\/v2\/pages\/11013"}],"wp:attachment":[{"href":"https:\/\/www.inhoorn.nl\/de\/wp-json\/wp\/v2\/media?parent=11025"}],"curies":[{"name":"wp","href":"https:\/\/api.w.org\/{rel}","templated":true}]}}