{"id":11029,"date":"2022-06-01T17:59:12","date_gmt":"2022-06-01T17:59:12","guid":{"rendered":"https:\/\/www.inhoorn.nl\/?page_id=11029"},"modified":"2022-07-14T15:30:08","modified_gmt":"2022-07-14T13:30:08","slug":"train","status":"publish","type":"page","link":"https:\/\/www.inhoorn.nl\/de\/ueber-hoorn\/erreichbarkeit\/train\/","title":{"rendered":"\u00f6ffentlicher Verkehr"},"content":{"rendered":"\n<h2 class=\"wp-block-heading\" id=\"h-zug\">Zug<\/h2>\n\n\n\n<p id=\"tw-target-text\">Hoorn ist mit Zug und Bus gut erreichbar. Der Busbahnhof von Hoorn befindet sich neben dem Bahnhof Hoorn. Unter anderem verkehren regelm\u00e4\u00dfig Direktz\u00fcge von und nach Amsterdam. F\u00fcr Informationen zur Anreise mit dem Zug klicken Sie auf die Schaltfl\u00e4che unten.<\/p>\n\n\n\n<div class=\"wp-block-buttons is-layout-flex wp-block-buttons-is-layout-flex\">\n<div class=\"wp-block-button has-custom-width wp-block-button__width-50 has-custom-font-size\" style=\"font-size:16px\"><a class=\"wp-block-button__link has-background\" href=\"https:\/\/www.ns.nl\/reisplanner\" style=\"border-radius:0px;background-color:#ff3da1\">Zuginformationen<\/a><\/div>\n<\/div>\n\n\n\n<div style=\"height:50px\" aria-hidden=\"true\" class=\"wp-block-spacer\"><\/div>\n\n\n\n<h2 class=\"wp-block-heading\" id=\"h-bus\">Bus<\/h2>\n\n\n\n<p id=\"tw-target-text\">Wenn Sie mit dem Bus anreisen m\u00f6chten, gibt es mehrere M\u00f6glichkeiten. Die Buslinie 314 bietet eine direkte Verbindung zwischen Hoorn und Amsterdam Centraal. Diese Fahrt dauert mehr als 50 Minuten. F\u00fcr weitere Informationen \u00fcber das Reisen mit dem Bus klicken Sie auf die Schaltfl\u00e4che unten.<\/p>\n\n\n\n<div class=\"wp-block-buttons is-layout-flex wp-block-buttons-is-layout-flex\">\n<div class=\"wp-block-button has-custom-width wp-block-button__width-50 has-custom-font-size\" style=\"font-size:16px\"><a class=\"wp-block-button__link has-background\" href=\"https:\/\/www.ns.nl\/reisplanner\" style=\"border-radius:0px;background-color:#ff3da1\">Businfos<\/a><\/div>\n<\/div>\n","protected":false},"excerpt":{"rendered":"<p>Zug Hoorn ist mit Zug und Bus gut erreichbar. Der Busbahnhof von Hoorn befindet sich neben dem Bahnhof Hoorn. Unter anderem verkehren regelm\u00e4\u00dfig Direktz\u00fcge von und nach Amsterdam. F\u00fcr Informationen zur Anreise mit dem Zug klicken Sie auf die Schaltfl\u00e4che unten. Bus Wenn Sie mit dem Bus anreisen m\u00f6chten, gibt es mehrere M\u00f6glichkeiten. Die Buslinie [&hellip;]<\/p>\n","protected":false},"author":2,"featured_media":0,"parent":11013,"menu_order":0,"comment_status":"closed","ping_status":"closed","template":"","meta":{"footnotes":""},"class_list":["post-11029","page","type-page","status-publish","hentry"],"yoast_head":"<!-- This site is optimized with the Yoast SEO Premium plugin v26.0 (Yoast SEO v27.4) - https:\/\/yoast.com\/product\/yoast-seo-premium-wordpress\/ -->\n<title>\u00f6ffentlicher Verkehr - In Hoorn<\/title>\n<meta name=\"robots\" content=\"index, follow, max-snippet:-1, max-image-preview:large, max-video-preview:-1\" \/>\n<link rel=\"canonical\" href=\"https:\/\/www.inhoorn.nl\/de\/ueber-hoorn\/erreichbarkeit\/train\/\" \/>\n<meta property=\"og:locale\" content=\"de_DE\" \/>\n<meta property=\"og:type\" content=\"article\" \/>\n<meta property=\"og:title\" content=\"\u00f6ffentlicher Verkehr\" \/>\n<meta property=\"og:description\" content=\"Zug Hoorn ist mit Zug und Bus gut erreichbar. Der Busbahnhof von Hoorn befindet sich neben dem Bahnhof Hoorn. Unter anderem verkehren regelm\u00e4\u00dfig Direktz\u00fcge von und nach Amsterdam. F\u00fcr Informationen zur Anreise mit dem Zug klicken Sie auf die Schaltfl\u00e4che unten. Bus Wenn Sie mit dem Bus anreisen m\u00f6chten, gibt es mehrere M\u00f6glichkeiten. Die Buslinie [&hellip;]\" \/>\n<meta property=\"og:url\" content=\"https:\/\/www.inhoorn.nl\/de\/ueber-hoorn\/erreichbarkeit\/train\/\" \/>\n<meta property=\"og:site_name\" content=\"In Hoorn\" \/>\n<meta property=\"article:publisher\" content=\"https:\/\/www.facebook.com\/inhoorn.nl\" \/>\n<meta property=\"article:modified_time\" content=\"2022-07-14T13:30:08+00:00\" \/>\n<meta property=\"og:image\" content=\"https:\/\/www.inhoorn.nl\/wp-content\/uploads\/2022\/06\/logo_shadow.png\" \/>\n\t<meta property=\"og:image:width\" content=\"600\" \/>\n\t<meta property=\"og:image:height\" content=\"275\" \/>\n\t<meta property=\"og:image:type\" content=\"image\/png\" \/>\n<meta name=\"twitter:card\" content=\"summary_large_image\" \/>\n<meta name=\"twitter:label1\" content=\"Gesch\u00e4tzte Lesezeit\" \/>\n\t<meta name=\"twitter:data1\" content=\"1\u00a0Minute\" \/>\n<script type=\"application\/ld+json\" class=\"yoast-schema-graph\">{\"@context\":\"https:\\\/\\\/schema.org\",\"@graph\":[{\"@type\":\"WebPage\",\"@id\":\"https:\\\/\\\/www.inhoorn.nl\\\/de\\\/ueber-hoorn\\\/erreichbarkeit\\\/train\\\/\",\"url\":\"https:\\\/\\\/www.inhoorn.nl\\\/de\\\/ueber-hoorn\\\/erreichbarkeit\\\/train\\\/\",\"name\":\"\u00f6ffentlicher Verkehr - In Hoorn\",\"isPartOf\":{\"@id\":\"https:\\\/\\\/www.inhoorn.nl\\\/de\\\/#website\"},\"datePublished\":\"2022-06-01T17:59:12+00:00\",\"dateModified\":\"2022-07-14T13:30:08+00:00\",\"breadcrumb\":{\"@id\":\"https:\\\/\\\/www.inhoorn.nl\\\/de\\\/ueber-hoorn\\\/erreichbarkeit\\\/train\\\/#breadcrumb\"},\"inLanguage\":\"de\",\"potentialAction\":[{\"@type\":\"ReadAction\",\"target\":[\"https:\\\/\\\/www.inhoorn.nl\\\/de\\\/ueber-hoorn\\\/erreichbarkeit\\\/train\\\/\"]}]},{\"@type\":\"BreadcrumbList\",\"@id\":\"https:\\\/\\\/www.inhoorn.nl\\\/de\\\/ueber-hoorn\\\/erreichbarkeit\\\/train\\\/#breadcrumb\",\"itemListElement\":[{\"@type\":\"ListItem\",\"position\":1,\"name\":\"Home\",\"item\":\"https:\\\/\\\/www.inhoorn.nl\\\/de\\\/\"},{\"@type\":\"ListItem\",\"position\":2,\"name\":\"\u00dcber Hoorn\",\"item\":\"https:\\\/\\\/www.inhoorn.nl\\\/de\\\/over-hoorn\\\/\"},{\"@type\":\"ListItem\",\"position\":3,\"name\":\"Erreichbarkeit\",\"item\":\"https:\\\/\\\/www.inhoorn.nl\\\/de\\\/over-hoorn\\\/bereikbaarheid\\\/\"},{\"@type\":\"ListItem\",\"position\":4,\"name\":\"\u00f6ffentlicher Verkehr\"}]},{\"@type\":\"WebSite\",\"@id\":\"https:\\\/\\\/www.inhoorn.nl\\\/de\\\/#website\",\"url\":\"https:\\\/\\\/www.inhoorn.nl\\\/de\\\/\",\"name\":\"In Hoorn\",\"description\":\"D\u00e9 gids voor Hoorn\",\"publisher\":{\"@id\":\"https:\\\/\\\/www.inhoorn.nl\\\/de\\\/#organization\"},\"potentialAction\":[{\"@type\":\"SearchAction\",\"target\":{\"@type\":\"EntryPoint\",\"urlTemplate\":\"https:\\\/\\\/www.inhoorn.nl\\\/de\\\/?s={search_term_string}\"},\"query-input\":{\"@type\":\"PropertyValueSpecification\",\"valueRequired\":true,\"valueName\":\"search_term_string\"}}],\"inLanguage\":\"de\"},{\"@type\":\"Organization\",\"@id\":\"https:\\\/\\\/www.inhoorn.nl\\\/de\\\/#organization\",\"name\":\"InHoorn\",\"url\":\"https:\\\/\\\/www.inhoorn.nl\\\/de\\\/\",\"logo\":{\"@type\":\"ImageObject\",\"inLanguage\":\"de\",\"@id\":\"https:\\\/\\\/www.inhoorn.nl\\\/de\\\/#\\\/schema\\\/logo\\\/image\\\/\",\"url\":\"https:\\\/\\\/www.inhoorn.nl\\\/wp-content\\\/uploads\\\/2022\\\/06\\\/logo_shadow.png\",\"contentUrl\":\"https:\\\/\\\/www.inhoorn.nl\\\/wp-content\\\/uploads\\\/2022\\\/06\\\/logo_shadow.png\",\"width\":600,\"height\":275,\"caption\":\"InHoorn\"},\"image\":{\"@id\":\"https:\\\/\\\/www.inhoorn.nl\\\/de\\\/#\\\/schema\\\/logo\\\/image\\\/\"},\"sameAs\":[\"https:\\\/\\\/www.facebook.com\\\/inhoorn.nl\"]}]}<\/script>\n<!-- \/ Yoast SEO Premium plugin. -->","yoast_head_json":{"title":"\u00f6ffentlicher Verkehr - In Hoorn","robots":{"index":"index","follow":"follow","max-snippet":"max-snippet:-1","max-image-preview":"max-image-preview:large","max-video-preview":"max-video-preview:-1"},"canonical":"https:\/\/www.inhoorn.nl\/de\/ueber-hoorn\/erreichbarkeit\/train\/","og_locale":"de_DE","og_type":"article","og_title":"\u00f6ffentlicher Verkehr","og_description":"Zug Hoorn ist mit Zug und Bus gut erreichbar. Der Busbahnhof von Hoorn befindet sich neben dem Bahnhof Hoorn. Unter anderem verkehren regelm\u00e4\u00dfig Direktz\u00fcge von und nach Amsterdam. F\u00fcr Informationen zur Anreise mit dem Zug klicken Sie auf die Schaltfl\u00e4che unten. Bus Wenn Sie mit dem Bus anreisen m\u00f6chten, gibt es mehrere M\u00f6glichkeiten. Die Buslinie [&hellip;]","og_url":"https:\/\/www.inhoorn.nl\/de\/ueber-hoorn\/erreichbarkeit\/train\/","og_site_name":"In Hoorn","article_publisher":"https:\/\/www.facebook.com\/inhoorn.nl","article_modified_time":"2022-07-14T13:30:08+00:00","og_image":[{"width":600,"height":275,"url":"https:\/\/www.inhoorn.nl\/wp-content\/uploads\/2022\/06\/logo_shadow.png","type":"image\/png"}],"twitter_card":"summary_large_image","twitter_misc":{"Gesch\u00e4tzte Lesezeit":"1\u00a0Minute"},"schema":{"@context":"https:\/\/schema.org","@graph":[{"@type":"WebPage","@id":"https:\/\/www.inhoorn.nl\/de\/ueber-hoorn\/erreichbarkeit\/train\/","url":"https:\/\/www.inhoorn.nl\/de\/ueber-hoorn\/erreichbarkeit\/train\/","name":"\u00f6ffentlicher Verkehr - In Hoorn","isPartOf":{"@id":"https:\/\/www.inhoorn.nl\/de\/#website"},"datePublished":"2022-06-01T17:59:12+00:00","dateModified":"2022-07-14T13:30:08+00:00","breadcrumb":{"@id":"https:\/\/www.inhoorn.nl\/de\/ueber-hoorn\/erreichbarkeit\/train\/#breadcrumb"},"inLanguage":"de","potentialAction":[{"@type":"ReadAction","target":["https:\/\/www.inhoorn.nl\/de\/ueber-hoorn\/erreichbarkeit\/train\/"]}]},{"@type":"BreadcrumbList","@id":"https:\/\/www.inhoorn.nl\/de\/ueber-hoorn\/erreichbarkeit\/train\/#breadcrumb","itemListElement":[{"@type":"ListItem","position":1,"name":"Home","item":"https:\/\/www.inhoorn.nl\/de\/"},{"@type":"ListItem","position":2,"name":"\u00dcber Hoorn","item":"https:\/\/www.inhoorn.nl\/de\/over-hoorn\/"},{"@type":"ListItem","position":3,"name":"Erreichbarkeit","item":"https:\/\/www.inhoorn.nl\/de\/over-hoorn\/bereikbaarheid\/"},{"@type":"ListItem","position":4,"name":"\u00f6ffentlicher Verkehr"}]},{"@type":"WebSite","@id":"https:\/\/www.inhoorn.nl\/de\/#website","url":"https:\/\/www.inhoorn.nl\/de\/","name":"In Hoorn","description":"D\u00e9 gids voor Hoorn","publisher":{"@id":"https:\/\/www.inhoorn.nl\/de\/#organization"},"potentialAction":[{"@type":"SearchAction","target":{"@type":"EntryPoint","urlTemplate":"https:\/\/www.inhoorn.nl\/de\/?s={search_term_string}"},"query-input":{"@type":"PropertyValueSpecification","valueRequired":true,"valueName":"search_term_string"}}],"inLanguage":"de"},{"@type":"Organization","@id":"https:\/\/www.inhoorn.nl\/de\/#organization","name":"InHoorn","url":"https:\/\/www.inhoorn.nl\/de\/","logo":{"@type":"ImageObject","inLanguage":"de","@id":"https:\/\/www.inhoorn.nl\/de\/#\/schema\/logo\/image\/","url":"https:\/\/www.inhoorn.nl\/wp-content\/uploads\/2022\/06\/logo_shadow.png","contentUrl":"https:\/\/www.inhoorn.nl\/wp-content\/uploads\/2022\/06\/logo_shadow.png","width":600,"height":275,"caption":"InHoorn"},"image":{"@id":"https:\/\/www.inhoorn.nl\/de\/#\/schema\/logo\/image\/"},"sameAs":["https:\/\/www.facebook.com\/inhoorn.nl"]}]}},"_links":{"self":[{"href":"https:\/\/www.inhoorn.nl\/de\/wp-json\/wp\/v2\/pages\/11029","targetHints":{"allow":["GET"]}}],"collection":[{"href":"https:\/\/www.inhoorn.nl\/de\/wp-json\/wp\/v2\/pages"}],"about":[{"href":"https:\/\/www.inhoorn.nl\/de\/wp-json\/wp\/v2\/types\/page"}],"author":[{"embeddable":true,"href":"https:\/\/www.inhoorn.nl\/de\/wp-json\/wp\/v2\/users\/2"}],"replies":[{"embeddable":true,"href":"https:\/\/www.inhoorn.nl\/de\/wp-json\/wp\/v2\/comments?post=11029"}],"version-history":[{"count":5,"href":"https:\/\/www.inhoorn.nl\/de\/wp-json\/wp\/v2\/pages\/11029\/revisions"}],"predecessor-version":[{"id":13600,"href":"https:\/\/www.inhoorn.nl\/de\/wp-json\/wp\/v2\/pages\/11029\/revisions\/13600"}],"up":[{"embeddable":true,"href":"https:\/\/www.inhoorn.nl\/de\/wp-json\/wp\/v2\/pages\/11013"}],"wp:attachment":[{"href":"https:\/\/www.inhoorn.nl\/de\/wp-json\/wp\/v2\/media?parent=11029"}],"curies":[{"name":"wp","href":"https:\/\/api.w.org\/{rel}","templated":true}]}}