{"id":11062,"date":"2022-06-01T19:36:28","date_gmt":"2022-06-01T19:36:28","guid":{"rendered":"https:\/\/www.inhoorn.nl\/?page_id=11062"},"modified":"2024-02-06T15:44:23","modified_gmt":"2024-02-06T14:44:23","slug":"uber-hoorn","status":"publish","type":"page","link":"https:\/\/www.inhoorn.nl\/de\/ueber-hoorn\/uber-hoorn\/","title":{"rendered":"\u00dcber Hoorn"},"content":{"rendered":"\n<h2 class=\"wp-block-heading\" id=\"h-eine-stadt-mit-charakter\">Eine Stadt mit Charakter<\/h2>\n\n\n\n<p>Hoorn ist eine gastfreundliche Stadt. Wir w\u00fcnschen Ihnen dazu ein herzliches Willkommen. Unsere Stadt bietet Ihnen eine angenehme Altstadt mit vielen Gesch\u00e4ften, gem\u00fctlichen Restaurants und einem attraktiven Hafen. Ob Sie ein sch\u00f6nes Antiquit\u00e4tengesch\u00e4ft, eine nationale Einzelhandelskette, einen \u00fcberraschenden Geschenkeladen oder einem Modegesch\u00e4ft suchen, in Hoorn finden Sie alles im kompakten Stadtzentrum. Magst du gutes Essen und Trinken? Hoorn bietet Ihnen eine Auswahl an Restaurants, von \u00fcberraschend nett bis zur Spitzenklasse. Und Hoorn hat nicht nur das ber\u00fchmte Caf\u00e9 am Hafen, von dem Vater Abraham sang, es gibt unz\u00e4hlige andere gem\u00fctliche Caf\u00e9s!<\/p>\n\n\n\n<h2 class=\"wp-block-heading\" id=\"h-was-bietet-hoorn\">Was bietet Hoorn?<\/h2>\n\n\n\n<p>Hoorn ist eine Stadt mit fast 70.000 Einwohnern und hat daher viel zu bieten. Das alte Zentrum der Stadt ist der Ort, wo jeder gerne hinkommt. Ob Sie in Hoorn wohnen oder als Gast kommen, die Altstadt zieht an! Es gibt eine sch\u00f6ne &#8218;Einkaufsrunde&#8216;, wo alle bekannten Gesch\u00e4fte, aber auch einzigartige Dinge zu finden sind. Und angrenzend an diese \u201eEinkaufsrunde\u201c finden Sie spezielle Gesch\u00e4fte mit zum Beispiel Geschenkartikeln, B\u00fcchern, Antiquit\u00e4ten und Kuriosit\u00e4ten, aber auch Museen und Galerien. Und nat\u00fcrlich landen Sie auch im Hafen, dem vielleicht sch\u00f6nsten Hafen am Markersee\u2026<\/p>\n\n\n\n<p>Das Stadtzentrum von Hoorn hat noch nie so sch\u00f6n ausgesehen! Alle Geb\u00e4ude wurden restauriert und viele erhielten eine neue Funktion. So wurden beispielsweise VOC-Lager zu Wohnungen umgebaut, K\u00e4selager wurden zu einem Museum oder Restaurant und im alten Boterhal finden Sie jetzt moderne Kunst. Sie gehen in Hoorn nicht durch eine historische Stadt, nein, Sie k\u00f6nnen die Geschichte des VOC, des WIC und der Walf\u00e4nger riechen und f\u00fchlen. Mit etwas Gl\u00fcck h\u00e4ngen die Fischer ihre Netze auf der Br\u00fccke zum Trocknen auf, im Hafen wird ein altes Schiff renoviert und ein Horinese erz\u00e4hlt Ihnen eine wunderbare Geschichte. Zum Beispiel \u00fcber die Abenteuer die jungen von Bontekoe. Oder der Kampf von Bossu, die einst direkt vor der K\u00fcste von Hoorn ausgetragen wurde.<\/p>\n\n\n\n<p>Hoorn hat eine reiche Geschichte. Kommen Sie nach Hoorn und entdecken Sie es.<\/p>\n","protected":false},"excerpt":{"rendered":"<p>Eine Stadt mit Charakter Hoorn ist eine gastfreundliche Stadt. Wir w\u00fcnschen Ihnen dazu ein herzliches Willkommen. Unsere Stadt bietet Ihnen eine angenehme Altstadt mit vielen Gesch\u00e4ften, gem\u00fctlichen Restaurants und einem attraktiven Hafen. Ob Sie ein sch\u00f6nes Antiquit\u00e4tengesch\u00e4ft, eine nationale Einzelhandelskette, einen \u00fcberraschenden Geschenkeladen oder einem Modegesch\u00e4ft suchen, in Hoorn finden Sie alles im kompakten Stadtzentrum. [&hellip;]<\/p>\n","protected":false},"author":2,"featured_media":0,"parent":9385,"menu_order":0,"comment_status":"closed","ping_status":"closed","template":"","meta":{"footnotes":""},"class_list":["post-11062","page","type-page","status-publish","hentry"],"yoast_head":"<!-- This site is optimized with the Yoast SEO plugin v27.4 - https:\/\/yoast.com\/product\/yoast-seo-wordpress\/ -->\n<title>\u00dcber Hoorn - In Hoorn<\/title>\n<meta name=\"robots\" content=\"index, follow, max-snippet:-1, max-image-preview:large, max-video-preview:-1\" \/>\n<link rel=\"canonical\" href=\"https:\/\/www.inhoorn.nl\/de\/ueber-hoorn\/uber-hoorn\/\" \/>\n<meta property=\"og:locale\" content=\"de_DE\" \/>\n<meta property=\"og:type\" content=\"article\" \/>\n<meta property=\"og:title\" content=\"\u00dcber Hoorn - In Hoorn\" \/>\n<meta property=\"og:description\" content=\"Eine Stadt mit Charakter Hoorn ist eine gastfreundliche Stadt. Wir w\u00fcnschen Ihnen dazu ein herzliches Willkommen. Unsere Stadt bietet Ihnen eine angenehme Altstadt mit vielen Gesch\u00e4ften, gem\u00fctlichen Restaurants und einem attraktiven Hafen. Ob Sie ein sch\u00f6nes Antiquit\u00e4tengesch\u00e4ft, eine nationale Einzelhandelskette, einen \u00fcberraschenden Geschenkeladen oder einem Modegesch\u00e4ft suchen, in Hoorn finden Sie alles im kompakten Stadtzentrum. [&hellip;]\" \/>\n<meta property=\"og:url\" content=\"https:\/\/www.inhoorn.nl\/de\/ueber-hoorn\/uber-hoorn\/\" \/>\n<meta property=\"og:site_name\" content=\"In Hoorn\" \/>\n<meta property=\"article:publisher\" content=\"https:\/\/www.facebook.com\/inhoorn.nl\" \/>\n<meta property=\"article:modified_time\" content=\"2024-02-06T14:44:23+00:00\" \/>\n<meta property=\"og:image\" content=\"https:\/\/www.inhoorn.nl\/wp-content\/uploads\/2022\/06\/logo_shadow.png\" \/>\n\t<meta property=\"og:image:width\" content=\"600\" \/>\n\t<meta property=\"og:image:height\" content=\"275\" \/>\n\t<meta property=\"og:image:type\" content=\"image\/png\" \/>\n<meta name=\"twitter:card\" content=\"summary_large_image\" \/>\n<meta name=\"twitter:label1\" content=\"Gesch\u00e4tzte Lesezeit\" \/>\n\t<meta name=\"twitter:data1\" content=\"2\u00a0Minuten\" \/>\n<script type=\"application\/ld+json\" class=\"yoast-schema-graph\">{\"@context\":\"https:\\\/\\\/schema.org\",\"@graph\":[{\"@type\":\"WebPage\",\"@id\":\"https:\\\/\\\/www.inhoorn.nl\\\/de\\\/ueber-hoorn\\\/uber-hoorn\\\/\",\"url\":\"https:\\\/\\\/www.inhoorn.nl\\\/de\\\/ueber-hoorn\\\/uber-hoorn\\\/\",\"name\":\"\u00dcber Hoorn - In Hoorn\",\"isPartOf\":{\"@id\":\"https:\\\/\\\/www.inhoorn.nl\\\/de\\\/#website\"},\"datePublished\":\"2022-06-01T19:36:28+00:00\",\"dateModified\":\"2024-02-06T14:44:23+00:00\",\"breadcrumb\":{\"@id\":\"https:\\\/\\\/www.inhoorn.nl\\\/de\\\/ueber-hoorn\\\/uber-hoorn\\\/#breadcrumb\"},\"inLanguage\":\"de\",\"potentialAction\":[{\"@type\":\"ReadAction\",\"target\":[\"https:\\\/\\\/www.inhoorn.nl\\\/de\\\/ueber-hoorn\\\/uber-hoorn\\\/\"]}]},{\"@type\":\"BreadcrumbList\",\"@id\":\"https:\\\/\\\/www.inhoorn.nl\\\/de\\\/ueber-hoorn\\\/uber-hoorn\\\/#breadcrumb\",\"itemListElement\":[{\"@type\":\"ListItem\",\"position\":1,\"name\":\"Home\",\"item\":\"https:\\\/\\\/www.inhoorn.nl\\\/de\\\/\"},{\"@type\":\"ListItem\",\"position\":2,\"name\":\"\u00dcber Hoorn\",\"item\":\"https:\\\/\\\/www.inhoorn.nl\\\/de\\\/over-hoorn\\\/\"},{\"@type\":\"ListItem\",\"position\":3,\"name\":\"\u00dcber Hoorn\"}]},{\"@type\":\"WebSite\",\"@id\":\"https:\\\/\\\/www.inhoorn.nl\\\/de\\\/#website\",\"url\":\"https:\\\/\\\/www.inhoorn.nl\\\/de\\\/\",\"name\":\"In Hoorn\",\"description\":\"D\u00e9 gids voor Hoorn\",\"publisher\":{\"@id\":\"https:\\\/\\\/www.inhoorn.nl\\\/de\\\/#organization\"},\"potentialAction\":[{\"@type\":\"SearchAction\",\"target\":{\"@type\":\"EntryPoint\",\"urlTemplate\":\"https:\\\/\\\/www.inhoorn.nl\\\/de\\\/?s={search_term_string}\"},\"query-input\":{\"@type\":\"PropertyValueSpecification\",\"valueRequired\":true,\"valueName\":\"search_term_string\"}}],\"inLanguage\":\"de\"},{\"@type\":\"Organization\",\"@id\":\"https:\\\/\\\/www.inhoorn.nl\\\/de\\\/#organization\",\"name\":\"InHoorn\",\"url\":\"https:\\\/\\\/www.inhoorn.nl\\\/de\\\/\",\"logo\":{\"@type\":\"ImageObject\",\"inLanguage\":\"de\",\"@id\":\"https:\\\/\\\/www.inhoorn.nl\\\/de\\\/#\\\/schema\\\/logo\\\/image\\\/\",\"url\":\"https:\\\/\\\/www.inhoorn.nl\\\/wp-content\\\/uploads\\\/2022\\\/06\\\/logo_shadow.png\",\"contentUrl\":\"https:\\\/\\\/www.inhoorn.nl\\\/wp-content\\\/uploads\\\/2022\\\/06\\\/logo_shadow.png\",\"width\":600,\"height\":275,\"caption\":\"InHoorn\"},\"image\":{\"@id\":\"https:\\\/\\\/www.inhoorn.nl\\\/de\\\/#\\\/schema\\\/logo\\\/image\\\/\"},\"sameAs\":[\"https:\\\/\\\/www.facebook.com\\\/inhoorn.nl\"]}]}<\/script>\n<!-- \/ Yoast SEO plugin. -->","yoast_head_json":{"title":"\u00dcber Hoorn - In Hoorn","robots":{"index":"index","follow":"follow","max-snippet":"max-snippet:-1","max-image-preview":"max-image-preview:large","max-video-preview":"max-video-preview:-1"},"canonical":"https:\/\/www.inhoorn.nl\/de\/ueber-hoorn\/uber-hoorn\/","og_locale":"de_DE","og_type":"article","og_title":"\u00dcber Hoorn - In Hoorn","og_description":"Eine Stadt mit Charakter Hoorn ist eine gastfreundliche Stadt. Wir w\u00fcnschen Ihnen dazu ein herzliches Willkommen. Unsere Stadt bietet Ihnen eine angenehme Altstadt mit vielen Gesch\u00e4ften, gem\u00fctlichen Restaurants und einem attraktiven Hafen. Ob Sie ein sch\u00f6nes Antiquit\u00e4tengesch\u00e4ft, eine nationale Einzelhandelskette, einen \u00fcberraschenden Geschenkeladen oder einem Modegesch\u00e4ft suchen, in Hoorn finden Sie alles im kompakten Stadtzentrum. [&hellip;]","og_url":"https:\/\/www.inhoorn.nl\/de\/ueber-hoorn\/uber-hoorn\/","og_site_name":"In Hoorn","article_publisher":"https:\/\/www.facebook.com\/inhoorn.nl","article_modified_time":"2024-02-06T14:44:23+00:00","og_image":[{"width":600,"height":275,"url":"https:\/\/www.inhoorn.nl\/wp-content\/uploads\/2022\/06\/logo_shadow.png","type":"image\/png"}],"twitter_card":"summary_large_image","twitter_misc":{"Gesch\u00e4tzte Lesezeit":"2\u00a0Minuten"},"schema":{"@context":"https:\/\/schema.org","@graph":[{"@type":"WebPage","@id":"https:\/\/www.inhoorn.nl\/de\/ueber-hoorn\/uber-hoorn\/","url":"https:\/\/www.inhoorn.nl\/de\/ueber-hoorn\/uber-hoorn\/","name":"\u00dcber Hoorn - In Hoorn","isPartOf":{"@id":"https:\/\/www.inhoorn.nl\/de\/#website"},"datePublished":"2022-06-01T19:36:28+00:00","dateModified":"2024-02-06T14:44:23+00:00","breadcrumb":{"@id":"https:\/\/www.inhoorn.nl\/de\/ueber-hoorn\/uber-hoorn\/#breadcrumb"},"inLanguage":"de","potentialAction":[{"@type":"ReadAction","target":["https:\/\/www.inhoorn.nl\/de\/ueber-hoorn\/uber-hoorn\/"]}]},{"@type":"BreadcrumbList","@id":"https:\/\/www.inhoorn.nl\/de\/ueber-hoorn\/uber-hoorn\/#breadcrumb","itemListElement":[{"@type":"ListItem","position":1,"name":"Home","item":"https:\/\/www.inhoorn.nl\/de\/"},{"@type":"ListItem","position":2,"name":"\u00dcber Hoorn","item":"https:\/\/www.inhoorn.nl\/de\/over-hoorn\/"},{"@type":"ListItem","position":3,"name":"\u00dcber Hoorn"}]},{"@type":"WebSite","@id":"https:\/\/www.inhoorn.nl\/de\/#website","url":"https:\/\/www.inhoorn.nl\/de\/","name":"In Hoorn","description":"D\u00e9 gids voor Hoorn","publisher":{"@id":"https:\/\/www.inhoorn.nl\/de\/#organization"},"potentialAction":[{"@type":"SearchAction","target":{"@type":"EntryPoint","urlTemplate":"https:\/\/www.inhoorn.nl\/de\/?s={search_term_string}"},"query-input":{"@type":"PropertyValueSpecification","valueRequired":true,"valueName":"search_term_string"}}],"inLanguage":"de"},{"@type":"Organization","@id":"https:\/\/www.inhoorn.nl\/de\/#organization","name":"InHoorn","url":"https:\/\/www.inhoorn.nl\/de\/","logo":{"@type":"ImageObject","inLanguage":"de","@id":"https:\/\/www.inhoorn.nl\/de\/#\/schema\/logo\/image\/","url":"https:\/\/www.inhoorn.nl\/wp-content\/uploads\/2022\/06\/logo_shadow.png","contentUrl":"https:\/\/www.inhoorn.nl\/wp-content\/uploads\/2022\/06\/logo_shadow.png","width":600,"height":275,"caption":"InHoorn"},"image":{"@id":"https:\/\/www.inhoorn.nl\/de\/#\/schema\/logo\/image\/"},"sameAs":["https:\/\/www.facebook.com\/inhoorn.nl"]}]}},"_links":{"self":[{"href":"https:\/\/www.inhoorn.nl\/de\/wp-json\/wp\/v2\/pages\/11062","targetHints":{"allow":["GET"]}}],"collection":[{"href":"https:\/\/www.inhoorn.nl\/de\/wp-json\/wp\/v2\/pages"}],"about":[{"href":"https:\/\/www.inhoorn.nl\/de\/wp-json\/wp\/v2\/types\/page"}],"author":[{"embeddable":true,"href":"https:\/\/www.inhoorn.nl\/de\/wp-json\/wp\/v2\/users\/2"}],"replies":[{"embeddable":true,"href":"https:\/\/www.inhoorn.nl\/de\/wp-json\/wp\/v2\/comments?post=11062"}],"version-history":[{"count":9,"href":"https:\/\/www.inhoorn.nl\/de\/wp-json\/wp\/v2\/pages\/11062\/revisions"}],"predecessor-version":[{"id":22921,"href":"https:\/\/www.inhoorn.nl\/de\/wp-json\/wp\/v2\/pages\/11062\/revisions\/22921"}],"up":[{"embeddable":true,"href":"https:\/\/www.inhoorn.nl\/de\/wp-json\/wp\/v2\/pages\/9385"}],"wp:attachment":[{"href":"https:\/\/www.inhoorn.nl\/de\/wp-json\/wp\/v2\/media?parent=11062"}],"curies":[{"name":"wp","href":"https:\/\/api.w.org\/{rel}","templated":true}]}}