{"id":11088,"date":"2022-06-02T13:31:56","date_gmt":"2022-06-02T13:31:56","guid":{"rendered":"https:\/\/www.inhoorn.nl\/?page_id=11088"},"modified":"2022-07-11T16:12:31","modified_gmt":"2022-07-11T14:12:31","slug":"geschichte","status":"publish","type":"page","link":"https:\/\/www.inhoorn.nl\/de\/ueber-hoorn\/uber-hoorn\/geschichte\/","title":{"rendered":"Geschichte"},"content":{"rendered":"\n<p class=\"has-black-color has-text-color\" id=\"tw-target-text\" style=\"font-size:14px\">Die \u00e4lteste Geschichte der Stadt Hoorn (Horn = Deichecke) wurde vom Stadtarzt Dirk Seijlmaker, besser bekannt unter seinem lateinischen Namen Velius, aufgezeichnet. In seiner Chronik von Hoorn gibt er ein gutes Bild vom Leben im 17. Jahrhundert und bietet auch eine der Theorien \u00fcber die Entstehung von Hoorn an. Der \u00dcberlieferung nach wurde die Stadt von drei Bierbrauerbr\u00fcdern aus Hamburg gegr\u00fcndet.<\/p>\n\n\n\n<h2 class=\"has-text-color wp-block-heading\" id=\"h-velius\" style=\"color:#666666;font-size:18px\">Velius<\/h2>\n\n\n\n<p class=\"has-black-color has-text-color\" style=\"font-size:14px\">Velius hie\u00df eigentlich Dirk Seijlmaeker. Er lebte im 17. Jahrhundert und damals war es \u00fcblich, nach dem Studium einen lateinischen Namen anzunehmen. Velius war ein gelehrter Mann: Er hatte Medizin studiert und war Stadtarzt von Hoorn. Als Hobby zeichnete er auch die Geschichte von Hoorn auf. Velius zeichnete nicht nur auf, was zu seiner Zeit geschah, sondern versuchte auch herauszufinden, wie und wann Hoorn entstanden war. Velius erz\u00e4hlte, dass im 13. Jahrhundert D\u00e4nen, Bremer und Hamburger ihre Waren am Roode Steen abluden. Sie verkauften ihre Waren an H\u00e4ndler auf dem Land oder tauschten sie gegen andere Waren ein. Drei Br\u00fcder aus Hamburg beschlossen, vor Ort Lagerhallen zu bauen, um ihre Waren zu lagern. So wurden die ersten drei H\u00e4user am Roode Steen gebaut. Bald entstand ein Weiler, der nach seiner Lage in einer Ecke oder Kr\u00fcmmung des damaligen Deichs einfach als \u201eEcke\u201c oder in seinem mittelalterlichen \u201eHorn\u201c bezeichnet wurde. Seine Statue (1981) befindet sich auf dem Nieuwland.<\/p>\n\n\n\n<p class=\"has-black-color has-text-color\" style=\"font-size:14px\">Wer die Entstehungsgeschichte von Hoorn entdecken will, sucht eigentlich nach den fehlenden Teilen eines komplizierten Puzzles. Denn niemand kann best\u00e4tigen, dass der Historiker Velius Recht hatte, als er schrieb, dass die ersten H\u00e4user der Stadt in der N\u00e4he des Roode Steen gebaut wurden. Die Beweise sind im Boden versteckt. Arch\u00e4ologische Forschungen k\u00f6nnen Klarheit schaffen, finden aber nur sp\u00e4rlich statt. Wie nach dem Brand im Winston-Kino und nach dem Abriss der Feuerwache auf der Kleine Oost, beide im Jahr 2000. Es ist klar, dass Hoorn vor mehr als 700 Jahren (ca. 1300) als winzige Siedlung au\u00dferhalb der Deiche entstanden ist die M\u00fcndung eines Flusses, der in den Hoornsche Hop m\u00fcndete und sp\u00e4ter Gouw genannt wurde. Die Menschen bauten einen Deich zum Schutz vor \u00dcberschwemmungen. Zu den kleinen Siedlungen d\u00e4nischer und norddeutscher Kaufleute au\u00dferhalb der Deiche gesellten sich H\u00f6fe innerhalb der Deiche. 1341 wurde Nieuwendam als Be- und Entladeplatz gebaut; Bandentwicklung wurde entlang des Nordens und des Ostens gebaut.<\/p>\n\n\n\n<p class=\"has-text-color\" style=\"color:#666666;font-size:18px\"><strong>Bier<\/strong><\/p>\n\n\n\n<p class=\"has-black-color has-text-color\" style=\"font-size:14px\">Laut dem Hoorner Historiker Theodorus Velius muss Hoorn hier entstanden sein wenn in 1316 drei Br\u00fcder aus Hamburg dort ein Wirtshaus und drei H\u00e4user bauten. Arch\u00e4ologische Untersuchungen haben nun gezeigt, dass die ersten Geb\u00e4ude in Hoorn \u00e4lteren Datums sein m\u00fcssen.<\/p>\n\n\n\n<p class=\"has-black-color has-text-color\" style=\"font-size:14px\">Dennoch kann der Roode Steen als zentraler Punkt angesehen werden, von dem aus sich die Stadt entwickelt hat. Bauern aus der Umgebung brachten ihre landwirtschaftlichen Produkte auf den Markt, Kaufleute handelten und Regierungsgeb\u00e4ude wie das Rathaus (1420), die Waag (1609) und das Statencollege (1632) wurden gebaut. Aufgrund des best\u00e4ndigen Handels mit Milchprodukten (zweimal w\u00f6chentlich fand ein Markt statt) erhielt der Platz den Namen Kaasmarkt. Am Waterschapshuis, Grote Oost 6, befindet sich noch ein Giebelstein, der zwei K\u00e4setr\u00e4ger darstellt. Offiziell hat der Roode Steen seit 1888 zwei Namen: sowohl Roode Steen als auch Kaasmarkt. Im Jahre 1357 erhielt (oder besser: kaufte) Hoorn Stadtrechte. Graf Wilhelm V. (1354-1358) ben\u00f6tigte im Konflikt mit seiner Mutter Kaiserin Margaretha dringend Geld, um seine M\u00e4nner zu bezahlen. Gegen Zahlung von 1.550 Schilden, einer M\u00fcnze im Wert von anderthalb Gulden, erhielt Hoorn das begehrte Torrecht. Viele alte Geb\u00e4ude zeigen, dass die Stadt eine wichtige Funktion f\u00fcr die Region hatte: die Waag, das Rathaus, das Proostenhuis und das Stynhuis (heute Westfriesmuseum). <\/p>\n\n\n\n<p class=\"has-black-color has-text-color\" style=\"font-size:14px\">Fischerei, Handel und Schifffahrt waren die Haupterwerbszweige der Einwohner von Hoorn. Zu dieser Zeit bestand die Bev\u00f6lkerung von Hoorn haupts\u00e4chlich aus Bauern, Schiffern und Geistlichen. Als Hoorn gr\u00f6\u00dfer wurde, verschwanden die Bauern allm\u00e4hlich aus dem Stadtbild. Die Kl\u00f6ster mit ihren gro\u00dfen G\u00e4rten nahmen nicht weniger als ein Viertel der Stadtfl\u00e4che ein. Die Skipper waren haupts\u00e4chlich im \u00dcberseehandel und im Heringsfang t\u00e4tig. Hering war das Hauptnahrungsmittel der Menschen. Das gestrickte Heringsnetz war eine Erfindung aus Hoorn, die es erm\u00f6glichte, gro\u00dfe Mengen Hering zu fangen. Handel und Fischerei f\u00fchrten auch zu einigen Industrien, insbesondere im Bereich der Holzverarbeitung und des Schiffbaus, wie Ankerschmieden, Seil- und Segelmacher.<\/p>\n\n\n\n<p class=\"has-black-color has-text-color\" style=\"font-size:14px\">Immer mehr Handwerker, H\u00e4ndler und Fischer siedeln sich in der Stadt an. Auch die Z\u00fcnfte in Hoorn florieren. In der Oosterkerk sind eine Reihe von Z\u00fcnften in Glasmalereien dargestellt. Hoorn entwickelt sich zu einem bedeutenden Marktplatz. Landwirtschaftliche Produkte aus der reichen westfriesischen Landschaft werden in Hoorn zum Weiterverkauf oder Export gehandelt. Der Roode Steen wird immer noch im Volksmund K\u00e4semarkt genannt. W\u00e4hrend Jahrm\u00e4rkten fuhren tausend Karren den K\u00e4se hin und her. Ab dem f\u00fcnfzehnten Jahrhundert wurde immer mehr in Stein gebaut. Dies galt sicherlich f\u00fcr wichtige Geb\u00e4ude wie das Rathaus, das auf dem 1420 erweiterten Markt am Roode Steen seinen Platz erhielt.<\/p>\n","protected":false},"excerpt":{"rendered":"<p>Die \u00e4lteste Geschichte der Stadt Hoorn (Horn = Deichecke) wurde vom Stadtarzt Dirk Seijlmaker, besser bekannt unter seinem lateinischen Namen Velius, aufgezeichnet. In seiner Chronik von Hoorn gibt er ein gutes Bild vom Leben im 17. Jahrhundert und bietet auch eine der Theorien \u00fcber die Entstehung von Hoorn an. Der \u00dcberlieferung nach wurde die Stadt [&hellip;]<\/p>\n","protected":false},"author":2,"featured_media":0,"parent":11062,"menu_order":0,"comment_status":"closed","ping_status":"closed","template":"","meta":{"footnotes":""},"class_list":["post-11088","page","type-page","status-publish","hentry"],"yoast_head":"<!-- This site is optimized with the Yoast SEO plugin v27.4 - https:\/\/yoast.com\/product\/yoast-seo-wordpress\/ -->\n<title>Geschichte - In Hoorn<\/title>\n<meta name=\"robots\" content=\"index, follow, max-snippet:-1, max-image-preview:large, max-video-preview:-1\" \/>\n<link rel=\"canonical\" href=\"https:\/\/www.inhoorn.nl\/de\/ueber-hoorn\/uber-hoorn\/geschichte\/\" \/>\n<meta property=\"og:locale\" content=\"de_DE\" \/>\n<meta property=\"og:type\" content=\"article\" \/>\n<meta property=\"og:title\" content=\"Geschichte - In Hoorn\" \/>\n<meta property=\"og:description\" content=\"Die \u00e4lteste Geschichte der Stadt Hoorn (Horn = Deichecke) wurde vom Stadtarzt Dirk Seijlmaker, besser bekannt unter seinem lateinischen Namen Velius, aufgezeichnet. In seiner Chronik von Hoorn gibt er ein gutes Bild vom Leben im 17. Jahrhundert und bietet auch eine der Theorien \u00fcber die Entstehung von Hoorn an. Der \u00dcberlieferung nach wurde die Stadt [&hellip;]\" \/>\n<meta property=\"og:url\" content=\"https:\/\/www.inhoorn.nl\/de\/ueber-hoorn\/uber-hoorn\/geschichte\/\" \/>\n<meta property=\"og:site_name\" content=\"In Hoorn\" \/>\n<meta property=\"article:publisher\" content=\"https:\/\/www.facebook.com\/inhoorn.nl\" \/>\n<meta property=\"article:modified_time\" content=\"2022-07-11T14:12:31+00:00\" \/>\n<meta property=\"og:image\" content=\"https:\/\/www.inhoorn.nl\/wp-content\/uploads\/2022\/06\/logo_shadow.png\" \/>\n\t<meta property=\"og:image:width\" content=\"600\" \/>\n\t<meta property=\"og:image:height\" content=\"275\" \/>\n\t<meta property=\"og:image:type\" content=\"image\/png\" \/>\n<meta name=\"twitter:card\" content=\"summary_large_image\" \/>\n<meta name=\"twitter:label1\" content=\"Gesch\u00e4tzte Lesezeit\" \/>\n\t<meta name=\"twitter:data1\" content=\"4\u00a0Minuten\" \/>\n<script type=\"application\/ld+json\" class=\"yoast-schema-graph\">{\"@context\":\"https:\\\/\\\/schema.org\",\"@graph\":[{\"@type\":\"WebPage\",\"@id\":\"https:\\\/\\\/www.inhoorn.nl\\\/de\\\/ueber-hoorn\\\/uber-hoorn\\\/geschichte\\\/\",\"url\":\"https:\\\/\\\/www.inhoorn.nl\\\/de\\\/ueber-hoorn\\\/uber-hoorn\\\/geschichte\\\/\",\"name\":\"Geschichte - In Hoorn\",\"isPartOf\":{\"@id\":\"https:\\\/\\\/www.inhoorn.nl\\\/de\\\/#website\"},\"datePublished\":\"2022-06-02T13:31:56+00:00\",\"dateModified\":\"2022-07-11T14:12:31+00:00\",\"breadcrumb\":{\"@id\":\"https:\\\/\\\/www.inhoorn.nl\\\/de\\\/ueber-hoorn\\\/uber-hoorn\\\/geschichte\\\/#breadcrumb\"},\"inLanguage\":\"de\",\"potentialAction\":[{\"@type\":\"ReadAction\",\"target\":[\"https:\\\/\\\/www.inhoorn.nl\\\/de\\\/ueber-hoorn\\\/uber-hoorn\\\/geschichte\\\/\"]}]},{\"@type\":\"BreadcrumbList\",\"@id\":\"https:\\\/\\\/www.inhoorn.nl\\\/de\\\/ueber-hoorn\\\/uber-hoorn\\\/geschichte\\\/#breadcrumb\",\"itemListElement\":[{\"@type\":\"ListItem\",\"position\":1,\"name\":\"Home\",\"item\":\"https:\\\/\\\/www.inhoorn.nl\\\/de\\\/\"},{\"@type\":\"ListItem\",\"position\":2,\"name\":\"\u00dcber Hoorn\",\"item\":\"https:\\\/\\\/www.inhoorn.nl\\\/de\\\/over-hoorn\\\/\"},{\"@type\":\"ListItem\",\"position\":3,\"name\":\"\u00dcber Hoorn\",\"item\":\"https:\\\/\\\/www.inhoorn.nl\\\/de\\\/ueber-hoorn\\\/uber-hoorn\\\/\"},{\"@type\":\"ListItem\",\"position\":4,\"name\":\"Geschichte\"}]},{\"@type\":\"WebSite\",\"@id\":\"https:\\\/\\\/www.inhoorn.nl\\\/de\\\/#website\",\"url\":\"https:\\\/\\\/www.inhoorn.nl\\\/de\\\/\",\"name\":\"In Hoorn\",\"description\":\"D\u00e9 gids voor Hoorn\",\"publisher\":{\"@id\":\"https:\\\/\\\/www.inhoorn.nl\\\/de\\\/#organization\"},\"potentialAction\":[{\"@type\":\"SearchAction\",\"target\":{\"@type\":\"EntryPoint\",\"urlTemplate\":\"https:\\\/\\\/www.inhoorn.nl\\\/de\\\/?s={search_term_string}\"},\"query-input\":{\"@type\":\"PropertyValueSpecification\",\"valueRequired\":true,\"valueName\":\"search_term_string\"}}],\"inLanguage\":\"de\"},{\"@type\":\"Organization\",\"@id\":\"https:\\\/\\\/www.inhoorn.nl\\\/de\\\/#organization\",\"name\":\"InHoorn\",\"url\":\"https:\\\/\\\/www.inhoorn.nl\\\/de\\\/\",\"logo\":{\"@type\":\"ImageObject\",\"inLanguage\":\"de\",\"@id\":\"https:\\\/\\\/www.inhoorn.nl\\\/de\\\/#\\\/schema\\\/logo\\\/image\\\/\",\"url\":\"https:\\\/\\\/www.inhoorn.nl\\\/wp-content\\\/uploads\\\/2022\\\/06\\\/logo_shadow.png\",\"contentUrl\":\"https:\\\/\\\/www.inhoorn.nl\\\/wp-content\\\/uploads\\\/2022\\\/06\\\/logo_shadow.png\",\"width\":600,\"height\":275,\"caption\":\"InHoorn\"},\"image\":{\"@id\":\"https:\\\/\\\/www.inhoorn.nl\\\/de\\\/#\\\/schema\\\/logo\\\/image\\\/\"},\"sameAs\":[\"https:\\\/\\\/www.facebook.com\\\/inhoorn.nl\"]}]}<\/script>\n<!-- \/ Yoast SEO plugin. -->","yoast_head_json":{"title":"Geschichte - In Hoorn","robots":{"index":"index","follow":"follow","max-snippet":"max-snippet:-1","max-image-preview":"max-image-preview:large","max-video-preview":"max-video-preview:-1"},"canonical":"https:\/\/www.inhoorn.nl\/de\/ueber-hoorn\/uber-hoorn\/geschichte\/","og_locale":"de_DE","og_type":"article","og_title":"Geschichte - In Hoorn","og_description":"Die \u00e4lteste Geschichte der Stadt Hoorn (Horn = Deichecke) wurde vom Stadtarzt Dirk Seijlmaker, besser bekannt unter seinem lateinischen Namen Velius, aufgezeichnet. In seiner Chronik von Hoorn gibt er ein gutes Bild vom Leben im 17. Jahrhundert und bietet auch eine der Theorien \u00fcber die Entstehung von Hoorn an. Der \u00dcberlieferung nach wurde die Stadt [&hellip;]","og_url":"https:\/\/www.inhoorn.nl\/de\/ueber-hoorn\/uber-hoorn\/geschichte\/","og_site_name":"In Hoorn","article_publisher":"https:\/\/www.facebook.com\/inhoorn.nl","article_modified_time":"2022-07-11T14:12:31+00:00","og_image":[{"width":600,"height":275,"url":"https:\/\/www.inhoorn.nl\/wp-content\/uploads\/2022\/06\/logo_shadow.png","type":"image\/png"}],"twitter_card":"summary_large_image","twitter_misc":{"Gesch\u00e4tzte Lesezeit":"4\u00a0Minuten"},"schema":{"@context":"https:\/\/schema.org","@graph":[{"@type":"WebPage","@id":"https:\/\/www.inhoorn.nl\/de\/ueber-hoorn\/uber-hoorn\/geschichte\/","url":"https:\/\/www.inhoorn.nl\/de\/ueber-hoorn\/uber-hoorn\/geschichte\/","name":"Geschichte - In Hoorn","isPartOf":{"@id":"https:\/\/www.inhoorn.nl\/de\/#website"},"datePublished":"2022-06-02T13:31:56+00:00","dateModified":"2022-07-11T14:12:31+00:00","breadcrumb":{"@id":"https:\/\/www.inhoorn.nl\/de\/ueber-hoorn\/uber-hoorn\/geschichte\/#breadcrumb"},"inLanguage":"de","potentialAction":[{"@type":"ReadAction","target":["https:\/\/www.inhoorn.nl\/de\/ueber-hoorn\/uber-hoorn\/geschichte\/"]}]},{"@type":"BreadcrumbList","@id":"https:\/\/www.inhoorn.nl\/de\/ueber-hoorn\/uber-hoorn\/geschichte\/#breadcrumb","itemListElement":[{"@type":"ListItem","position":1,"name":"Home","item":"https:\/\/www.inhoorn.nl\/de\/"},{"@type":"ListItem","position":2,"name":"\u00dcber Hoorn","item":"https:\/\/www.inhoorn.nl\/de\/over-hoorn\/"},{"@type":"ListItem","position":3,"name":"\u00dcber Hoorn","item":"https:\/\/www.inhoorn.nl\/de\/ueber-hoorn\/uber-hoorn\/"},{"@type":"ListItem","position":4,"name":"Geschichte"}]},{"@type":"WebSite","@id":"https:\/\/www.inhoorn.nl\/de\/#website","url":"https:\/\/www.inhoorn.nl\/de\/","name":"In Hoorn","description":"D\u00e9 gids voor Hoorn","publisher":{"@id":"https:\/\/www.inhoorn.nl\/de\/#organization"},"potentialAction":[{"@type":"SearchAction","target":{"@type":"EntryPoint","urlTemplate":"https:\/\/www.inhoorn.nl\/de\/?s={search_term_string}"},"query-input":{"@type":"PropertyValueSpecification","valueRequired":true,"valueName":"search_term_string"}}],"inLanguage":"de"},{"@type":"Organization","@id":"https:\/\/www.inhoorn.nl\/de\/#organization","name":"InHoorn","url":"https:\/\/www.inhoorn.nl\/de\/","logo":{"@type":"ImageObject","inLanguage":"de","@id":"https:\/\/www.inhoorn.nl\/de\/#\/schema\/logo\/image\/","url":"https:\/\/www.inhoorn.nl\/wp-content\/uploads\/2022\/06\/logo_shadow.png","contentUrl":"https:\/\/www.inhoorn.nl\/wp-content\/uploads\/2022\/06\/logo_shadow.png","width":600,"height":275,"caption":"InHoorn"},"image":{"@id":"https:\/\/www.inhoorn.nl\/de\/#\/schema\/logo\/image\/"},"sameAs":["https:\/\/www.facebook.com\/inhoorn.nl"]}]}},"_links":{"self":[{"href":"https:\/\/www.inhoorn.nl\/de\/wp-json\/wp\/v2\/pages\/11088","targetHints":{"allow":["GET"]}}],"collection":[{"href":"https:\/\/www.inhoorn.nl\/de\/wp-json\/wp\/v2\/pages"}],"about":[{"href":"https:\/\/www.inhoorn.nl\/de\/wp-json\/wp\/v2\/types\/page"}],"author":[{"embeddable":true,"href":"https:\/\/www.inhoorn.nl\/de\/wp-json\/wp\/v2\/users\/2"}],"replies":[{"embeddable":true,"href":"https:\/\/www.inhoorn.nl\/de\/wp-json\/wp\/v2\/comments?post=11088"}],"version-history":[{"count":6,"href":"https:\/\/www.inhoorn.nl\/de\/wp-json\/wp\/v2\/pages\/11088\/revisions"}],"predecessor-version":[{"id":12225,"href":"https:\/\/www.inhoorn.nl\/de\/wp-json\/wp\/v2\/pages\/11088\/revisions\/12225"}],"up":[{"embeddable":true,"href":"https:\/\/www.inhoorn.nl\/de\/wp-json\/wp\/v2\/pages\/11062"}],"wp:attachment":[{"href":"https:\/\/www.inhoorn.nl\/de\/wp-json\/wp\/v2\/media?parent=11088"}],"curies":[{"name":"wp","href":"https:\/\/api.w.org\/{rel}","templated":true}]}}