{"id":11273,"date":"2020-11-20T15:32:27","date_gmt":"2020-11-20T15:32:27","guid":{"rendered":"https:\/\/www.inhoorn.nl\/zakelijke-bijeenkomsten\/"},"modified":"2022-07-14T15:20:58","modified_gmt":"2022-07-14T13:20:58","slug":"geschaftstreffen","status":"publish","type":"page","link":"https:\/\/www.inhoorn.nl\/de\/ueber-hoorn\/geschaftsbesuch\/geschaftstreffen\/","title":{"rendered":"Gesch\u00e4ftstreffen"},"content":{"rendered":"\n<h2 class=\"wp-block-heading\" id=\"h-vom-meeting-bis-zum-jubilaum\">Vom Meeting bis zum Jubil\u00e4um<\/h2>\n\n\n\n<p>Suchen Sie eine Location f\u00fcr eine Konferenz, ein Event oder ein Meeting? Es gibt mehrere Unternehmen in Hoorn, die Ihnen behilflich sein k\u00f6nnen. Orte, an denen Sie sich wie zu Hause f\u00fchlen und die Ihr Gast nicht so schnell vergessen wird. Auf dieser Seite finden Sie eine Reihe von Unternehmen, in denen Sie Ihre Gesch\u00e4ftstreffen organisieren k\u00f6nnen. Mit ihrer Hilfe wird die Organisation Ihrer Veranstaltung sicherlich ein Erfolg.<\/p>\n","protected":false},"excerpt":{"rendered":"<p>Vom Meeting bis zum Jubil\u00e4um Suchen Sie eine Location f\u00fcr eine Konferenz, ein Event oder ein Meeting? Es gibt mehrere Unternehmen in Hoorn, die Ihnen behilflich sein k\u00f6nnen. Orte, an denen Sie sich wie zu Hause f\u00fchlen und die Ihr Gast nicht so schnell vergessen wird. Auf dieser Seite finden Sie eine Reihe von Unternehmen, [&hellip;]<\/p>\n","protected":false},"author":1,"featured_media":0,"parent":11281,"menu_order":1,"comment_status":"closed","ping_status":"closed","template":"templates\/page-bedrijvengids.php","meta":{"footnotes":""},"class_list":["post-11273","page","type-page","status-publish","hentry"],"yoast_head":"<!-- This site is optimized with the Yoast SEO plugin v27.5 - https:\/\/yoast.com\/product\/yoast-seo-wordpress\/ -->\n<title>Gesch\u00e4ftstreffen - In Hoorn<\/title>\n<meta name=\"robots\" content=\"index, follow, max-snippet:-1, max-image-preview:large, max-video-preview:-1\" \/>\n<link rel=\"canonical\" href=\"https:\/\/www.inhoorn.nl\/de\/ueber-hoorn\/geschaftsbesuch\/geschaftstreffen\/\" \/>\n<meta property=\"og:locale\" content=\"de_DE\" \/>\n<meta property=\"og:type\" content=\"article\" \/>\n<meta property=\"og:title\" content=\"Gesch\u00e4ftstreffen - In Hoorn\" \/>\n<meta property=\"og:description\" content=\"Vom Meeting bis zum Jubil\u00e4um Suchen Sie eine Location f\u00fcr eine Konferenz, ein Event oder ein Meeting? Es gibt mehrere Unternehmen in Hoorn, die Ihnen behilflich sein k\u00f6nnen. Orte, an denen Sie sich wie zu Hause f\u00fchlen und die Ihr Gast nicht so schnell vergessen wird. Auf dieser Seite finden Sie eine Reihe von Unternehmen, [&hellip;]\" \/>\n<meta property=\"og:url\" content=\"https:\/\/www.inhoorn.nl\/de\/ueber-hoorn\/geschaftsbesuch\/geschaftstreffen\/\" \/>\n<meta property=\"og:site_name\" content=\"In Hoorn\" \/>\n<meta property=\"article:publisher\" content=\"https:\/\/www.facebook.com\/inhoorn.nl\" \/>\n<meta property=\"article:modified_time\" content=\"2022-07-14T13:20:58+00:00\" \/>\n<meta property=\"og:image\" content=\"https:\/\/www.inhoorn.nl\/wp-content\/uploads\/2022\/06\/logo_shadow.png\" \/>\n\t<meta property=\"og:image:width\" content=\"600\" \/>\n\t<meta property=\"og:image:height\" content=\"275\" \/>\n\t<meta property=\"og:image:type\" content=\"image\/png\" \/>\n<meta name=\"twitter:card\" content=\"summary_large_image\" \/>\n<meta name=\"twitter:label1\" content=\"Gesch\u00e4tzte Lesezeit\" \/>\n\t<meta name=\"twitter:data1\" content=\"1\u00a0Minute\" \/>\n<script type=\"application\/ld+json\" class=\"yoast-schema-graph\">{\"@context\":\"https:\\\/\\\/schema.org\",\"@graph\":[{\"@type\":\"WebPage\",\"@id\":\"https:\\\/\\\/www.inhoorn.nl\\\/de\\\/ueber-hoorn\\\/geschaftsbesuch\\\/geschaftstreffen\\\/\",\"url\":\"https:\\\/\\\/www.inhoorn.nl\\\/de\\\/ueber-hoorn\\\/geschaftsbesuch\\\/geschaftstreffen\\\/\",\"name\":\"Gesch\u00e4ftstreffen - In Hoorn\",\"isPartOf\":{\"@id\":\"https:\\\/\\\/www.inhoorn.nl\\\/de\\\/#website\"},\"datePublished\":\"2020-11-20T15:32:27+00:00\",\"dateModified\":\"2022-07-14T13:20:58+00:00\",\"breadcrumb\":{\"@id\":\"https:\\\/\\\/www.inhoorn.nl\\\/de\\\/ueber-hoorn\\\/geschaftsbesuch\\\/geschaftstreffen\\\/#breadcrumb\"},\"inLanguage\":\"de\",\"potentialAction\":[{\"@type\":\"ReadAction\",\"target\":[\"https:\\\/\\\/www.inhoorn.nl\\\/de\\\/ueber-hoorn\\\/geschaftsbesuch\\\/geschaftstreffen\\\/\"]}]},{\"@type\":\"BreadcrumbList\",\"@id\":\"https:\\\/\\\/www.inhoorn.nl\\\/de\\\/ueber-hoorn\\\/geschaftsbesuch\\\/geschaftstreffen\\\/#breadcrumb\",\"itemListElement\":[{\"@type\":\"ListItem\",\"position\":1,\"name\":\"Home\",\"item\":\"https:\\\/\\\/www.inhoorn.nl\\\/de\\\/\"},{\"@type\":\"ListItem\",\"position\":2,\"name\":\"\u00dcber Hoorn\",\"item\":\"https:\\\/\\\/www.inhoorn.nl\\\/de\\\/over-hoorn\\\/\"},{\"@type\":\"ListItem\",\"position\":3,\"name\":\"Gesch\u00e4ftsbesuch\",\"item\":\"https:\\\/\\\/www.inhoorn.nl\\\/de\\\/over-hoorn\\\/zakelijk-bezoek\\\/\"},{\"@type\":\"ListItem\",\"position\":4,\"name\":\"Gesch\u00e4ftstreffen\"}]},{\"@type\":\"WebSite\",\"@id\":\"https:\\\/\\\/www.inhoorn.nl\\\/de\\\/#website\",\"url\":\"https:\\\/\\\/www.inhoorn.nl\\\/de\\\/\",\"name\":\"In Hoorn\",\"description\":\"D\u00e9 gids voor Hoorn\",\"publisher\":{\"@id\":\"https:\\\/\\\/www.inhoorn.nl\\\/de\\\/#organization\"},\"potentialAction\":[{\"@type\":\"SearchAction\",\"target\":{\"@type\":\"EntryPoint\",\"urlTemplate\":\"https:\\\/\\\/www.inhoorn.nl\\\/de\\\/?s={search_term_string}\"},\"query-input\":{\"@type\":\"PropertyValueSpecification\",\"valueRequired\":true,\"valueName\":\"search_term_string\"}}],\"inLanguage\":\"de\"},{\"@type\":\"Organization\",\"@id\":\"https:\\\/\\\/www.inhoorn.nl\\\/de\\\/#organization\",\"name\":\"InHoorn\",\"url\":\"https:\\\/\\\/www.inhoorn.nl\\\/de\\\/\",\"logo\":{\"@type\":\"ImageObject\",\"inLanguage\":\"de\",\"@id\":\"https:\\\/\\\/www.inhoorn.nl\\\/de\\\/#\\\/schema\\\/logo\\\/image\\\/\",\"url\":\"https:\\\/\\\/www.inhoorn.nl\\\/wp-content\\\/uploads\\\/2022\\\/06\\\/logo_shadow.png\",\"contentUrl\":\"https:\\\/\\\/www.inhoorn.nl\\\/wp-content\\\/uploads\\\/2022\\\/06\\\/logo_shadow.png\",\"width\":600,\"height\":275,\"caption\":\"InHoorn\"},\"image\":{\"@id\":\"https:\\\/\\\/www.inhoorn.nl\\\/de\\\/#\\\/schema\\\/logo\\\/image\\\/\"},\"sameAs\":[\"https:\\\/\\\/www.facebook.com\\\/inhoorn.nl\"]}]}<\/script>\n<!-- \/ Yoast SEO plugin. -->","yoast_head_json":{"title":"Gesch\u00e4ftstreffen - In Hoorn","robots":{"index":"index","follow":"follow","max-snippet":"max-snippet:-1","max-image-preview":"max-image-preview:large","max-video-preview":"max-video-preview:-1"},"canonical":"https:\/\/www.inhoorn.nl\/de\/ueber-hoorn\/geschaftsbesuch\/geschaftstreffen\/","og_locale":"de_DE","og_type":"article","og_title":"Gesch\u00e4ftstreffen - In Hoorn","og_description":"Vom Meeting bis zum Jubil\u00e4um Suchen Sie eine Location f\u00fcr eine Konferenz, ein Event oder ein Meeting? Es gibt mehrere Unternehmen in Hoorn, die Ihnen behilflich sein k\u00f6nnen. Orte, an denen Sie sich wie zu Hause f\u00fchlen und die Ihr Gast nicht so schnell vergessen wird. Auf dieser Seite finden Sie eine Reihe von Unternehmen, [&hellip;]","og_url":"https:\/\/www.inhoorn.nl\/de\/ueber-hoorn\/geschaftsbesuch\/geschaftstreffen\/","og_site_name":"In Hoorn","article_publisher":"https:\/\/www.facebook.com\/inhoorn.nl","article_modified_time":"2022-07-14T13:20:58+00:00","og_image":[{"width":600,"height":275,"url":"https:\/\/www.inhoorn.nl\/wp-content\/uploads\/2022\/06\/logo_shadow.png","type":"image\/png"}],"twitter_card":"summary_large_image","twitter_misc":{"Gesch\u00e4tzte Lesezeit":"1\u00a0Minute"},"schema":{"@context":"https:\/\/schema.org","@graph":[{"@type":"WebPage","@id":"https:\/\/www.inhoorn.nl\/de\/ueber-hoorn\/geschaftsbesuch\/geschaftstreffen\/","url":"https:\/\/www.inhoorn.nl\/de\/ueber-hoorn\/geschaftsbesuch\/geschaftstreffen\/","name":"Gesch\u00e4ftstreffen - In Hoorn","isPartOf":{"@id":"https:\/\/www.inhoorn.nl\/de\/#website"},"datePublished":"2020-11-20T15:32:27+00:00","dateModified":"2022-07-14T13:20:58+00:00","breadcrumb":{"@id":"https:\/\/www.inhoorn.nl\/de\/ueber-hoorn\/geschaftsbesuch\/geschaftstreffen\/#breadcrumb"},"inLanguage":"de","potentialAction":[{"@type":"ReadAction","target":["https:\/\/www.inhoorn.nl\/de\/ueber-hoorn\/geschaftsbesuch\/geschaftstreffen\/"]}]},{"@type":"BreadcrumbList","@id":"https:\/\/www.inhoorn.nl\/de\/ueber-hoorn\/geschaftsbesuch\/geschaftstreffen\/#breadcrumb","itemListElement":[{"@type":"ListItem","position":1,"name":"Home","item":"https:\/\/www.inhoorn.nl\/de\/"},{"@type":"ListItem","position":2,"name":"\u00dcber Hoorn","item":"https:\/\/www.inhoorn.nl\/de\/over-hoorn\/"},{"@type":"ListItem","position":3,"name":"Gesch\u00e4ftsbesuch","item":"https:\/\/www.inhoorn.nl\/de\/over-hoorn\/zakelijk-bezoek\/"},{"@type":"ListItem","position":4,"name":"Gesch\u00e4ftstreffen"}]},{"@type":"WebSite","@id":"https:\/\/www.inhoorn.nl\/de\/#website","url":"https:\/\/www.inhoorn.nl\/de\/","name":"In Hoorn","description":"D\u00e9 gids voor Hoorn","publisher":{"@id":"https:\/\/www.inhoorn.nl\/de\/#organization"},"potentialAction":[{"@type":"SearchAction","target":{"@type":"EntryPoint","urlTemplate":"https:\/\/www.inhoorn.nl\/de\/?s={search_term_string}"},"query-input":{"@type":"PropertyValueSpecification","valueRequired":true,"valueName":"search_term_string"}}],"inLanguage":"de"},{"@type":"Organization","@id":"https:\/\/www.inhoorn.nl\/de\/#organization","name":"InHoorn","url":"https:\/\/www.inhoorn.nl\/de\/","logo":{"@type":"ImageObject","inLanguage":"de","@id":"https:\/\/www.inhoorn.nl\/de\/#\/schema\/logo\/image\/","url":"https:\/\/www.inhoorn.nl\/wp-content\/uploads\/2022\/06\/logo_shadow.png","contentUrl":"https:\/\/www.inhoorn.nl\/wp-content\/uploads\/2022\/06\/logo_shadow.png","width":600,"height":275,"caption":"InHoorn"},"image":{"@id":"https:\/\/www.inhoorn.nl\/de\/#\/schema\/logo\/image\/"},"sameAs":["https:\/\/www.facebook.com\/inhoorn.nl"]}]}},"_links":{"self":[{"href":"https:\/\/www.inhoorn.nl\/de\/wp-json\/wp\/v2\/pages\/11273","targetHints":{"allow":["GET"]}}],"collection":[{"href":"https:\/\/www.inhoorn.nl\/de\/wp-json\/wp\/v2\/pages"}],"about":[{"href":"https:\/\/www.inhoorn.nl\/de\/wp-json\/wp\/v2\/types\/page"}],"author":[{"embeddable":true,"href":"https:\/\/www.inhoorn.nl\/de\/wp-json\/wp\/v2\/users\/1"}],"replies":[{"embeddable":true,"href":"https:\/\/www.inhoorn.nl\/de\/wp-json\/wp\/v2\/comments?post=11273"}],"version-history":[{"count":3,"href":"https:\/\/www.inhoorn.nl\/de\/wp-json\/wp\/v2\/pages\/11273\/revisions"}],"predecessor-version":[{"id":13580,"href":"https:\/\/www.inhoorn.nl\/de\/wp-json\/wp\/v2\/pages\/11273\/revisions\/13580"}],"up":[{"embeddable":true,"href":"https:\/\/www.inhoorn.nl\/de\/wp-json\/wp\/v2\/pages\/11281"}],"wp:attachment":[{"href":"https:\/\/www.inhoorn.nl\/de\/wp-json\/wp\/v2\/media?parent=11273"}],"curies":[{"name":"wp","href":"https:\/\/api.w.org\/{rel}","templated":true}]}}