{"id":11294,"date":"2020-12-01T10:34:06","date_gmt":"2020-12-01T10:34:06","guid":{"rendered":"https:\/\/www.inhoorn.nl\/einkaufen-gastgewerbe\/acties\/lappensale\/"},"modified":"2022-07-14T15:23:56","modified_gmt":"2022-07-14T13:23:56","slug":"lappensale-de","status":"publish","type":"page","link":"https:\/\/www.inhoorn.nl\/de\/einkaufen-gastgewerbe\/acties\/lappensale-de\/","title":{"rendered":"10-daagse Lappensale"},"content":{"rendered":"\n<h2 class=\"wp-block-heading\" id=\"h-alternative-zum-traditionellen-lappendag\">Alternative zum traditionellen Lappendag<\/h2>\n\n\n\n<p>Lappensale ist eine Initiative von Hoorner Innenstadtunternehmern in Zusammenarbeit mit Weekblad Zondag. Da im Jahr 2020 der traditionelle Lappendag am dritten Montag im August, der letzte Messetag, aufgrund der Corona-Ma\u00dfnahmen nicht stattfinden konnte, beschlossen einige Unternehmer, eine 10-t\u00e4gige Veranstaltung zu organisieren, damit die Hoorn-L\u00e4den dennoch ein St\u00fcck Umsatz generieren konnten. Es stellte sich als goldene Gelegenheit heraus. Vielen Unternehmern hat der 10-t\u00e4gige Event so gut gefallen, dass die Veranstaltung 2021 fortgesetzt wird. Auch 2022 findet der Lappsale wieder von Samstag, 6. August, bis Montag, 15. August, statt und das Stadtzentrum von Hoorn wird wieder voller einzigartiger Lapp Day-Schn\u00e4ppchen sein. Neugierig? Dann besuchen Sie die Website <a href=\"http:\/\/lappensale.nl\"><strong>HIER<\/strong><\/a>.<\/p>\n\n\n\n<div style=\"height:47px\" aria-hidden=\"true\" class=\"wp-block-spacer\"><\/div>\n\n\n\n<div class=\"wp-block-columns is-layout-flex wp-container-core-columns-is-layout-9d6595d7 wp-block-columns-is-layout-flex\">\n<div class=\"wp-block-column is-layout-flow wp-block-column-is-layout-flow\" style=\"flex-basis:66.66%\">\n<figure class=\"wp-block-image size-large is-resized\"><img loading=\"lazy\" decoding=\"async\" src=\"https:\/\/www.inhoorn.nl\/wp-content\/uploads\/2021\/08\/Logo-1-1024x328.png\" alt=\"\" class=\"wp-image-9091\" width=\"397\" height=\"126\" srcset=\"https:\/\/www.inhoorn.nl\/wp-content\/uploads\/2021\/08\/Logo-1-1024x328.png 1024w, https:\/\/www.inhoorn.nl\/wp-content\/uploads\/2021\/08\/Logo-1-300x96.png 300w, https:\/\/www.inhoorn.nl\/wp-content\/uploads\/2021\/08\/Logo-1-768x246.png 768w, https:\/\/www.inhoorn.nl\/wp-content\/uploads\/2021\/08\/Logo-1-1536x492.png 1536w, https:\/\/www.inhoorn.nl\/wp-content\/uploads\/2021\/08\/Logo-1.png 1772w\" sizes=\"auto, (max-width: 397px) 100vw, 397px\" \/><\/figure>\n<\/div>\n<\/div>\n","protected":false},"excerpt":{"rendered":"<p>Alternative zum traditionellen Lappendag Lappensale ist eine Initiative von Hoorner Innenstadtunternehmern in Zusammenarbeit mit Weekblad Zondag. Da im Jahr 2020 der traditionelle Lappendag am dritten Montag im August, der letzte Messetag, aufgrund der Corona-Ma\u00dfnahmen nicht stattfinden konnte, beschlossen einige Unternehmer, eine 10-t\u00e4gige Veranstaltung zu organisieren, damit die Hoorn-L\u00e4den dennoch ein St\u00fcck Umsatz generieren konnten. Es [&hellip;]<\/p>\n","protected":false},"author":1,"featured_media":6594,"parent":11290,"menu_order":0,"comment_status":"closed","ping_status":"closed","template":"templates\/page-bedrijvengids.php","meta":{"footnotes":""},"class_list":["post-11294","page","type-page","status-publish","has-post-thumbnail","hentry"],"yoast_head":"<!-- This site is optimized with the Yoast SEO plugin v27.4 - https:\/\/yoast.com\/product\/yoast-seo-wordpress\/ -->\n<title>10-daagse Lappensale - In Hoorn<\/title>\n<meta name=\"robots\" content=\"index, follow, max-snippet:-1, max-image-preview:large, max-video-preview:-1\" \/>\n<link rel=\"canonical\" href=\"https:\/\/www.inhoorn.nl\/de\/einkaufen-gastgewerbe\/acties\/lappensale-de\/\" \/>\n<meta property=\"og:locale\" content=\"de_DE\" \/>\n<meta property=\"og:type\" content=\"article\" \/>\n<meta property=\"og:title\" content=\"10-daagse Lappensale - In Hoorn\" \/>\n<meta property=\"og:description\" content=\"Alternative zum traditionellen Lappendag Lappensale ist eine Initiative von Hoorner Innenstadtunternehmern in Zusammenarbeit mit Weekblad Zondag. Da im Jahr 2020 der traditionelle Lappendag am dritten Montag im August, der letzte Messetag, aufgrund der Corona-Ma\u00dfnahmen nicht stattfinden konnte, beschlossen einige Unternehmer, eine 10-t\u00e4gige Veranstaltung zu organisieren, damit die Hoorn-L\u00e4den dennoch ein St\u00fcck Umsatz generieren konnten. Es [&hellip;]\" \/>\n<meta property=\"og:url\" content=\"https:\/\/www.inhoorn.nl\/de\/einkaufen-gastgewerbe\/acties\/lappensale-de\/\" \/>\n<meta property=\"og:site_name\" content=\"In Hoorn\" \/>\n<meta property=\"article:publisher\" content=\"https:\/\/www.facebook.com\/inhoorn.nl\" \/>\n<meta property=\"article:modified_time\" content=\"2022-07-14T13:23:56+00:00\" \/>\n<meta property=\"og:image\" content=\"https:\/\/www.inhoorn.nl\/wp-content\/uploads\/2020\/11\/4.jpg\" \/>\n\t<meta property=\"og:image:width\" content=\"2000\" \/>\n\t<meta property=\"og:image:height\" content=\"1331\" \/>\n\t<meta property=\"og:image:type\" content=\"image\/jpeg\" \/>\n<meta name=\"twitter:card\" content=\"summary_large_image\" \/>\n<meta name=\"twitter:label1\" content=\"Gesch\u00e4tzte Lesezeit\" \/>\n\t<meta name=\"twitter:data1\" content=\"1\u00a0Minute\" \/>\n<script type=\"application\/ld+json\" class=\"yoast-schema-graph\">{\"@context\":\"https:\\\/\\\/schema.org\",\"@graph\":[{\"@type\":\"WebPage\",\"@id\":\"https:\\\/\\\/www.inhoorn.nl\\\/de\\\/einkaufen-gastgewerbe\\\/acties\\\/lappensale-de\\\/\",\"url\":\"https:\\\/\\\/www.inhoorn.nl\\\/de\\\/einkaufen-gastgewerbe\\\/acties\\\/lappensale-de\\\/\",\"name\":\"10-daagse Lappensale - In Hoorn\",\"isPartOf\":{\"@id\":\"https:\\\/\\\/www.inhoorn.nl\\\/de\\\/#website\"},\"primaryImageOfPage\":{\"@id\":\"https:\\\/\\\/www.inhoorn.nl\\\/de\\\/einkaufen-gastgewerbe\\\/acties\\\/lappensale-de\\\/#primaryimage\"},\"image\":{\"@id\":\"https:\\\/\\\/www.inhoorn.nl\\\/de\\\/einkaufen-gastgewerbe\\\/acties\\\/lappensale-de\\\/#primaryimage\"},\"thumbnailUrl\":\"https:\\\/\\\/www.inhoorn.nl\\\/wp-content\\\/uploads\\\/2020\\\/11\\\/4.jpg\",\"datePublished\":\"2020-12-01T10:34:06+00:00\",\"dateModified\":\"2022-07-14T13:23:56+00:00\",\"breadcrumb\":{\"@id\":\"https:\\\/\\\/www.inhoorn.nl\\\/de\\\/einkaufen-gastgewerbe\\\/acties\\\/lappensale-de\\\/#breadcrumb\"},\"inLanguage\":\"de\",\"potentialAction\":[{\"@type\":\"ReadAction\",\"target\":[\"https:\\\/\\\/www.inhoorn.nl\\\/de\\\/einkaufen-gastgewerbe\\\/acties\\\/lappensale-de\\\/\"]}]},{\"@type\":\"ImageObject\",\"inLanguage\":\"de\",\"@id\":\"https:\\\/\\\/www.inhoorn.nl\\\/de\\\/einkaufen-gastgewerbe\\\/acties\\\/lappensale-de\\\/#primaryimage\",\"url\":\"https:\\\/\\\/www.inhoorn.nl\\\/wp-content\\\/uploads\\\/2020\\\/11\\\/4.jpg\",\"contentUrl\":\"https:\\\/\\\/www.inhoorn.nl\\\/wp-content\\\/uploads\\\/2020\\\/11\\\/4.jpg\",\"width\":2000,\"height\":1331},{\"@type\":\"BreadcrumbList\",\"@id\":\"https:\\\/\\\/www.inhoorn.nl\\\/de\\\/einkaufen-gastgewerbe\\\/acties\\\/lappensale-de\\\/#breadcrumb\",\"itemListElement\":[{\"@type\":\"ListItem\",\"position\":1,\"name\":\"Home\",\"item\":\"https:\\\/\\\/www.inhoorn.nl\\\/de\\\/\"},{\"@type\":\"ListItem\",\"position\":2,\"name\":\"Einkaufen &#038; Gastronomie\",\"item\":\"https:\\\/\\\/www.inhoorn.nl\\\/de\\\/winkelen-horeca\\\/\"},{\"@type\":\"ListItem\",\"position\":3,\"name\":\"Einkaufsaktionen\",\"item\":\"https:\\\/\\\/www.inhoorn.nl\\\/de\\\/winkelen-horeca\\\/acties\\\/\"},{\"@type\":\"ListItem\",\"position\":4,\"name\":\"10-daagse Lappensale\"}]},{\"@type\":\"WebSite\",\"@id\":\"https:\\\/\\\/www.inhoorn.nl\\\/de\\\/#website\",\"url\":\"https:\\\/\\\/www.inhoorn.nl\\\/de\\\/\",\"name\":\"In Hoorn\",\"description\":\"D\u00e9 gids voor Hoorn\",\"publisher\":{\"@id\":\"https:\\\/\\\/www.inhoorn.nl\\\/de\\\/#organization\"},\"potentialAction\":[{\"@type\":\"SearchAction\",\"target\":{\"@type\":\"EntryPoint\",\"urlTemplate\":\"https:\\\/\\\/www.inhoorn.nl\\\/de\\\/?s={search_term_string}\"},\"query-input\":{\"@type\":\"PropertyValueSpecification\",\"valueRequired\":true,\"valueName\":\"search_term_string\"}}],\"inLanguage\":\"de\"},{\"@type\":\"Organization\",\"@id\":\"https:\\\/\\\/www.inhoorn.nl\\\/de\\\/#organization\",\"name\":\"InHoorn\",\"url\":\"https:\\\/\\\/www.inhoorn.nl\\\/de\\\/\",\"logo\":{\"@type\":\"ImageObject\",\"inLanguage\":\"de\",\"@id\":\"https:\\\/\\\/www.inhoorn.nl\\\/de\\\/#\\\/schema\\\/logo\\\/image\\\/\",\"url\":\"https:\\\/\\\/www.inhoorn.nl\\\/wp-content\\\/uploads\\\/2022\\\/06\\\/logo_shadow.png\",\"contentUrl\":\"https:\\\/\\\/www.inhoorn.nl\\\/wp-content\\\/uploads\\\/2022\\\/06\\\/logo_shadow.png\",\"width\":600,\"height\":275,\"caption\":\"InHoorn\"},\"image\":{\"@id\":\"https:\\\/\\\/www.inhoorn.nl\\\/de\\\/#\\\/schema\\\/logo\\\/image\\\/\"},\"sameAs\":[\"https:\\\/\\\/www.facebook.com\\\/inhoorn.nl\"]}]}<\/script>\n<!-- \/ Yoast SEO plugin. -->","yoast_head_json":{"title":"10-daagse Lappensale - In Hoorn","robots":{"index":"index","follow":"follow","max-snippet":"max-snippet:-1","max-image-preview":"max-image-preview:large","max-video-preview":"max-video-preview:-1"},"canonical":"https:\/\/www.inhoorn.nl\/de\/einkaufen-gastgewerbe\/acties\/lappensale-de\/","og_locale":"de_DE","og_type":"article","og_title":"10-daagse Lappensale - In Hoorn","og_description":"Alternative zum traditionellen Lappendag Lappensale ist eine Initiative von Hoorner Innenstadtunternehmern in Zusammenarbeit mit Weekblad Zondag. Da im Jahr 2020 der traditionelle Lappendag am dritten Montag im August, der letzte Messetag, aufgrund der Corona-Ma\u00dfnahmen nicht stattfinden konnte, beschlossen einige Unternehmer, eine 10-t\u00e4gige Veranstaltung zu organisieren, damit die Hoorn-L\u00e4den dennoch ein St\u00fcck Umsatz generieren konnten. Es [&hellip;]","og_url":"https:\/\/www.inhoorn.nl\/de\/einkaufen-gastgewerbe\/acties\/lappensale-de\/","og_site_name":"In Hoorn","article_publisher":"https:\/\/www.facebook.com\/inhoorn.nl","article_modified_time":"2022-07-14T13:23:56+00:00","og_image":[{"width":2000,"height":1331,"url":"https:\/\/www.inhoorn.nl\/wp-content\/uploads\/2020\/11\/4.jpg","type":"image\/jpeg"}],"twitter_card":"summary_large_image","twitter_misc":{"Gesch\u00e4tzte Lesezeit":"1\u00a0Minute"},"schema":{"@context":"https:\/\/schema.org","@graph":[{"@type":"WebPage","@id":"https:\/\/www.inhoorn.nl\/de\/einkaufen-gastgewerbe\/acties\/lappensale-de\/","url":"https:\/\/www.inhoorn.nl\/de\/einkaufen-gastgewerbe\/acties\/lappensale-de\/","name":"10-daagse Lappensale - In Hoorn","isPartOf":{"@id":"https:\/\/www.inhoorn.nl\/de\/#website"},"primaryImageOfPage":{"@id":"https:\/\/www.inhoorn.nl\/de\/einkaufen-gastgewerbe\/acties\/lappensale-de\/#primaryimage"},"image":{"@id":"https:\/\/www.inhoorn.nl\/de\/einkaufen-gastgewerbe\/acties\/lappensale-de\/#primaryimage"},"thumbnailUrl":"https:\/\/www.inhoorn.nl\/wp-content\/uploads\/2020\/11\/4.jpg","datePublished":"2020-12-01T10:34:06+00:00","dateModified":"2022-07-14T13:23:56+00:00","breadcrumb":{"@id":"https:\/\/www.inhoorn.nl\/de\/einkaufen-gastgewerbe\/acties\/lappensale-de\/#breadcrumb"},"inLanguage":"de","potentialAction":[{"@type":"ReadAction","target":["https:\/\/www.inhoorn.nl\/de\/einkaufen-gastgewerbe\/acties\/lappensale-de\/"]}]},{"@type":"ImageObject","inLanguage":"de","@id":"https:\/\/www.inhoorn.nl\/de\/einkaufen-gastgewerbe\/acties\/lappensale-de\/#primaryimage","url":"https:\/\/www.inhoorn.nl\/wp-content\/uploads\/2020\/11\/4.jpg","contentUrl":"https:\/\/www.inhoorn.nl\/wp-content\/uploads\/2020\/11\/4.jpg","width":2000,"height":1331},{"@type":"BreadcrumbList","@id":"https:\/\/www.inhoorn.nl\/de\/einkaufen-gastgewerbe\/acties\/lappensale-de\/#breadcrumb","itemListElement":[{"@type":"ListItem","position":1,"name":"Home","item":"https:\/\/www.inhoorn.nl\/de\/"},{"@type":"ListItem","position":2,"name":"Einkaufen &#038; Gastronomie","item":"https:\/\/www.inhoorn.nl\/de\/winkelen-horeca\/"},{"@type":"ListItem","position":3,"name":"Einkaufsaktionen","item":"https:\/\/www.inhoorn.nl\/de\/winkelen-horeca\/acties\/"},{"@type":"ListItem","position":4,"name":"10-daagse Lappensale"}]},{"@type":"WebSite","@id":"https:\/\/www.inhoorn.nl\/de\/#website","url":"https:\/\/www.inhoorn.nl\/de\/","name":"In Hoorn","description":"D\u00e9 gids voor Hoorn","publisher":{"@id":"https:\/\/www.inhoorn.nl\/de\/#organization"},"potentialAction":[{"@type":"SearchAction","target":{"@type":"EntryPoint","urlTemplate":"https:\/\/www.inhoorn.nl\/de\/?s={search_term_string}"},"query-input":{"@type":"PropertyValueSpecification","valueRequired":true,"valueName":"search_term_string"}}],"inLanguage":"de"},{"@type":"Organization","@id":"https:\/\/www.inhoorn.nl\/de\/#organization","name":"InHoorn","url":"https:\/\/www.inhoorn.nl\/de\/","logo":{"@type":"ImageObject","inLanguage":"de","@id":"https:\/\/www.inhoorn.nl\/de\/#\/schema\/logo\/image\/","url":"https:\/\/www.inhoorn.nl\/wp-content\/uploads\/2022\/06\/logo_shadow.png","contentUrl":"https:\/\/www.inhoorn.nl\/wp-content\/uploads\/2022\/06\/logo_shadow.png","width":600,"height":275,"caption":"InHoorn"},"image":{"@id":"https:\/\/www.inhoorn.nl\/de\/#\/schema\/logo\/image\/"},"sameAs":["https:\/\/www.facebook.com\/inhoorn.nl"]}]}},"_links":{"self":[{"href":"https:\/\/www.inhoorn.nl\/de\/wp-json\/wp\/v2\/pages\/11294","targetHints":{"allow":["GET"]}}],"collection":[{"href":"https:\/\/www.inhoorn.nl\/de\/wp-json\/wp\/v2\/pages"}],"about":[{"href":"https:\/\/www.inhoorn.nl\/de\/wp-json\/wp\/v2\/types\/page"}],"author":[{"embeddable":true,"href":"https:\/\/www.inhoorn.nl\/de\/wp-json\/wp\/v2\/users\/1"}],"replies":[{"embeddable":true,"href":"https:\/\/www.inhoorn.nl\/de\/wp-json\/wp\/v2\/comments?post=11294"}],"version-history":[{"count":3,"href":"https:\/\/www.inhoorn.nl\/de\/wp-json\/wp\/v2\/pages\/11294\/revisions"}],"predecessor-version":[{"id":13585,"href":"https:\/\/www.inhoorn.nl\/de\/wp-json\/wp\/v2\/pages\/11294\/revisions\/13585"}],"up":[{"embeddable":true,"href":"https:\/\/www.inhoorn.nl\/de\/wp-json\/wp\/v2\/pages\/11290"}],"wp:featuredmedia":[{"embeddable":true,"href":"https:\/\/www.inhoorn.nl\/de\/wp-json\/wp\/v2\/media\/6594"}],"wp:attachment":[{"href":"https:\/\/www.inhoorn.nl\/de\/wp-json\/wp\/v2\/media?parent=11294"}],"curies":[{"name":"wp","href":"https:\/\/api.w.org\/{rel}","templated":true}]}}