{"id":11314,"date":"2020-11-20T15:30:43","date_gmt":"2020-11-20T15:30:43","guid":{"rendered":"https:\/\/www.inhoorn.nl\/einkaufen-gastgewerbe\/eten-drinken\/"},"modified":"2024-02-21T13:56:02","modified_gmt":"2024-02-21T12:56:02","slug":"essen-trinken","status":"publish","type":"page","link":"https:\/\/www.inhoorn.nl\/de\/einkaufen-gastgewerbe\/essen-trinken\/","title":{"rendered":"Essen &#038; Trinken"},"content":{"rendered":"\n<figure class=\"wp-block-image size-large\"><img loading=\"lazy\" decoding=\"async\" width=\"1024\" height=\"429\" src=\"https:\/\/www.inhoorn.nl\/wp-content\/uploads\/2022\/05\/De-Bourgondier-In-Hoorn-1024x429.jpg\" alt=\"\" class=\"wp-image-10884\" srcset=\"https:\/\/www.inhoorn.nl\/wp-content\/uploads\/2022\/05\/De-Bourgondier-In-Hoorn-1024x429.jpg 1024w, https:\/\/www.inhoorn.nl\/wp-content\/uploads\/2022\/05\/De-Bourgondier-In-Hoorn-300x126.jpg 300w, https:\/\/www.inhoorn.nl\/wp-content\/uploads\/2022\/05\/De-Bourgondier-In-Hoorn-768x322.jpg 768w, https:\/\/www.inhoorn.nl\/wp-content\/uploads\/2022\/05\/De-Bourgondier-In-Hoorn.jpg 1418w\" sizes=\"auto, (max-width: 1024px) 100vw, 1024px\" \/><\/figure>\n\n\n\n<h2 class=\"wp-block-heading\" id=\"h-spass-uberall\">Spa\u00df \u00fcberall <\/h2>\n\n\n\n<p>Der gro\u00dfen Anzahl an gastronomischen Einrichtungen in Hoorn nach zu urteilen, liebt Horines Geselligkeit und gutes Essen. Sowohl in Luxusrestaurants als auch in einfachen, aber gem\u00fctlichen Caf\u00e9s. Viele Restaurants befinden sich in einzigartigen monumentalen Geb\u00e4uden. In der Waag aan de Roode Steen und im robusten Hoofdtoren im Hafen wurden sch\u00f6ne Restaurants eingerichtet. Aber viele alte Lagerh\u00e4user und andere alte Geb\u00e4ude dienen heute auch als Restaurants, Brasserien oder Caf\u00e9s.<\/p>\n\n\n\n<p>Wenn Sie im Sommer drau\u00dfen sitzen m\u00f6chten, landen Sie schnell im Roode Steen und wenn Sie abends die Blumen nach drau\u00dfen stellen m\u00f6chten, k\u00f6nnen Sie dort bleiben oder zum Hafen oder zur De Dubbele Buurt fahren, einer Stra\u00dfe in der die Bars am Wochenende, die T\u00fcren erst in den fr\u00fchen Morgenstunden schlie\u00dfen.<\/p>\n","protected":false},"excerpt":{"rendered":"<p>Spa\u00df \u00fcberall Der gro\u00dfen Anzahl an gastronomischen Einrichtungen in Hoorn nach zu urteilen, liebt Horines Geselligkeit und gutes Essen. Sowohl in Luxusrestaurants als auch in einfachen, aber gem\u00fctlichen Caf\u00e9s. Viele Restaurants befinden sich in einzigartigen monumentalen Geb\u00e4uden. In der Waag aan de Roode Steen und im robusten Hoofdtoren im Hafen wurden sch\u00f6ne Restaurants eingerichtet. Aber [&hellip;]<\/p>\n","protected":false},"author":1,"featured_media":0,"parent":9401,"menu_order":0,"comment_status":"closed","ping_status":"closed","template":"","meta":{"footnotes":""},"class_list":["post-11314","page","type-page","status-publish","hentry"],"yoast_head":"<!-- This site is optimized with the Yoast SEO plugin v27.4 - https:\/\/yoast.com\/product\/yoast-seo-wordpress\/ -->\n<title>Essen &amp; Trinken - In Hoorn<\/title>\n<meta name=\"robots\" content=\"index, follow, max-snippet:-1, max-image-preview:large, max-video-preview:-1\" \/>\n<link rel=\"canonical\" href=\"https:\/\/www.inhoorn.nl\/de\/einkaufen-gastgewerbe\/essen-trinken\/\" \/>\n<meta property=\"og:locale\" content=\"de_DE\" \/>\n<meta property=\"og:type\" content=\"article\" \/>\n<meta property=\"og:title\" content=\"Essen &amp; Trinken - In Hoorn\" \/>\n<meta property=\"og:description\" content=\"Spa\u00df \u00fcberall Der gro\u00dfen Anzahl an gastronomischen Einrichtungen in Hoorn nach zu urteilen, liebt Horines Geselligkeit und gutes Essen. Sowohl in Luxusrestaurants als auch in einfachen, aber gem\u00fctlichen Caf\u00e9s. Viele Restaurants befinden sich in einzigartigen monumentalen Geb\u00e4uden. In der Waag aan de Roode Steen und im robusten Hoofdtoren im Hafen wurden sch\u00f6ne Restaurants eingerichtet. Aber [&hellip;]\" \/>\n<meta property=\"og:url\" content=\"https:\/\/www.inhoorn.nl\/de\/einkaufen-gastgewerbe\/essen-trinken\/\" \/>\n<meta property=\"og:site_name\" content=\"In Hoorn\" \/>\n<meta property=\"article:publisher\" content=\"https:\/\/www.facebook.com\/inhoorn.nl\" \/>\n<meta property=\"article:modified_time\" content=\"2024-02-21T12:56:02+00:00\" \/>\n<meta property=\"og:image\" content=\"https:\/\/www.inhoorn.nl\/wp-content\/uploads\/2022\/05\/De-Bourgondier-In-Hoorn-1024x429.jpg\" \/>\n<meta name=\"twitter:card\" content=\"summary_large_image\" \/>\n<meta name=\"twitter:label1\" content=\"Gesch\u00e4tzte Lesezeit\" \/>\n\t<meta name=\"twitter:data1\" content=\"1\u00a0Minute\" \/>\n<script type=\"application\/ld+json\" class=\"yoast-schema-graph\">{\"@context\":\"https:\\\/\\\/schema.org\",\"@graph\":[{\"@type\":\"WebPage\",\"@id\":\"https:\\\/\\\/www.inhoorn.nl\\\/de\\\/einkaufen-gastgewerbe\\\/essen-trinken\\\/\",\"url\":\"https:\\\/\\\/www.inhoorn.nl\\\/de\\\/einkaufen-gastgewerbe\\\/essen-trinken\\\/\",\"name\":\"Essen & Trinken - In Hoorn\",\"isPartOf\":{\"@id\":\"https:\\\/\\\/www.inhoorn.nl\\\/de\\\/#website\"},\"primaryImageOfPage\":{\"@id\":\"https:\\\/\\\/www.inhoorn.nl\\\/de\\\/einkaufen-gastgewerbe\\\/essen-trinken\\\/#primaryimage\"},\"image\":{\"@id\":\"https:\\\/\\\/www.inhoorn.nl\\\/de\\\/einkaufen-gastgewerbe\\\/essen-trinken\\\/#primaryimage\"},\"thumbnailUrl\":\"https:\\\/\\\/www.inhoorn.nl\\\/wp-content\\\/uploads\\\/2022\\\/05\\\/De-Bourgondier-In-Hoorn-1024x429.jpg\",\"datePublished\":\"2020-11-20T15:30:43+00:00\",\"dateModified\":\"2024-02-21T12:56:02+00:00\",\"breadcrumb\":{\"@id\":\"https:\\\/\\\/www.inhoorn.nl\\\/de\\\/einkaufen-gastgewerbe\\\/essen-trinken\\\/#breadcrumb\"},\"inLanguage\":\"de\",\"potentialAction\":[{\"@type\":\"ReadAction\",\"target\":[\"https:\\\/\\\/www.inhoorn.nl\\\/de\\\/einkaufen-gastgewerbe\\\/essen-trinken\\\/\"]}]},{\"@type\":\"ImageObject\",\"inLanguage\":\"de\",\"@id\":\"https:\\\/\\\/www.inhoorn.nl\\\/de\\\/einkaufen-gastgewerbe\\\/essen-trinken\\\/#primaryimage\",\"url\":\"https:\\\/\\\/www.inhoorn.nl\\\/wp-content\\\/uploads\\\/2022\\\/05\\\/De-Bourgondier-In-Hoorn-1024x429.jpg\",\"contentUrl\":\"https:\\\/\\\/www.inhoorn.nl\\\/wp-content\\\/uploads\\\/2022\\\/05\\\/De-Bourgondier-In-Hoorn-1024x429.jpg\"},{\"@type\":\"BreadcrumbList\",\"@id\":\"https:\\\/\\\/www.inhoorn.nl\\\/de\\\/einkaufen-gastgewerbe\\\/essen-trinken\\\/#breadcrumb\",\"itemListElement\":[{\"@type\":\"ListItem\",\"position\":1,\"name\":\"Home\",\"item\":\"https:\\\/\\\/www.inhoorn.nl\\\/de\\\/\"},{\"@type\":\"ListItem\",\"position\":2,\"name\":\"Einkaufen &#038; Gastronomie\",\"item\":\"https:\\\/\\\/www.inhoorn.nl\\\/de\\\/winkelen-horeca\\\/\"},{\"@type\":\"ListItem\",\"position\":3,\"name\":\"Essen &#038; Trinken\"}]},{\"@type\":\"WebSite\",\"@id\":\"https:\\\/\\\/www.inhoorn.nl\\\/de\\\/#website\",\"url\":\"https:\\\/\\\/www.inhoorn.nl\\\/de\\\/\",\"name\":\"In Hoorn\",\"description\":\"D\u00e9 gids voor Hoorn\",\"publisher\":{\"@id\":\"https:\\\/\\\/www.inhoorn.nl\\\/de\\\/#organization\"},\"potentialAction\":[{\"@type\":\"SearchAction\",\"target\":{\"@type\":\"EntryPoint\",\"urlTemplate\":\"https:\\\/\\\/www.inhoorn.nl\\\/de\\\/?s={search_term_string}\"},\"query-input\":{\"@type\":\"PropertyValueSpecification\",\"valueRequired\":true,\"valueName\":\"search_term_string\"}}],\"inLanguage\":\"de\"},{\"@type\":\"Organization\",\"@id\":\"https:\\\/\\\/www.inhoorn.nl\\\/de\\\/#organization\",\"name\":\"InHoorn\",\"url\":\"https:\\\/\\\/www.inhoorn.nl\\\/de\\\/\",\"logo\":{\"@type\":\"ImageObject\",\"inLanguage\":\"de\",\"@id\":\"https:\\\/\\\/www.inhoorn.nl\\\/de\\\/#\\\/schema\\\/logo\\\/image\\\/\",\"url\":\"https:\\\/\\\/www.inhoorn.nl\\\/wp-content\\\/uploads\\\/2022\\\/06\\\/logo_shadow.png\",\"contentUrl\":\"https:\\\/\\\/www.inhoorn.nl\\\/wp-content\\\/uploads\\\/2022\\\/06\\\/logo_shadow.png\",\"width\":600,\"height\":275,\"caption\":\"InHoorn\"},\"image\":{\"@id\":\"https:\\\/\\\/www.inhoorn.nl\\\/de\\\/#\\\/schema\\\/logo\\\/image\\\/\"},\"sameAs\":[\"https:\\\/\\\/www.facebook.com\\\/inhoorn.nl\"]}]}<\/script>\n<!-- \/ Yoast SEO plugin. -->","yoast_head_json":{"title":"Essen & Trinken - In Hoorn","robots":{"index":"index","follow":"follow","max-snippet":"max-snippet:-1","max-image-preview":"max-image-preview:large","max-video-preview":"max-video-preview:-1"},"canonical":"https:\/\/www.inhoorn.nl\/de\/einkaufen-gastgewerbe\/essen-trinken\/","og_locale":"de_DE","og_type":"article","og_title":"Essen & Trinken - In Hoorn","og_description":"Spa\u00df \u00fcberall Der gro\u00dfen Anzahl an gastronomischen Einrichtungen in Hoorn nach zu urteilen, liebt Horines Geselligkeit und gutes Essen. Sowohl in Luxusrestaurants als auch in einfachen, aber gem\u00fctlichen Caf\u00e9s. Viele Restaurants befinden sich in einzigartigen monumentalen Geb\u00e4uden. In der Waag aan de Roode Steen und im robusten Hoofdtoren im Hafen wurden sch\u00f6ne Restaurants eingerichtet. Aber [&hellip;]","og_url":"https:\/\/www.inhoorn.nl\/de\/einkaufen-gastgewerbe\/essen-trinken\/","og_site_name":"In Hoorn","article_publisher":"https:\/\/www.facebook.com\/inhoorn.nl","article_modified_time":"2024-02-21T12:56:02+00:00","og_image":[{"url":"https:\/\/www.inhoorn.nl\/wp-content\/uploads\/2022\/05\/De-Bourgondier-In-Hoorn-1024x429.jpg","type":"","width":"","height":""}],"twitter_card":"summary_large_image","twitter_misc":{"Gesch\u00e4tzte Lesezeit":"1\u00a0Minute"},"schema":{"@context":"https:\/\/schema.org","@graph":[{"@type":"WebPage","@id":"https:\/\/www.inhoorn.nl\/de\/einkaufen-gastgewerbe\/essen-trinken\/","url":"https:\/\/www.inhoorn.nl\/de\/einkaufen-gastgewerbe\/essen-trinken\/","name":"Essen & Trinken - In Hoorn","isPartOf":{"@id":"https:\/\/www.inhoorn.nl\/de\/#website"},"primaryImageOfPage":{"@id":"https:\/\/www.inhoorn.nl\/de\/einkaufen-gastgewerbe\/essen-trinken\/#primaryimage"},"image":{"@id":"https:\/\/www.inhoorn.nl\/de\/einkaufen-gastgewerbe\/essen-trinken\/#primaryimage"},"thumbnailUrl":"https:\/\/www.inhoorn.nl\/wp-content\/uploads\/2022\/05\/De-Bourgondier-In-Hoorn-1024x429.jpg","datePublished":"2020-11-20T15:30:43+00:00","dateModified":"2024-02-21T12:56:02+00:00","breadcrumb":{"@id":"https:\/\/www.inhoorn.nl\/de\/einkaufen-gastgewerbe\/essen-trinken\/#breadcrumb"},"inLanguage":"de","potentialAction":[{"@type":"ReadAction","target":["https:\/\/www.inhoorn.nl\/de\/einkaufen-gastgewerbe\/essen-trinken\/"]}]},{"@type":"ImageObject","inLanguage":"de","@id":"https:\/\/www.inhoorn.nl\/de\/einkaufen-gastgewerbe\/essen-trinken\/#primaryimage","url":"https:\/\/www.inhoorn.nl\/wp-content\/uploads\/2022\/05\/De-Bourgondier-In-Hoorn-1024x429.jpg","contentUrl":"https:\/\/www.inhoorn.nl\/wp-content\/uploads\/2022\/05\/De-Bourgondier-In-Hoorn-1024x429.jpg"},{"@type":"BreadcrumbList","@id":"https:\/\/www.inhoorn.nl\/de\/einkaufen-gastgewerbe\/essen-trinken\/#breadcrumb","itemListElement":[{"@type":"ListItem","position":1,"name":"Home","item":"https:\/\/www.inhoorn.nl\/de\/"},{"@type":"ListItem","position":2,"name":"Einkaufen &#038; Gastronomie","item":"https:\/\/www.inhoorn.nl\/de\/winkelen-horeca\/"},{"@type":"ListItem","position":3,"name":"Essen &#038; Trinken"}]},{"@type":"WebSite","@id":"https:\/\/www.inhoorn.nl\/de\/#website","url":"https:\/\/www.inhoorn.nl\/de\/","name":"In Hoorn","description":"D\u00e9 gids voor Hoorn","publisher":{"@id":"https:\/\/www.inhoorn.nl\/de\/#organization"},"potentialAction":[{"@type":"SearchAction","target":{"@type":"EntryPoint","urlTemplate":"https:\/\/www.inhoorn.nl\/de\/?s={search_term_string}"},"query-input":{"@type":"PropertyValueSpecification","valueRequired":true,"valueName":"search_term_string"}}],"inLanguage":"de"},{"@type":"Organization","@id":"https:\/\/www.inhoorn.nl\/de\/#organization","name":"InHoorn","url":"https:\/\/www.inhoorn.nl\/de\/","logo":{"@type":"ImageObject","inLanguage":"de","@id":"https:\/\/www.inhoorn.nl\/de\/#\/schema\/logo\/image\/","url":"https:\/\/www.inhoorn.nl\/wp-content\/uploads\/2022\/06\/logo_shadow.png","contentUrl":"https:\/\/www.inhoorn.nl\/wp-content\/uploads\/2022\/06\/logo_shadow.png","width":600,"height":275,"caption":"InHoorn"},"image":{"@id":"https:\/\/www.inhoorn.nl\/de\/#\/schema\/logo\/image\/"},"sameAs":["https:\/\/www.facebook.com\/inhoorn.nl"]}]}},"_links":{"self":[{"href":"https:\/\/www.inhoorn.nl\/de\/wp-json\/wp\/v2\/pages\/11314","targetHints":{"allow":["GET"]}}],"collection":[{"href":"https:\/\/www.inhoorn.nl\/de\/wp-json\/wp\/v2\/pages"}],"about":[{"href":"https:\/\/www.inhoorn.nl\/de\/wp-json\/wp\/v2\/types\/page"}],"author":[{"embeddable":true,"href":"https:\/\/www.inhoorn.nl\/de\/wp-json\/wp\/v2\/users\/1"}],"replies":[{"embeddable":true,"href":"https:\/\/www.inhoorn.nl\/de\/wp-json\/wp\/v2\/comments?post=11314"}],"version-history":[{"count":7,"href":"https:\/\/www.inhoorn.nl\/de\/wp-json\/wp\/v2\/pages\/11314\/revisions"}],"predecessor-version":[{"id":23195,"href":"https:\/\/www.inhoorn.nl\/de\/wp-json\/wp\/v2\/pages\/11314\/revisions\/23195"}],"up":[{"embeddable":true,"href":"https:\/\/www.inhoorn.nl\/de\/wp-json\/wp\/v2\/pages\/9401"}],"wp:attachment":[{"href":"https:\/\/www.inhoorn.nl\/de\/wp-json\/wp\/v2\/media?parent=11314"}],"curies":[{"name":"wp","href":"https:\/\/api.w.org\/{rel}","templated":true}]}}