{"id":11402,"date":"2021-03-24T15:48:37","date_gmt":"2021-03-24T15:48:37","guid":{"rendered":"https:\/\/www.inhoorn.nl\/einkaufen-gastgewerbe\/einkaufen\/messen-in-hoorn\/dinsdagmarkt-kersenboogerd\/"},"modified":"2022-06-14T10:48:09","modified_gmt":"2022-06-14T08:48:09","slug":"dinsdagmarkt-kersenboogerd","status":"publish","type":"page","link":"https:\/\/www.inhoorn.nl\/de\/einkaufen-gastgewerbe\/einkaufen\/messen-in-hoorn\/dinsdagmarkt-kersenboogerd\/","title":{"rendered":"Dienstag Markt Kersenboogerd"},"content":{"rendered":"\n<figure class=\"wp-block-image size-large is-resized\"><img loading=\"lazy\" decoding=\"async\" src=\"https:\/\/www.inhoorn.nl\/wp-content\/uploads\/2022\/05\/Markt-Kersenboogerd-In-Hoorn-1024x562.jpg\" alt=\"\" class=\"wp-image-9949\" width=\"840\" height=\"461\" srcset=\"https:\/\/www.inhoorn.nl\/wp-content\/uploads\/2022\/05\/Markt-Kersenboogerd-In-Hoorn-1024x562.jpg 1024w, https:\/\/www.inhoorn.nl\/wp-content\/uploads\/2022\/05\/Markt-Kersenboogerd-In-Hoorn-300x165.jpg 300w, https:\/\/www.inhoorn.nl\/wp-content\/uploads\/2022\/05\/Markt-Kersenboogerd-In-Hoorn-768x422.jpg 768w, https:\/\/www.inhoorn.nl\/wp-content\/uploads\/2022\/05\/Markt-Kersenboogerd-In-Hoorn-1536x844.jpg 1536w, https:\/\/www.inhoorn.nl\/wp-content\/uploads\/2022\/05\/Markt-Kersenboogerd-In-Hoorn-2048x1125.jpg 2048w\" sizes=\"auto, (max-width: 840px) 100vw, 840px\" \/><\/figure>\n\n\n\n<p class=\"has-black-color has-text-color\" style=\"font-size:14px\">Jeden Dienstag findet im Einkaufszentrum im Kersenboogerd auf dem Betje Wolffplein ein Markt statt. Auf diesem Markt gibt es etwa 10 St\u00e4nde mit Lebensmitteln und Non-Food-Artikeln. Der Markt \u00f6ffnet um 9:30 Uhr und schlie\u00dft um 16:30 Uhr. Hier ist angenehm viel los und die Marktleute sind den ganzen Morgen und Nachmittag zu h\u00f6ren.<\/p>\n","protected":false},"excerpt":{"rendered":"<p>Jeden Dienstag findet im Einkaufszentrum im Kersenboogerd auf dem Betje Wolffplein ein Markt statt. Auf diesem Markt gibt es etwa 10 St\u00e4nde mit Lebensmitteln und Non-Food-Artikeln. Der Markt \u00f6ffnet um 9:30 Uhr und schlie\u00dft um 16:30 Uhr. Hier ist angenehm viel los und die Marktleute sind den ganzen Morgen und Nachmittag zu h\u00f6ren.<\/p>\n","protected":false},"author":2,"featured_media":0,"parent":9482,"menu_order":0,"comment_status":"closed","ping_status":"closed","template":"","meta":{"footnotes":""},"class_list":["post-11402","page","type-page","status-publish","hentry"],"yoast_head":"<!-- This site is optimized with the Yoast SEO plugin v27.4 - https:\/\/yoast.com\/product\/yoast-seo-wordpress\/ -->\n<title>Dienstag Markt Kersenboogerd - In Hoorn<\/title>\n<meta name=\"robots\" content=\"index, follow, max-snippet:-1, max-image-preview:large, max-video-preview:-1\" \/>\n<link rel=\"canonical\" href=\"https:\/\/www.inhoorn.nl\/de\/einkaufen-gastgewerbe\/einkaufen\/messen-in-hoorn\/dinsdagmarkt-kersenboogerd\/\" \/>\n<meta property=\"og:locale\" content=\"de_DE\" \/>\n<meta property=\"og:type\" content=\"article\" \/>\n<meta property=\"og:title\" content=\"Dienstag Markt Kersenboogerd - In Hoorn\" \/>\n<meta property=\"og:description\" content=\"Jeden Dienstag findet im Einkaufszentrum im Kersenboogerd auf dem Betje Wolffplein ein Markt statt. Auf diesem Markt gibt es etwa 10 St\u00e4nde mit Lebensmitteln und Non-Food-Artikeln. Der Markt \u00f6ffnet um 9:30 Uhr und schlie\u00dft um 16:30 Uhr. Hier ist angenehm viel los und die Marktleute sind den ganzen Morgen und Nachmittag zu h\u00f6ren.\" \/>\n<meta property=\"og:url\" content=\"https:\/\/www.inhoorn.nl\/de\/einkaufen-gastgewerbe\/einkaufen\/messen-in-hoorn\/dinsdagmarkt-kersenboogerd\/\" \/>\n<meta property=\"og:site_name\" content=\"In Hoorn\" \/>\n<meta property=\"article:publisher\" content=\"https:\/\/www.facebook.com\/inhoorn.nl\" \/>\n<meta property=\"article:modified_time\" content=\"2022-06-14T08:48:09+00:00\" \/>\n<meta property=\"og:image\" content=\"https:\/\/www.inhoorn.nl\/wp-content\/uploads\/2022\/05\/Markt-Kersenboogerd-In-Hoorn-1024x562.jpg\" \/>\n<meta name=\"twitter:card\" content=\"summary_large_image\" \/>\n<meta name=\"twitter:label1\" content=\"Gesch\u00e4tzte Lesezeit\" \/>\n\t<meta name=\"twitter:data1\" content=\"1\u00a0Minute\" \/>\n<script type=\"application\/ld+json\" class=\"yoast-schema-graph\">{\"@context\":\"https:\\\/\\\/schema.org\",\"@graph\":[{\"@type\":\"WebPage\",\"@id\":\"https:\\\/\\\/www.inhoorn.nl\\\/de\\\/einkaufen-gastgewerbe\\\/einkaufen\\\/messen-in-hoorn\\\/dinsdagmarkt-kersenboogerd\\\/\",\"url\":\"https:\\\/\\\/www.inhoorn.nl\\\/de\\\/einkaufen-gastgewerbe\\\/einkaufen\\\/messen-in-hoorn\\\/dinsdagmarkt-kersenboogerd\\\/\",\"name\":\"Dienstag Markt Kersenboogerd - In Hoorn\",\"isPartOf\":{\"@id\":\"https:\\\/\\\/www.inhoorn.nl\\\/de\\\/#website\"},\"primaryImageOfPage\":{\"@id\":\"https:\\\/\\\/www.inhoorn.nl\\\/de\\\/einkaufen-gastgewerbe\\\/einkaufen\\\/messen-in-hoorn\\\/dinsdagmarkt-kersenboogerd\\\/#primaryimage\"},\"image\":{\"@id\":\"https:\\\/\\\/www.inhoorn.nl\\\/de\\\/einkaufen-gastgewerbe\\\/einkaufen\\\/messen-in-hoorn\\\/dinsdagmarkt-kersenboogerd\\\/#primaryimage\"},\"thumbnailUrl\":\"https:\\\/\\\/www.inhoorn.nl\\\/wp-content\\\/uploads\\\/2022\\\/05\\\/Markt-Kersenboogerd-In-Hoorn-1024x562.jpg\",\"datePublished\":\"2021-03-24T15:48:37+00:00\",\"dateModified\":\"2022-06-14T08:48:09+00:00\",\"breadcrumb\":{\"@id\":\"https:\\\/\\\/www.inhoorn.nl\\\/de\\\/einkaufen-gastgewerbe\\\/einkaufen\\\/messen-in-hoorn\\\/dinsdagmarkt-kersenboogerd\\\/#breadcrumb\"},\"inLanguage\":\"de\",\"potentialAction\":[{\"@type\":\"ReadAction\",\"target\":[\"https:\\\/\\\/www.inhoorn.nl\\\/de\\\/einkaufen-gastgewerbe\\\/einkaufen\\\/messen-in-hoorn\\\/dinsdagmarkt-kersenboogerd\\\/\"]}]},{\"@type\":\"ImageObject\",\"inLanguage\":\"de\",\"@id\":\"https:\\\/\\\/www.inhoorn.nl\\\/de\\\/einkaufen-gastgewerbe\\\/einkaufen\\\/messen-in-hoorn\\\/dinsdagmarkt-kersenboogerd\\\/#primaryimage\",\"url\":\"https:\\\/\\\/www.inhoorn.nl\\\/wp-content\\\/uploads\\\/2022\\\/05\\\/Markt-Kersenboogerd-In-Hoorn-1024x562.jpg\",\"contentUrl\":\"https:\\\/\\\/www.inhoorn.nl\\\/wp-content\\\/uploads\\\/2022\\\/05\\\/Markt-Kersenboogerd-In-Hoorn-1024x562.jpg\"},{\"@type\":\"BreadcrumbList\",\"@id\":\"https:\\\/\\\/www.inhoorn.nl\\\/de\\\/einkaufen-gastgewerbe\\\/einkaufen\\\/messen-in-hoorn\\\/dinsdagmarkt-kersenboogerd\\\/#breadcrumb\",\"itemListElement\":[{\"@type\":\"ListItem\",\"position\":1,\"name\":\"Home\",\"item\":\"https:\\\/\\\/www.inhoorn.nl\\\/de\\\/\"},{\"@type\":\"ListItem\",\"position\":2,\"name\":\"Einkaufen &#038; Gastronomie\",\"item\":\"https:\\\/\\\/www.inhoorn.nl\\\/de\\\/winkelen-horeca\\\/\"},{\"@type\":\"ListItem\",\"position\":3,\"name\":\"Einkaufen\",\"item\":\"https:\\\/\\\/www.inhoorn.nl\\\/de\\\/winkelen-horeca\\\/winkelen\\\/\"},{\"@type\":\"ListItem\",\"position\":4,\"name\":\"Markte in Hoorn\",\"item\":\"https:\\\/\\\/www.inhoorn.nl\\\/de\\\/einkaufen-gastgewerbe\\\/einkaufen\\\/messen-in-hoorn\\\/\"},{\"@type\":\"ListItem\",\"position\":5,\"name\":\"Dienstag Markt Kersenboogerd\"}]},{\"@type\":\"WebSite\",\"@id\":\"https:\\\/\\\/www.inhoorn.nl\\\/de\\\/#website\",\"url\":\"https:\\\/\\\/www.inhoorn.nl\\\/de\\\/\",\"name\":\"In Hoorn\",\"description\":\"D\u00e9 gids voor Hoorn\",\"publisher\":{\"@id\":\"https:\\\/\\\/www.inhoorn.nl\\\/de\\\/#organization\"},\"potentialAction\":[{\"@type\":\"SearchAction\",\"target\":{\"@type\":\"EntryPoint\",\"urlTemplate\":\"https:\\\/\\\/www.inhoorn.nl\\\/de\\\/?s={search_term_string}\"},\"query-input\":{\"@type\":\"PropertyValueSpecification\",\"valueRequired\":true,\"valueName\":\"search_term_string\"}}],\"inLanguage\":\"de\"},{\"@type\":\"Organization\",\"@id\":\"https:\\\/\\\/www.inhoorn.nl\\\/de\\\/#organization\",\"name\":\"InHoorn\",\"url\":\"https:\\\/\\\/www.inhoorn.nl\\\/de\\\/\",\"logo\":{\"@type\":\"ImageObject\",\"inLanguage\":\"de\",\"@id\":\"https:\\\/\\\/www.inhoorn.nl\\\/de\\\/#\\\/schema\\\/logo\\\/image\\\/\",\"url\":\"https:\\\/\\\/www.inhoorn.nl\\\/wp-content\\\/uploads\\\/2022\\\/06\\\/logo_shadow.png\",\"contentUrl\":\"https:\\\/\\\/www.inhoorn.nl\\\/wp-content\\\/uploads\\\/2022\\\/06\\\/logo_shadow.png\",\"width\":600,\"height\":275,\"caption\":\"InHoorn\"},\"image\":{\"@id\":\"https:\\\/\\\/www.inhoorn.nl\\\/de\\\/#\\\/schema\\\/logo\\\/image\\\/\"},\"sameAs\":[\"https:\\\/\\\/www.facebook.com\\\/inhoorn.nl\"]}]}<\/script>\n<!-- \/ Yoast SEO plugin. -->","yoast_head_json":{"title":"Dienstag Markt Kersenboogerd - In Hoorn","robots":{"index":"index","follow":"follow","max-snippet":"max-snippet:-1","max-image-preview":"max-image-preview:large","max-video-preview":"max-video-preview:-1"},"canonical":"https:\/\/www.inhoorn.nl\/de\/einkaufen-gastgewerbe\/einkaufen\/messen-in-hoorn\/dinsdagmarkt-kersenboogerd\/","og_locale":"de_DE","og_type":"article","og_title":"Dienstag Markt Kersenboogerd - In Hoorn","og_description":"Jeden Dienstag findet im Einkaufszentrum im Kersenboogerd auf dem Betje Wolffplein ein Markt statt. Auf diesem Markt gibt es etwa 10 St\u00e4nde mit Lebensmitteln und Non-Food-Artikeln. Der Markt \u00f6ffnet um 9:30 Uhr und schlie\u00dft um 16:30 Uhr. Hier ist angenehm viel los und die Marktleute sind den ganzen Morgen und Nachmittag zu h\u00f6ren.","og_url":"https:\/\/www.inhoorn.nl\/de\/einkaufen-gastgewerbe\/einkaufen\/messen-in-hoorn\/dinsdagmarkt-kersenboogerd\/","og_site_name":"In Hoorn","article_publisher":"https:\/\/www.facebook.com\/inhoorn.nl","article_modified_time":"2022-06-14T08:48:09+00:00","og_image":[{"url":"https:\/\/www.inhoorn.nl\/wp-content\/uploads\/2022\/05\/Markt-Kersenboogerd-In-Hoorn-1024x562.jpg","type":"","width":"","height":""}],"twitter_card":"summary_large_image","twitter_misc":{"Gesch\u00e4tzte Lesezeit":"1\u00a0Minute"},"schema":{"@context":"https:\/\/schema.org","@graph":[{"@type":"WebPage","@id":"https:\/\/www.inhoorn.nl\/de\/einkaufen-gastgewerbe\/einkaufen\/messen-in-hoorn\/dinsdagmarkt-kersenboogerd\/","url":"https:\/\/www.inhoorn.nl\/de\/einkaufen-gastgewerbe\/einkaufen\/messen-in-hoorn\/dinsdagmarkt-kersenboogerd\/","name":"Dienstag Markt Kersenboogerd - In Hoorn","isPartOf":{"@id":"https:\/\/www.inhoorn.nl\/de\/#website"},"primaryImageOfPage":{"@id":"https:\/\/www.inhoorn.nl\/de\/einkaufen-gastgewerbe\/einkaufen\/messen-in-hoorn\/dinsdagmarkt-kersenboogerd\/#primaryimage"},"image":{"@id":"https:\/\/www.inhoorn.nl\/de\/einkaufen-gastgewerbe\/einkaufen\/messen-in-hoorn\/dinsdagmarkt-kersenboogerd\/#primaryimage"},"thumbnailUrl":"https:\/\/www.inhoorn.nl\/wp-content\/uploads\/2022\/05\/Markt-Kersenboogerd-In-Hoorn-1024x562.jpg","datePublished":"2021-03-24T15:48:37+00:00","dateModified":"2022-06-14T08:48:09+00:00","breadcrumb":{"@id":"https:\/\/www.inhoorn.nl\/de\/einkaufen-gastgewerbe\/einkaufen\/messen-in-hoorn\/dinsdagmarkt-kersenboogerd\/#breadcrumb"},"inLanguage":"de","potentialAction":[{"@type":"ReadAction","target":["https:\/\/www.inhoorn.nl\/de\/einkaufen-gastgewerbe\/einkaufen\/messen-in-hoorn\/dinsdagmarkt-kersenboogerd\/"]}]},{"@type":"ImageObject","inLanguage":"de","@id":"https:\/\/www.inhoorn.nl\/de\/einkaufen-gastgewerbe\/einkaufen\/messen-in-hoorn\/dinsdagmarkt-kersenboogerd\/#primaryimage","url":"https:\/\/www.inhoorn.nl\/wp-content\/uploads\/2022\/05\/Markt-Kersenboogerd-In-Hoorn-1024x562.jpg","contentUrl":"https:\/\/www.inhoorn.nl\/wp-content\/uploads\/2022\/05\/Markt-Kersenboogerd-In-Hoorn-1024x562.jpg"},{"@type":"BreadcrumbList","@id":"https:\/\/www.inhoorn.nl\/de\/einkaufen-gastgewerbe\/einkaufen\/messen-in-hoorn\/dinsdagmarkt-kersenboogerd\/#breadcrumb","itemListElement":[{"@type":"ListItem","position":1,"name":"Home","item":"https:\/\/www.inhoorn.nl\/de\/"},{"@type":"ListItem","position":2,"name":"Einkaufen &#038; Gastronomie","item":"https:\/\/www.inhoorn.nl\/de\/winkelen-horeca\/"},{"@type":"ListItem","position":3,"name":"Einkaufen","item":"https:\/\/www.inhoorn.nl\/de\/winkelen-horeca\/winkelen\/"},{"@type":"ListItem","position":4,"name":"Markte in Hoorn","item":"https:\/\/www.inhoorn.nl\/de\/einkaufen-gastgewerbe\/einkaufen\/messen-in-hoorn\/"},{"@type":"ListItem","position":5,"name":"Dienstag Markt Kersenboogerd"}]},{"@type":"WebSite","@id":"https:\/\/www.inhoorn.nl\/de\/#website","url":"https:\/\/www.inhoorn.nl\/de\/","name":"In Hoorn","description":"D\u00e9 gids voor Hoorn","publisher":{"@id":"https:\/\/www.inhoorn.nl\/de\/#organization"},"potentialAction":[{"@type":"SearchAction","target":{"@type":"EntryPoint","urlTemplate":"https:\/\/www.inhoorn.nl\/de\/?s={search_term_string}"},"query-input":{"@type":"PropertyValueSpecification","valueRequired":true,"valueName":"search_term_string"}}],"inLanguage":"de"},{"@type":"Organization","@id":"https:\/\/www.inhoorn.nl\/de\/#organization","name":"InHoorn","url":"https:\/\/www.inhoorn.nl\/de\/","logo":{"@type":"ImageObject","inLanguage":"de","@id":"https:\/\/www.inhoorn.nl\/de\/#\/schema\/logo\/image\/","url":"https:\/\/www.inhoorn.nl\/wp-content\/uploads\/2022\/06\/logo_shadow.png","contentUrl":"https:\/\/www.inhoorn.nl\/wp-content\/uploads\/2022\/06\/logo_shadow.png","width":600,"height":275,"caption":"InHoorn"},"image":{"@id":"https:\/\/www.inhoorn.nl\/de\/#\/schema\/logo\/image\/"},"sameAs":["https:\/\/www.facebook.com\/inhoorn.nl"]}]}},"_links":{"self":[{"href":"https:\/\/www.inhoorn.nl\/de\/wp-json\/wp\/v2\/pages\/11402","targetHints":{"allow":["GET"]}}],"collection":[{"href":"https:\/\/www.inhoorn.nl\/de\/wp-json\/wp\/v2\/pages"}],"about":[{"href":"https:\/\/www.inhoorn.nl\/de\/wp-json\/wp\/v2\/types\/page"}],"author":[{"embeddable":true,"href":"https:\/\/www.inhoorn.nl\/de\/wp-json\/wp\/v2\/users\/2"}],"replies":[{"embeddable":true,"href":"https:\/\/www.inhoorn.nl\/de\/wp-json\/wp\/v2\/comments?post=11402"}],"version-history":[{"count":2,"href":"https:\/\/www.inhoorn.nl\/de\/wp-json\/wp\/v2\/pages\/11402\/revisions"}],"predecessor-version":[{"id":11416,"href":"https:\/\/www.inhoorn.nl\/de\/wp-json\/wp\/v2\/pages\/11402\/revisions\/11416"}],"up":[{"embeddable":true,"href":"https:\/\/www.inhoorn.nl\/de\/wp-json\/wp\/v2\/pages\/9482"}],"wp:attachment":[{"href":"https:\/\/www.inhoorn.nl\/de\/wp-json\/wp\/v2\/media?parent=11402"}],"curies":[{"name":"wp","href":"https:\/\/api.w.org\/{rel}","templated":true}]}}