{"id":11418,"date":"2022-05-17T11:31:49","date_gmt":"2022-05-17T11:31:49","guid":{"rendered":"https:\/\/www.inhoorn.nl\/einkaufen-gastgewerbe\/einkaufen\/messen-in-hoorn\/voor-najaarsmarkt\/"},"modified":"2025-03-26T15:09:21","modified_gmt":"2025-03-26T14:09:21","slug":"voor-najaarsmarkt","status":"publish","type":"page","link":"https:\/\/www.inhoorn.nl\/de\/einkaufen-gastgewerbe\/einkaufen\/messen-in-hoorn\/voor-najaarsmarkt\/","title":{"rendered":"Fr\u00fchlings- und Herbstmarkt"},"content":{"rendered":"\n<figure class=\"wp-block-image size-large is-resized\"><img decoding=\"async\" src=\"https:\/\/www.inhoorn.nl\/wp-content\/uploads\/2021\/03\/Markt-op-de-Gouw-scaled-e1616600520819.jpg\" alt=\"\" class=\"wp-image-7468\" style=\"width:840px;height:560px\"\/><\/figure>\n\n\n\n<p class=\"has-black-color has-text-color\" style=\"font-size:14px\">In der Innenstadt von Hoorn findet jedes Jahr ein gro\u00dfer Fr\u00fchlings- und Herbstmarkt statt. 2025 findet der Fr\u00fchlingsmarkt am Mittwoch, den 16. April statt. Auf dem Fr\u00fchlingsmarkt gibt es mehr als 150 St\u00e4nde mit einem sehr vielf\u00e4ltigen Angebot. Die St\u00e4nde befinden sich in der Nieuwstraat, Gouw, Gedempte Turfhaven, der Ostseite des Veemarkts, Grote Noord, Spoorstraat und Breed.<\/p>\n\n\n\n<p style=\"font-size:14px\">Der Herbstmarkt, auch Koemarkt (Kuhmarkt) genannt, findet an Mittwoch 12 November statt.<\/p>\n\n\n\n<p><\/p>\n","protected":false},"excerpt":{"rendered":"<p>In der Innenstadt von Hoorn findet jedes Jahr ein gro\u00dfer Fr\u00fchlings- und Herbstmarkt statt. 2025 findet der Fr\u00fchlingsmarkt am Mittwoch, den 16. April statt. Auf dem Fr\u00fchlingsmarkt gibt es mehr als 150 St\u00e4nde mit einem sehr vielf\u00e4ltigen Angebot. Die St\u00e4nde befinden sich in der Nieuwstraat, Gouw, Gedempte Turfhaven, der Ostseite des Veemarkts, Grote Noord, Spoorstraat [&hellip;]<\/p>\n","protected":false},"author":2,"featured_media":9365,"parent":9482,"menu_order":0,"comment_status":"closed","ping_status":"closed","template":"","meta":{"footnotes":""},"class_list":["post-11418","page","type-page","status-publish","has-post-thumbnail","hentry"],"yoast_head":"<!-- This site is optimized with the Yoast SEO plugin v27.4 - https:\/\/yoast.com\/product\/yoast-seo-wordpress\/ -->\n<title>Fr\u00fchlings- und Herbstmarkt - In Hoorn<\/title>\n<meta name=\"robots\" content=\"index, follow, max-snippet:-1, max-image-preview:large, max-video-preview:-1\" \/>\n<link rel=\"canonical\" href=\"https:\/\/www.inhoorn.nl\/de\/einkaufen-gastgewerbe\/einkaufen\/messen-in-hoorn\/voor-najaarsmarkt\/\" \/>\n<meta property=\"og:locale\" content=\"de_DE\" \/>\n<meta property=\"og:type\" content=\"article\" \/>\n<meta property=\"og:title\" content=\"Fr\u00fchlings- und Herbstmarkt - In Hoorn\" \/>\n<meta property=\"og:description\" content=\"In der Innenstadt von Hoorn findet jedes Jahr ein gro\u00dfer Fr\u00fchlings- und Herbstmarkt statt. 2025 findet der Fr\u00fchlingsmarkt am Mittwoch, den 16. April statt. Auf dem Fr\u00fchlingsmarkt gibt es mehr als 150 St\u00e4nde mit einem sehr vielf\u00e4ltigen Angebot. Die St\u00e4nde befinden sich in der Nieuwstraat, Gouw, Gedempte Turfhaven, der Ostseite des Veemarkts, Grote Noord, Spoorstraat [&hellip;]\" \/>\n<meta property=\"og:url\" content=\"https:\/\/www.inhoorn.nl\/de\/einkaufen-gastgewerbe\/einkaufen\/messen-in-hoorn\/voor-najaarsmarkt\/\" \/>\n<meta property=\"og:site_name\" content=\"In Hoorn\" \/>\n<meta property=\"article:publisher\" content=\"https:\/\/www.facebook.com\/inhoorn.nl\" \/>\n<meta property=\"article:modified_time\" content=\"2025-03-26T14:09:21+00:00\" \/>\n<meta property=\"og:image\" content=\"https:\/\/www.inhoorn.nl\/wp-content\/uploads\/2021\/11\/DSC_0719-1.jpg\" \/>\n\t<meta property=\"og:image:width\" content=\"2000\" \/>\n\t<meta property=\"og:image:height\" content=\"1333\" \/>\n\t<meta property=\"og:image:type\" content=\"image\/jpeg\" \/>\n<meta name=\"twitter:card\" content=\"summary_large_image\" \/>\n<meta name=\"twitter:label1\" content=\"Gesch\u00e4tzte Lesezeit\" \/>\n\t<meta name=\"twitter:data1\" content=\"1\u00a0Minute\" \/>\n<script type=\"application\/ld+json\" class=\"yoast-schema-graph\">{\"@context\":\"https:\\\/\\\/schema.org\",\"@graph\":[{\"@type\":\"WebPage\",\"@id\":\"https:\\\/\\\/www.inhoorn.nl\\\/de\\\/einkaufen-gastgewerbe\\\/einkaufen\\\/messen-in-hoorn\\\/voor-najaarsmarkt\\\/\",\"url\":\"https:\\\/\\\/www.inhoorn.nl\\\/de\\\/einkaufen-gastgewerbe\\\/einkaufen\\\/messen-in-hoorn\\\/voor-najaarsmarkt\\\/\",\"name\":\"Fr\u00fchlings- und Herbstmarkt - In Hoorn\",\"isPartOf\":{\"@id\":\"https:\\\/\\\/www.inhoorn.nl\\\/de\\\/#website\"},\"primaryImageOfPage\":{\"@id\":\"https:\\\/\\\/www.inhoorn.nl\\\/de\\\/einkaufen-gastgewerbe\\\/einkaufen\\\/messen-in-hoorn\\\/voor-najaarsmarkt\\\/#primaryimage\"},\"image\":{\"@id\":\"https:\\\/\\\/www.inhoorn.nl\\\/de\\\/einkaufen-gastgewerbe\\\/einkaufen\\\/messen-in-hoorn\\\/voor-najaarsmarkt\\\/#primaryimage\"},\"thumbnailUrl\":\"https:\\\/\\\/www.inhoorn.nl\\\/wp-content\\\/uploads\\\/2021\\\/11\\\/DSC_0719-1.jpg\",\"datePublished\":\"2022-05-17T11:31:49+00:00\",\"dateModified\":\"2025-03-26T14:09:21+00:00\",\"breadcrumb\":{\"@id\":\"https:\\\/\\\/www.inhoorn.nl\\\/de\\\/einkaufen-gastgewerbe\\\/einkaufen\\\/messen-in-hoorn\\\/voor-najaarsmarkt\\\/#breadcrumb\"},\"inLanguage\":\"de\",\"potentialAction\":[{\"@type\":\"ReadAction\",\"target\":[\"https:\\\/\\\/www.inhoorn.nl\\\/de\\\/einkaufen-gastgewerbe\\\/einkaufen\\\/messen-in-hoorn\\\/voor-najaarsmarkt\\\/\"]}]},{\"@type\":\"ImageObject\",\"inLanguage\":\"de\",\"@id\":\"https:\\\/\\\/www.inhoorn.nl\\\/de\\\/einkaufen-gastgewerbe\\\/einkaufen\\\/messen-in-hoorn\\\/voor-najaarsmarkt\\\/#primaryimage\",\"url\":\"https:\\\/\\\/www.inhoorn.nl\\\/wp-content\\\/uploads\\\/2021\\\/11\\\/DSC_0719-1.jpg\",\"contentUrl\":\"https:\\\/\\\/www.inhoorn.nl\\\/wp-content\\\/uploads\\\/2021\\\/11\\\/DSC_0719-1.jpg\",\"width\":2000,\"height\":1333},{\"@type\":\"BreadcrumbList\",\"@id\":\"https:\\\/\\\/www.inhoorn.nl\\\/de\\\/einkaufen-gastgewerbe\\\/einkaufen\\\/messen-in-hoorn\\\/voor-najaarsmarkt\\\/#breadcrumb\",\"itemListElement\":[{\"@type\":\"ListItem\",\"position\":1,\"name\":\"Home\",\"item\":\"https:\\\/\\\/www.inhoorn.nl\\\/de\\\/\"},{\"@type\":\"ListItem\",\"position\":2,\"name\":\"Einkaufen &#038; Gastronomie\",\"item\":\"https:\\\/\\\/www.inhoorn.nl\\\/de\\\/winkelen-horeca\\\/\"},{\"@type\":\"ListItem\",\"position\":3,\"name\":\"Einkaufen\",\"item\":\"https:\\\/\\\/www.inhoorn.nl\\\/de\\\/winkelen-horeca\\\/winkelen\\\/\"},{\"@type\":\"ListItem\",\"position\":4,\"name\":\"Markte in Hoorn\",\"item\":\"https:\\\/\\\/www.inhoorn.nl\\\/de\\\/einkaufen-gastgewerbe\\\/einkaufen\\\/messen-in-hoorn\\\/\"},{\"@type\":\"ListItem\",\"position\":5,\"name\":\"Fr\u00fchlings- und Herbstmarkt\"}]},{\"@type\":\"WebSite\",\"@id\":\"https:\\\/\\\/www.inhoorn.nl\\\/de\\\/#website\",\"url\":\"https:\\\/\\\/www.inhoorn.nl\\\/de\\\/\",\"name\":\"In Hoorn\",\"description\":\"D\u00e9 gids voor Hoorn\",\"publisher\":{\"@id\":\"https:\\\/\\\/www.inhoorn.nl\\\/de\\\/#organization\"},\"potentialAction\":[{\"@type\":\"SearchAction\",\"target\":{\"@type\":\"EntryPoint\",\"urlTemplate\":\"https:\\\/\\\/www.inhoorn.nl\\\/de\\\/?s={search_term_string}\"},\"query-input\":{\"@type\":\"PropertyValueSpecification\",\"valueRequired\":true,\"valueName\":\"search_term_string\"}}],\"inLanguage\":\"de\"},{\"@type\":\"Organization\",\"@id\":\"https:\\\/\\\/www.inhoorn.nl\\\/de\\\/#organization\",\"name\":\"InHoorn\",\"url\":\"https:\\\/\\\/www.inhoorn.nl\\\/de\\\/\",\"logo\":{\"@type\":\"ImageObject\",\"inLanguage\":\"de\",\"@id\":\"https:\\\/\\\/www.inhoorn.nl\\\/de\\\/#\\\/schema\\\/logo\\\/image\\\/\",\"url\":\"https:\\\/\\\/www.inhoorn.nl\\\/wp-content\\\/uploads\\\/2022\\\/06\\\/logo_shadow.png\",\"contentUrl\":\"https:\\\/\\\/www.inhoorn.nl\\\/wp-content\\\/uploads\\\/2022\\\/06\\\/logo_shadow.png\",\"width\":600,\"height\":275,\"caption\":\"InHoorn\"},\"image\":{\"@id\":\"https:\\\/\\\/www.inhoorn.nl\\\/de\\\/#\\\/schema\\\/logo\\\/image\\\/\"},\"sameAs\":[\"https:\\\/\\\/www.facebook.com\\\/inhoorn.nl\"]}]}<\/script>\n<!-- \/ Yoast SEO plugin. -->","yoast_head_json":{"title":"Fr\u00fchlings- und Herbstmarkt - In Hoorn","robots":{"index":"index","follow":"follow","max-snippet":"max-snippet:-1","max-image-preview":"max-image-preview:large","max-video-preview":"max-video-preview:-1"},"canonical":"https:\/\/www.inhoorn.nl\/de\/einkaufen-gastgewerbe\/einkaufen\/messen-in-hoorn\/voor-najaarsmarkt\/","og_locale":"de_DE","og_type":"article","og_title":"Fr\u00fchlings- und Herbstmarkt - In Hoorn","og_description":"In der Innenstadt von Hoorn findet jedes Jahr ein gro\u00dfer Fr\u00fchlings- und Herbstmarkt statt. 2025 findet der Fr\u00fchlingsmarkt am Mittwoch, den 16. April statt. Auf dem Fr\u00fchlingsmarkt gibt es mehr als 150 St\u00e4nde mit einem sehr vielf\u00e4ltigen Angebot. Die St\u00e4nde befinden sich in der Nieuwstraat, Gouw, Gedempte Turfhaven, der Ostseite des Veemarkts, Grote Noord, Spoorstraat [&hellip;]","og_url":"https:\/\/www.inhoorn.nl\/de\/einkaufen-gastgewerbe\/einkaufen\/messen-in-hoorn\/voor-najaarsmarkt\/","og_site_name":"In Hoorn","article_publisher":"https:\/\/www.facebook.com\/inhoorn.nl","article_modified_time":"2025-03-26T14:09:21+00:00","og_image":[{"width":2000,"height":1333,"url":"https:\/\/www.inhoorn.nl\/wp-content\/uploads\/2021\/11\/DSC_0719-1.jpg","type":"image\/jpeg"}],"twitter_card":"summary_large_image","twitter_misc":{"Gesch\u00e4tzte Lesezeit":"1\u00a0Minute"},"schema":{"@context":"https:\/\/schema.org","@graph":[{"@type":"WebPage","@id":"https:\/\/www.inhoorn.nl\/de\/einkaufen-gastgewerbe\/einkaufen\/messen-in-hoorn\/voor-najaarsmarkt\/","url":"https:\/\/www.inhoorn.nl\/de\/einkaufen-gastgewerbe\/einkaufen\/messen-in-hoorn\/voor-najaarsmarkt\/","name":"Fr\u00fchlings- und Herbstmarkt - In Hoorn","isPartOf":{"@id":"https:\/\/www.inhoorn.nl\/de\/#website"},"primaryImageOfPage":{"@id":"https:\/\/www.inhoorn.nl\/de\/einkaufen-gastgewerbe\/einkaufen\/messen-in-hoorn\/voor-najaarsmarkt\/#primaryimage"},"image":{"@id":"https:\/\/www.inhoorn.nl\/de\/einkaufen-gastgewerbe\/einkaufen\/messen-in-hoorn\/voor-najaarsmarkt\/#primaryimage"},"thumbnailUrl":"https:\/\/www.inhoorn.nl\/wp-content\/uploads\/2021\/11\/DSC_0719-1.jpg","datePublished":"2022-05-17T11:31:49+00:00","dateModified":"2025-03-26T14:09:21+00:00","breadcrumb":{"@id":"https:\/\/www.inhoorn.nl\/de\/einkaufen-gastgewerbe\/einkaufen\/messen-in-hoorn\/voor-najaarsmarkt\/#breadcrumb"},"inLanguage":"de","potentialAction":[{"@type":"ReadAction","target":["https:\/\/www.inhoorn.nl\/de\/einkaufen-gastgewerbe\/einkaufen\/messen-in-hoorn\/voor-najaarsmarkt\/"]}]},{"@type":"ImageObject","inLanguage":"de","@id":"https:\/\/www.inhoorn.nl\/de\/einkaufen-gastgewerbe\/einkaufen\/messen-in-hoorn\/voor-najaarsmarkt\/#primaryimage","url":"https:\/\/www.inhoorn.nl\/wp-content\/uploads\/2021\/11\/DSC_0719-1.jpg","contentUrl":"https:\/\/www.inhoorn.nl\/wp-content\/uploads\/2021\/11\/DSC_0719-1.jpg","width":2000,"height":1333},{"@type":"BreadcrumbList","@id":"https:\/\/www.inhoorn.nl\/de\/einkaufen-gastgewerbe\/einkaufen\/messen-in-hoorn\/voor-najaarsmarkt\/#breadcrumb","itemListElement":[{"@type":"ListItem","position":1,"name":"Home","item":"https:\/\/www.inhoorn.nl\/de\/"},{"@type":"ListItem","position":2,"name":"Einkaufen &#038; Gastronomie","item":"https:\/\/www.inhoorn.nl\/de\/winkelen-horeca\/"},{"@type":"ListItem","position":3,"name":"Einkaufen","item":"https:\/\/www.inhoorn.nl\/de\/winkelen-horeca\/winkelen\/"},{"@type":"ListItem","position":4,"name":"Markte in Hoorn","item":"https:\/\/www.inhoorn.nl\/de\/einkaufen-gastgewerbe\/einkaufen\/messen-in-hoorn\/"},{"@type":"ListItem","position":5,"name":"Fr\u00fchlings- und Herbstmarkt"}]},{"@type":"WebSite","@id":"https:\/\/www.inhoorn.nl\/de\/#website","url":"https:\/\/www.inhoorn.nl\/de\/","name":"In Hoorn","description":"D\u00e9 gids voor Hoorn","publisher":{"@id":"https:\/\/www.inhoorn.nl\/de\/#organization"},"potentialAction":[{"@type":"SearchAction","target":{"@type":"EntryPoint","urlTemplate":"https:\/\/www.inhoorn.nl\/de\/?s={search_term_string}"},"query-input":{"@type":"PropertyValueSpecification","valueRequired":true,"valueName":"search_term_string"}}],"inLanguage":"de"},{"@type":"Organization","@id":"https:\/\/www.inhoorn.nl\/de\/#organization","name":"InHoorn","url":"https:\/\/www.inhoorn.nl\/de\/","logo":{"@type":"ImageObject","inLanguage":"de","@id":"https:\/\/www.inhoorn.nl\/de\/#\/schema\/logo\/image\/","url":"https:\/\/www.inhoorn.nl\/wp-content\/uploads\/2022\/06\/logo_shadow.png","contentUrl":"https:\/\/www.inhoorn.nl\/wp-content\/uploads\/2022\/06\/logo_shadow.png","width":600,"height":275,"caption":"InHoorn"},"image":{"@id":"https:\/\/www.inhoorn.nl\/de\/#\/schema\/logo\/image\/"},"sameAs":["https:\/\/www.facebook.com\/inhoorn.nl"]}]}},"_links":{"self":[{"href":"https:\/\/www.inhoorn.nl\/de\/wp-json\/wp\/v2\/pages\/11418","targetHints":{"allow":["GET"]}}],"collection":[{"href":"https:\/\/www.inhoorn.nl\/de\/wp-json\/wp\/v2\/pages"}],"about":[{"href":"https:\/\/www.inhoorn.nl\/de\/wp-json\/wp\/v2\/types\/page"}],"author":[{"embeddable":true,"href":"https:\/\/www.inhoorn.nl\/de\/wp-json\/wp\/v2\/users\/2"}],"replies":[{"embeddable":true,"href":"https:\/\/www.inhoorn.nl\/de\/wp-json\/wp\/v2\/comments?post=11418"}],"version-history":[{"count":4,"href":"https:\/\/www.inhoorn.nl\/de\/wp-json\/wp\/v2\/pages\/11418\/revisions"}],"predecessor-version":[{"id":30835,"href":"https:\/\/www.inhoorn.nl\/de\/wp-json\/wp\/v2\/pages\/11418\/revisions\/30835"}],"up":[{"embeddable":true,"href":"https:\/\/www.inhoorn.nl\/de\/wp-json\/wp\/v2\/pages\/9482"}],"wp:featuredmedia":[{"embeddable":true,"href":"https:\/\/www.inhoorn.nl\/de\/wp-json\/wp\/v2\/media\/9365"}],"wp:attachment":[{"href":"https:\/\/www.inhoorn.nl\/de\/wp-json\/wp\/v2\/media?parent=11418"}],"curies":[{"name":"wp","href":"https:\/\/api.w.org\/{rel}","templated":true}]}}