{"id":11442,"date":"2020-11-24T14:06:44","date_gmt":"2020-11-24T14:06:44","guid":{"rendered":"https:\/\/www.inhoorn.nl\/einkaufen-gastgewerbe\/einkaufen\/winkelcentra\/"},"modified":"2022-06-15T11:00:48","modified_gmt":"2022-06-15T09:00:48","slug":"winkelcentra","status":"publish","type":"page","link":"https:\/\/www.inhoorn.nl\/de\/einkaufen-gastgewerbe\/einkaufen\/winkelcentra\/","title":{"rendered":"Einkaufszentren"},"content":{"rendered":"\n<h2 class=\"has-text-color wp-block-heading\" id=\"h-hunderte-von-geschaften\" style=\"color:#666666;font-size:18px\">Hunderte von Gesch\u00e4ften<\/h2>\n\n\n\n<p class=\"has-black-color has-text-color\" style=\"font-size:14px\">Hoorn hat acht Einkaufszentren, die \u00fcber die Gemeinde verteilt sind. Am gr\u00f6\u00dften ist nat\u00fcrlich die gesamte Innenstadt. Ein einzigartiges Einkaufszentrum mit einer Vielzahl von Gesch\u00e4ften. Es gibt auch den Hof van Hoorn, wo das Thema \u201eBig Shopping\u201c lautet, was deutlich macht, dass hier gro\u00dfe Eink\u00e4ufe wie Betten, M\u00f6bel und Haushaltsger\u00e4te erh\u00e4ltlich sind. Hinzu kommen sechs charakteristische Zentren mit den bekannten Supermarktketten, erg\u00e4nzt durch diverse selbstst\u00e4ndige Unternehmer. Im Risdam finden Sie das Einkaufszentrum De Huesmolen, im Einkaufszentrum Grote Waal das Grote Beer, im Einkaufszentrum Kersenboogerd Kersenboogerd und in den Zwaag-Einkaufszentren De Korenbloem und Einkaufszentrum Bangert und Oosterpolder. Schlie\u00dflich gibt es noch das Einkaufszentrum De Beurs in Blokker.<\/p>\n\n\n\n<div class=\"wp-block-buttons is-layout-flex wp-block-buttons-is-layout-flex\">\n<div class=\"wp-block-button has-custom-width wp-block-button__width-50 has-custom-font-size\" style=\"font-size:16px\"><a class=\"wp-block-button__link has-background\" href=\"https:\/\/www.inhoorn.nl\/winkelen-horeca\/winkelen\/winkelcentra\/binnenstad\/\" style=\"border-radius:0px;background-color:#ff3d7e\"><strong>Gesch\u00e4fte in der Innenstadt<\/strong><\/a><\/div>\n\n\n\n<div class=\"wp-block-button has-custom-width wp-block-button__width-50 has-custom-font-size\" style=\"font-size:16px\"><a class=\"wp-block-button__link has-background\" href=\"https:\/\/www.inhoorn.nl\/winkelen-horeca\/winkelen\/winkelcentra\/hof-van-hoorn\/\" style=\"border-radius:0px;background-color:#ff3d7e\"><strong>Gesch\u00e4fte im Hof \u200b\u200bvan Hoorn<\/strong><\/a><\/div>\n\n\n\n<div class=\"wp-block-button has-custom-width wp-block-button__width-50 has-custom-font-size\" style=\"font-size:16px\"><a class=\"wp-block-button__link has-background\" href=\"https:\/\/www.inhoorn.nl\/winkelen-horeca\/winkelen\/winkelcentra\/de-huesmolen\/\" style=\"border-radius:0px;background-color:#ff3d7e\"><strong>Gesch\u00e4fte im Huesmolen<\/strong><\/a><\/div>\n\n\n\n<div class=\"wp-block-button has-custom-width wp-block-button__width-50 has-custom-font-size\" style=\"font-size:16px\"><a class=\"wp-block-button__link has-background\" href=\"https:\/\/www.inhoorn.nl\/winkelen-horeca\/winkelen\/winkelcentra\/de-grote-beer\/\" style=\"border-radius:0px;background-color:#ff3d7e\"><strong>Gesch\u00e4fte im Grote Beer<\/strong><\/a><\/div>\n\n\n\n<div class=\"wp-block-button has-custom-width wp-block-button__width-50 has-custom-font-size\" style=\"font-size:16px\"><a class=\"wp-block-button__link has-background\" href=\"https:\/\/www.inhoorn.nl\/winkelen-horeca\/winkelen\/winkelcentra\/de-kersenboogerd\/\" style=\"border-radius:0px;background-color:#ff3d7e\"><strong>Gesch\u00e4fte im Kersenboogerd<\/strong><\/a><\/div>\n\n\n\n<div class=\"wp-block-button has-custom-width wp-block-button__width-50 has-custom-font-size\" style=\"font-size:16px\"><a class=\"wp-block-button__link has-background\" href=\"https:\/\/www.inhoorn.nl\/winkelen-horeca\/winkelen\/winkelcentra\/de-korenbloem\/\" style=\"border-radius:0px;background-color:#ff3d7e\"><strong>Gesch\u00e4fte im Korenbloem<\/strong><\/a><\/div>\n\n\n\n<div class=\"wp-block-button has-custom-width wp-block-button__width-50 has-custom-font-size\" style=\"font-size:16px\"><a class=\"wp-block-button__link has-background\" style=\"border-radius:0px;background-color:#ff3d7e\"><strong>Gesch\u00e4fte im Bangert &amp; Oosterpolder<\/strong><\/a><\/div>\n\n\n\n<div class=\"wp-block-button has-custom-width wp-block-button__width-50 has-custom-font-size\" style=\"font-size:16px\"><a class=\"wp-block-button__link has-background\" style=\"border-radius:0px;background-color:#ff3d7e\"><strong>Gesch\u00e4fte im Beurs<\/strong><\/a><\/div>\n<\/div>\n\n\n\n<p><\/p>\n","protected":false},"excerpt":{"rendered":"<p>Hunderte von Gesch\u00e4ften Hoorn hat acht Einkaufszentren, die \u00fcber die Gemeinde verteilt sind. Am gr\u00f6\u00dften ist nat\u00fcrlich die gesamte Innenstadt. Ein einzigartiges Einkaufszentrum mit einer Vielzahl von Gesch\u00e4ften. Es gibt auch den Hof van Hoorn, wo das Thema \u201eBig Shopping\u201c lautet, was deutlich macht, dass hier gro\u00dfe Eink\u00e4ufe wie Betten, M\u00f6bel und Haushaltsger\u00e4te erh\u00e4ltlich sind. [&hellip;]<\/p>\n","protected":false},"author":1,"featured_media":0,"parent":9404,"menu_order":0,"comment_status":"closed","ping_status":"closed","template":"","meta":{"footnotes":""},"class_list":["post-11442","page","type-page","status-publish","hentry"],"yoast_head":"<!-- This site is optimized with the Yoast SEO Premium plugin v26.0 (Yoast SEO v27.4) - https:\/\/yoast.com\/product\/yoast-seo-premium-wordpress\/ -->\n<title>Einkaufszentren - In Hoorn<\/title>\n<meta name=\"description\" content=\"60\" \/>\n<meta name=\"robots\" content=\"index, follow, max-snippet:-1, max-image-preview:large, max-video-preview:-1\" \/>\n<link rel=\"canonical\" href=\"https:\/\/www.inhoorn.nl\/de\/einkaufen-gastgewerbe\/einkaufen\/winkelcentra\/\" \/>\n<meta property=\"og:locale\" content=\"de_DE\" \/>\n<meta property=\"og:type\" content=\"article\" \/>\n<meta property=\"og:title\" content=\"Einkaufszentren\" \/>\n<meta property=\"og:description\" content=\"60\" \/>\n<meta property=\"og:url\" content=\"https:\/\/www.inhoorn.nl\/de\/einkaufen-gastgewerbe\/einkaufen\/winkelcentra\/\" \/>\n<meta property=\"og:site_name\" content=\"In Hoorn\" \/>\n<meta property=\"article:publisher\" content=\"https:\/\/www.facebook.com\/inhoorn.nl\" \/>\n<meta property=\"article:modified_time\" content=\"2022-06-15T09:00:48+00:00\" \/>\n<meta property=\"og:image\" content=\"https:\/\/www.inhoorn.nl\/wp-content\/uploads\/2022\/06\/logo_shadow.png\" \/>\n\t<meta property=\"og:image:width\" content=\"600\" \/>\n\t<meta property=\"og:image:height\" content=\"275\" \/>\n\t<meta property=\"og:image:type\" content=\"image\/png\" \/>\n<meta name=\"twitter:card\" content=\"summary_large_image\" \/>\n<meta name=\"twitter:label1\" content=\"Gesch\u00e4tzte Lesezeit\" \/>\n\t<meta name=\"twitter:data1\" content=\"1\u00a0Minute\" \/>\n<script type=\"application\/ld+json\" class=\"yoast-schema-graph\">{\"@context\":\"https:\\\/\\\/schema.org\",\"@graph\":[{\"@type\":\"WebPage\",\"@id\":\"https:\\\/\\\/www.inhoorn.nl\\\/de\\\/einkaufen-gastgewerbe\\\/einkaufen\\\/winkelcentra\\\/\",\"url\":\"https:\\\/\\\/www.inhoorn.nl\\\/de\\\/einkaufen-gastgewerbe\\\/einkaufen\\\/winkelcentra\\\/\",\"name\":\"Einkaufszentren - In Hoorn\",\"isPartOf\":{\"@id\":\"https:\\\/\\\/www.inhoorn.nl\\\/de\\\/#website\"},\"datePublished\":\"2020-11-24T14:06:44+00:00\",\"dateModified\":\"2022-06-15T09:00:48+00:00\",\"description\":\"60\",\"breadcrumb\":{\"@id\":\"https:\\\/\\\/www.inhoorn.nl\\\/de\\\/einkaufen-gastgewerbe\\\/einkaufen\\\/winkelcentra\\\/#breadcrumb\"},\"inLanguage\":\"de\",\"potentialAction\":[{\"@type\":\"ReadAction\",\"target\":[\"https:\\\/\\\/www.inhoorn.nl\\\/de\\\/einkaufen-gastgewerbe\\\/einkaufen\\\/winkelcentra\\\/\"]}]},{\"@type\":\"BreadcrumbList\",\"@id\":\"https:\\\/\\\/www.inhoorn.nl\\\/de\\\/einkaufen-gastgewerbe\\\/einkaufen\\\/winkelcentra\\\/#breadcrumb\",\"itemListElement\":[{\"@type\":\"ListItem\",\"position\":1,\"name\":\"Home\",\"item\":\"https:\\\/\\\/www.inhoorn.nl\\\/de\\\/\"},{\"@type\":\"ListItem\",\"position\":2,\"name\":\"Einkaufen &#038; Gastronomie\",\"item\":\"https:\\\/\\\/www.inhoorn.nl\\\/de\\\/winkelen-horeca\\\/\"},{\"@type\":\"ListItem\",\"position\":3,\"name\":\"Einkaufen\",\"item\":\"https:\\\/\\\/www.inhoorn.nl\\\/de\\\/winkelen-horeca\\\/winkelen\\\/\"},{\"@type\":\"ListItem\",\"position\":4,\"name\":\"Einkaufszentren\"}]},{\"@type\":\"WebSite\",\"@id\":\"https:\\\/\\\/www.inhoorn.nl\\\/de\\\/#website\",\"url\":\"https:\\\/\\\/www.inhoorn.nl\\\/de\\\/\",\"name\":\"In Hoorn\",\"description\":\"D\u00e9 gids voor Hoorn\",\"publisher\":{\"@id\":\"https:\\\/\\\/www.inhoorn.nl\\\/de\\\/#organization\"},\"potentialAction\":[{\"@type\":\"SearchAction\",\"target\":{\"@type\":\"EntryPoint\",\"urlTemplate\":\"https:\\\/\\\/www.inhoorn.nl\\\/de\\\/?s={search_term_string}\"},\"query-input\":{\"@type\":\"PropertyValueSpecification\",\"valueRequired\":true,\"valueName\":\"search_term_string\"}}],\"inLanguage\":\"de\"},{\"@type\":\"Organization\",\"@id\":\"https:\\\/\\\/www.inhoorn.nl\\\/de\\\/#organization\",\"name\":\"InHoorn\",\"url\":\"https:\\\/\\\/www.inhoorn.nl\\\/de\\\/\",\"logo\":{\"@type\":\"ImageObject\",\"inLanguage\":\"de\",\"@id\":\"https:\\\/\\\/www.inhoorn.nl\\\/de\\\/#\\\/schema\\\/logo\\\/image\\\/\",\"url\":\"https:\\\/\\\/www.inhoorn.nl\\\/wp-content\\\/uploads\\\/2022\\\/06\\\/logo_shadow.png\",\"contentUrl\":\"https:\\\/\\\/www.inhoorn.nl\\\/wp-content\\\/uploads\\\/2022\\\/06\\\/logo_shadow.png\",\"width\":600,\"height\":275,\"caption\":\"InHoorn\"},\"image\":{\"@id\":\"https:\\\/\\\/www.inhoorn.nl\\\/de\\\/#\\\/schema\\\/logo\\\/image\\\/\"},\"sameAs\":[\"https:\\\/\\\/www.facebook.com\\\/inhoorn.nl\"]}]}<\/script>\n<!-- \/ Yoast SEO Premium plugin. -->","yoast_head_json":{"title":"Einkaufszentren - In Hoorn","description":"60","robots":{"index":"index","follow":"follow","max-snippet":"max-snippet:-1","max-image-preview":"max-image-preview:large","max-video-preview":"max-video-preview:-1"},"canonical":"https:\/\/www.inhoorn.nl\/de\/einkaufen-gastgewerbe\/einkaufen\/winkelcentra\/","og_locale":"de_DE","og_type":"article","og_title":"Einkaufszentren","og_description":"60","og_url":"https:\/\/www.inhoorn.nl\/de\/einkaufen-gastgewerbe\/einkaufen\/winkelcentra\/","og_site_name":"In Hoorn","article_publisher":"https:\/\/www.facebook.com\/inhoorn.nl","article_modified_time":"2022-06-15T09:00:48+00:00","og_image":[{"width":600,"height":275,"url":"https:\/\/www.inhoorn.nl\/wp-content\/uploads\/2022\/06\/logo_shadow.png","type":"image\/png"}],"twitter_card":"summary_large_image","twitter_misc":{"Gesch\u00e4tzte Lesezeit":"1\u00a0Minute"},"schema":{"@context":"https:\/\/schema.org","@graph":[{"@type":"WebPage","@id":"https:\/\/www.inhoorn.nl\/de\/einkaufen-gastgewerbe\/einkaufen\/winkelcentra\/","url":"https:\/\/www.inhoorn.nl\/de\/einkaufen-gastgewerbe\/einkaufen\/winkelcentra\/","name":"Einkaufszentren - In Hoorn","isPartOf":{"@id":"https:\/\/www.inhoorn.nl\/de\/#website"},"datePublished":"2020-11-24T14:06:44+00:00","dateModified":"2022-06-15T09:00:48+00:00","description":"60","breadcrumb":{"@id":"https:\/\/www.inhoorn.nl\/de\/einkaufen-gastgewerbe\/einkaufen\/winkelcentra\/#breadcrumb"},"inLanguage":"de","potentialAction":[{"@type":"ReadAction","target":["https:\/\/www.inhoorn.nl\/de\/einkaufen-gastgewerbe\/einkaufen\/winkelcentra\/"]}]},{"@type":"BreadcrumbList","@id":"https:\/\/www.inhoorn.nl\/de\/einkaufen-gastgewerbe\/einkaufen\/winkelcentra\/#breadcrumb","itemListElement":[{"@type":"ListItem","position":1,"name":"Home","item":"https:\/\/www.inhoorn.nl\/de\/"},{"@type":"ListItem","position":2,"name":"Einkaufen &#038; Gastronomie","item":"https:\/\/www.inhoorn.nl\/de\/winkelen-horeca\/"},{"@type":"ListItem","position":3,"name":"Einkaufen","item":"https:\/\/www.inhoorn.nl\/de\/winkelen-horeca\/winkelen\/"},{"@type":"ListItem","position":4,"name":"Einkaufszentren"}]},{"@type":"WebSite","@id":"https:\/\/www.inhoorn.nl\/de\/#website","url":"https:\/\/www.inhoorn.nl\/de\/","name":"In Hoorn","description":"D\u00e9 gids voor Hoorn","publisher":{"@id":"https:\/\/www.inhoorn.nl\/de\/#organization"},"potentialAction":[{"@type":"SearchAction","target":{"@type":"EntryPoint","urlTemplate":"https:\/\/www.inhoorn.nl\/de\/?s={search_term_string}"},"query-input":{"@type":"PropertyValueSpecification","valueRequired":true,"valueName":"search_term_string"}}],"inLanguage":"de"},{"@type":"Organization","@id":"https:\/\/www.inhoorn.nl\/de\/#organization","name":"InHoorn","url":"https:\/\/www.inhoorn.nl\/de\/","logo":{"@type":"ImageObject","inLanguage":"de","@id":"https:\/\/www.inhoorn.nl\/de\/#\/schema\/logo\/image\/","url":"https:\/\/www.inhoorn.nl\/wp-content\/uploads\/2022\/06\/logo_shadow.png","contentUrl":"https:\/\/www.inhoorn.nl\/wp-content\/uploads\/2022\/06\/logo_shadow.png","width":600,"height":275,"caption":"InHoorn"},"image":{"@id":"https:\/\/www.inhoorn.nl\/de\/#\/schema\/logo\/image\/"},"sameAs":["https:\/\/www.facebook.com\/inhoorn.nl"]}]}},"_links":{"self":[{"href":"https:\/\/www.inhoorn.nl\/de\/wp-json\/wp\/v2\/pages\/11442","targetHints":{"allow":["GET"]}}],"collection":[{"href":"https:\/\/www.inhoorn.nl\/de\/wp-json\/wp\/v2\/pages"}],"about":[{"href":"https:\/\/www.inhoorn.nl\/de\/wp-json\/wp\/v2\/types\/page"}],"author":[{"embeddable":true,"href":"https:\/\/www.inhoorn.nl\/de\/wp-json\/wp\/v2\/users\/1"}],"replies":[{"embeddable":true,"href":"https:\/\/www.inhoorn.nl\/de\/wp-json\/wp\/v2\/comments?post=11442"}],"version-history":[{"count":2,"href":"https:\/\/www.inhoorn.nl\/de\/wp-json\/wp\/v2\/pages\/11442\/revisions"}],"predecessor-version":[{"id":11447,"href":"https:\/\/www.inhoorn.nl\/de\/wp-json\/wp\/v2\/pages\/11442\/revisions\/11447"}],"up":[{"embeddable":true,"href":"https:\/\/www.inhoorn.nl\/de\/wp-json\/wp\/v2\/pages\/9404"}],"wp:attachment":[{"href":"https:\/\/www.inhoorn.nl\/de\/wp-json\/wp\/v2\/media?parent=11442"}],"curies":[{"name":"wp","href":"https:\/\/api.w.org\/{rel}","templated":true}]}}