{"id":11496,"date":"2020-11-27T08:10:29","date_gmt":"2020-11-27T08:10:29","guid":{"rendered":"https:\/\/www.inhoorn.nl\/sehen-tun\/doen\/activiteiten-in-hoorn\/"},"modified":"2022-07-14T15:28:28","modified_gmt":"2022-07-14T13:28:28","slug":"aktivitaten","status":"publish","type":"page","link":"https:\/\/www.inhoorn.nl\/de\/sehen-tun\/machen\/aktivitaten\/","title":{"rendered":"Aktivit\u00e4ten in Hoorn"},"content":{"rendered":"\n<h2 class=\"wp-block-heading\" id=\"h-spass-fur-alle\">Spa\u00df f\u00fcr alle<\/h2>\n\n\n\n<p>Neben Kunst, Kultur und Geschichte gibt es in Hoorn viel Platz f\u00fcr Spa\u00df! Es gibt verschiedene Hotspots, an denen Sie an den besten Aktivit\u00e4ten teilnehmen k\u00f6nnen, sowohl an Land, auf und im Wasser als auch in der Luft.<\/p>\n","protected":false},"excerpt":{"rendered":"<p>Spa\u00df f\u00fcr alle Neben Kunst, Kultur und Geschichte gibt es in Hoorn viel Platz f\u00fcr Spa\u00df! Es gibt verschiedene Hotspots, an denen Sie an den besten Aktivit\u00e4ten teilnehmen k\u00f6nnen, sowohl an Land, auf und im Wasser als auch in der Luft.<\/p>\n","protected":false},"author":1,"featured_media":0,"parent":11493,"menu_order":0,"comment_status":"closed","ping_status":"closed","template":"templates\/page-bedrijvengids.php","meta":{"footnotes":""},"class_list":["post-11496","page","type-page","status-publish","hentry"],"yoast_head":"<!-- This site is optimized with the Yoast SEO plugin v27.4 - https:\/\/yoast.com\/product\/yoast-seo-wordpress\/ -->\n<title>Aktivit\u00e4ten in Hoorn - In Hoorn<\/title>\n<meta name=\"robots\" content=\"index, follow, max-snippet:-1, max-image-preview:large, max-video-preview:-1\" \/>\n<link rel=\"canonical\" href=\"https:\/\/www.inhoorn.nl\/de\/sehen-tun\/machen\/aktivitaten\/\" \/>\n<meta property=\"og:locale\" content=\"de_DE\" \/>\n<meta property=\"og:type\" content=\"article\" \/>\n<meta property=\"og:title\" content=\"Aktivit\u00e4ten in Hoorn - In Hoorn\" \/>\n<meta property=\"og:description\" content=\"Spa\u00df f\u00fcr alle Neben Kunst, Kultur und Geschichte gibt es in Hoorn viel Platz f\u00fcr Spa\u00df! Es gibt verschiedene Hotspots, an denen Sie an den besten Aktivit\u00e4ten teilnehmen k\u00f6nnen, sowohl an Land, auf und im Wasser als auch in der Luft.\" \/>\n<meta property=\"og:url\" content=\"https:\/\/www.inhoorn.nl\/de\/sehen-tun\/machen\/aktivitaten\/\" \/>\n<meta property=\"og:site_name\" content=\"In Hoorn\" \/>\n<meta property=\"article:publisher\" content=\"https:\/\/www.facebook.com\/inhoorn.nl\" \/>\n<meta property=\"article:modified_time\" content=\"2022-07-14T13:28:28+00:00\" \/>\n<meta property=\"og:image\" content=\"https:\/\/www.inhoorn.nl\/wp-content\/uploads\/2022\/06\/logo_shadow.png\" \/>\n\t<meta property=\"og:image:width\" content=\"600\" \/>\n\t<meta property=\"og:image:height\" content=\"275\" \/>\n\t<meta property=\"og:image:type\" content=\"image\/png\" \/>\n<meta name=\"twitter:card\" content=\"summary_large_image\" \/>\n<meta name=\"twitter:label1\" content=\"Gesch\u00e4tzte Lesezeit\" \/>\n\t<meta name=\"twitter:data1\" content=\"1\u00a0Minute\" \/>\n<script type=\"application\/ld+json\" class=\"yoast-schema-graph\">{\"@context\":\"https:\\\/\\\/schema.org\",\"@graph\":[{\"@type\":\"WebPage\",\"@id\":\"https:\\\/\\\/www.inhoorn.nl\\\/de\\\/sehen-tun\\\/machen\\\/aktivitaten\\\/\",\"url\":\"https:\\\/\\\/www.inhoorn.nl\\\/de\\\/sehen-tun\\\/machen\\\/aktivitaten\\\/\",\"name\":\"Aktivit\u00e4ten in Hoorn - In Hoorn\",\"isPartOf\":{\"@id\":\"https:\\\/\\\/www.inhoorn.nl\\\/de\\\/#website\"},\"datePublished\":\"2020-11-27T08:10:29+00:00\",\"dateModified\":\"2022-07-14T13:28:28+00:00\",\"breadcrumb\":{\"@id\":\"https:\\\/\\\/www.inhoorn.nl\\\/de\\\/sehen-tun\\\/machen\\\/aktivitaten\\\/#breadcrumb\"},\"inLanguage\":\"de\",\"potentialAction\":[{\"@type\":\"ReadAction\",\"target\":[\"https:\\\/\\\/www.inhoorn.nl\\\/de\\\/sehen-tun\\\/machen\\\/aktivitaten\\\/\"]}]},{\"@type\":\"BreadcrumbList\",\"@id\":\"https:\\\/\\\/www.inhoorn.nl\\\/de\\\/sehen-tun\\\/machen\\\/aktivitaten\\\/#breadcrumb\",\"itemListElement\":[{\"@type\":\"ListItem\",\"position\":1,\"name\":\"Home\",\"item\":\"https:\\\/\\\/www.inhoorn.nl\\\/de\\\/\"},{\"@type\":\"ListItem\",\"position\":2,\"name\":\"Sehen &#038; tun\",\"item\":\"https:\\\/\\\/www.inhoorn.nl\\\/de\\\/zien-doen\\\/\"},{\"@type\":\"ListItem\",\"position\":3,\"name\":\"Machen!\",\"item\":\"https:\\\/\\\/www.inhoorn.nl\\\/de\\\/zien-doen\\\/doen\\\/\"},{\"@type\":\"ListItem\",\"position\":4,\"name\":\"Aktivit\u00e4ten in Hoorn\"}]},{\"@type\":\"WebSite\",\"@id\":\"https:\\\/\\\/www.inhoorn.nl\\\/de\\\/#website\",\"url\":\"https:\\\/\\\/www.inhoorn.nl\\\/de\\\/\",\"name\":\"In Hoorn\",\"description\":\"D\u00e9 gids voor Hoorn\",\"publisher\":{\"@id\":\"https:\\\/\\\/www.inhoorn.nl\\\/de\\\/#organization\"},\"potentialAction\":[{\"@type\":\"SearchAction\",\"target\":{\"@type\":\"EntryPoint\",\"urlTemplate\":\"https:\\\/\\\/www.inhoorn.nl\\\/de\\\/?s={search_term_string}\"},\"query-input\":{\"@type\":\"PropertyValueSpecification\",\"valueRequired\":true,\"valueName\":\"search_term_string\"}}],\"inLanguage\":\"de\"},{\"@type\":\"Organization\",\"@id\":\"https:\\\/\\\/www.inhoorn.nl\\\/de\\\/#organization\",\"name\":\"InHoorn\",\"url\":\"https:\\\/\\\/www.inhoorn.nl\\\/de\\\/\",\"logo\":{\"@type\":\"ImageObject\",\"inLanguage\":\"de\",\"@id\":\"https:\\\/\\\/www.inhoorn.nl\\\/de\\\/#\\\/schema\\\/logo\\\/image\\\/\",\"url\":\"https:\\\/\\\/www.inhoorn.nl\\\/wp-content\\\/uploads\\\/2022\\\/06\\\/logo_shadow.png\",\"contentUrl\":\"https:\\\/\\\/www.inhoorn.nl\\\/wp-content\\\/uploads\\\/2022\\\/06\\\/logo_shadow.png\",\"width\":600,\"height\":275,\"caption\":\"InHoorn\"},\"image\":{\"@id\":\"https:\\\/\\\/www.inhoorn.nl\\\/de\\\/#\\\/schema\\\/logo\\\/image\\\/\"},\"sameAs\":[\"https:\\\/\\\/www.facebook.com\\\/inhoorn.nl\"]}]}<\/script>\n<!-- \/ Yoast SEO plugin. -->","yoast_head_json":{"title":"Aktivit\u00e4ten in Hoorn - In Hoorn","robots":{"index":"index","follow":"follow","max-snippet":"max-snippet:-1","max-image-preview":"max-image-preview:large","max-video-preview":"max-video-preview:-1"},"canonical":"https:\/\/www.inhoorn.nl\/de\/sehen-tun\/machen\/aktivitaten\/","og_locale":"de_DE","og_type":"article","og_title":"Aktivit\u00e4ten in Hoorn - In Hoorn","og_description":"Spa\u00df f\u00fcr alle Neben Kunst, Kultur und Geschichte gibt es in Hoorn viel Platz f\u00fcr Spa\u00df! Es gibt verschiedene Hotspots, an denen Sie an den besten Aktivit\u00e4ten teilnehmen k\u00f6nnen, sowohl an Land, auf und im Wasser als auch in der Luft.","og_url":"https:\/\/www.inhoorn.nl\/de\/sehen-tun\/machen\/aktivitaten\/","og_site_name":"In Hoorn","article_publisher":"https:\/\/www.facebook.com\/inhoorn.nl","article_modified_time":"2022-07-14T13:28:28+00:00","og_image":[{"width":600,"height":275,"url":"https:\/\/www.inhoorn.nl\/wp-content\/uploads\/2022\/06\/logo_shadow.png","type":"image\/png"}],"twitter_card":"summary_large_image","twitter_misc":{"Gesch\u00e4tzte Lesezeit":"1\u00a0Minute"},"schema":{"@context":"https:\/\/schema.org","@graph":[{"@type":"WebPage","@id":"https:\/\/www.inhoorn.nl\/de\/sehen-tun\/machen\/aktivitaten\/","url":"https:\/\/www.inhoorn.nl\/de\/sehen-tun\/machen\/aktivitaten\/","name":"Aktivit\u00e4ten in Hoorn - In Hoorn","isPartOf":{"@id":"https:\/\/www.inhoorn.nl\/de\/#website"},"datePublished":"2020-11-27T08:10:29+00:00","dateModified":"2022-07-14T13:28:28+00:00","breadcrumb":{"@id":"https:\/\/www.inhoorn.nl\/de\/sehen-tun\/machen\/aktivitaten\/#breadcrumb"},"inLanguage":"de","potentialAction":[{"@type":"ReadAction","target":["https:\/\/www.inhoorn.nl\/de\/sehen-tun\/machen\/aktivitaten\/"]}]},{"@type":"BreadcrumbList","@id":"https:\/\/www.inhoorn.nl\/de\/sehen-tun\/machen\/aktivitaten\/#breadcrumb","itemListElement":[{"@type":"ListItem","position":1,"name":"Home","item":"https:\/\/www.inhoorn.nl\/de\/"},{"@type":"ListItem","position":2,"name":"Sehen &#038; tun","item":"https:\/\/www.inhoorn.nl\/de\/zien-doen\/"},{"@type":"ListItem","position":3,"name":"Machen!","item":"https:\/\/www.inhoorn.nl\/de\/zien-doen\/doen\/"},{"@type":"ListItem","position":4,"name":"Aktivit\u00e4ten in Hoorn"}]},{"@type":"WebSite","@id":"https:\/\/www.inhoorn.nl\/de\/#website","url":"https:\/\/www.inhoorn.nl\/de\/","name":"In Hoorn","description":"D\u00e9 gids voor Hoorn","publisher":{"@id":"https:\/\/www.inhoorn.nl\/de\/#organization"},"potentialAction":[{"@type":"SearchAction","target":{"@type":"EntryPoint","urlTemplate":"https:\/\/www.inhoorn.nl\/de\/?s={search_term_string}"},"query-input":{"@type":"PropertyValueSpecification","valueRequired":true,"valueName":"search_term_string"}}],"inLanguage":"de"},{"@type":"Organization","@id":"https:\/\/www.inhoorn.nl\/de\/#organization","name":"InHoorn","url":"https:\/\/www.inhoorn.nl\/de\/","logo":{"@type":"ImageObject","inLanguage":"de","@id":"https:\/\/www.inhoorn.nl\/de\/#\/schema\/logo\/image\/","url":"https:\/\/www.inhoorn.nl\/wp-content\/uploads\/2022\/06\/logo_shadow.png","contentUrl":"https:\/\/www.inhoorn.nl\/wp-content\/uploads\/2022\/06\/logo_shadow.png","width":600,"height":275,"caption":"InHoorn"},"image":{"@id":"https:\/\/www.inhoorn.nl\/de\/#\/schema\/logo\/image\/"},"sameAs":["https:\/\/www.facebook.com\/inhoorn.nl"]}]}},"_links":{"self":[{"href":"https:\/\/www.inhoorn.nl\/de\/wp-json\/wp\/v2\/pages\/11496","targetHints":{"allow":["GET"]}}],"collection":[{"href":"https:\/\/www.inhoorn.nl\/de\/wp-json\/wp\/v2\/pages"}],"about":[{"href":"https:\/\/www.inhoorn.nl\/de\/wp-json\/wp\/v2\/types\/page"}],"author":[{"embeddable":true,"href":"https:\/\/www.inhoorn.nl\/de\/wp-json\/wp\/v2\/users\/1"}],"replies":[{"embeddable":true,"href":"https:\/\/www.inhoorn.nl\/de\/wp-json\/wp\/v2\/comments?post=11496"}],"version-history":[{"count":2,"href":"https:\/\/www.inhoorn.nl\/de\/wp-json\/wp\/v2\/pages\/11496\/revisions"}],"predecessor-version":[{"id":13596,"href":"https:\/\/www.inhoorn.nl\/de\/wp-json\/wp\/v2\/pages\/11496\/revisions\/13596"}],"up":[{"embeddable":true,"href":"https:\/\/www.inhoorn.nl\/de\/wp-json\/wp\/v2\/pages\/11493"}],"wp:attachment":[{"href":"https:\/\/www.inhoorn.nl\/de\/wp-json\/wp\/v2\/media?parent=11496"}],"curies":[{"name":"wp","href":"https:\/\/api.w.org\/{rel}","templated":true}]}}