{"id":11508,"date":"2020-11-23T08:24:08","date_gmt":"2020-11-23T08:24:08","guid":{"rendered":"https:\/\/www.inhoorn.nl\/sehen-tun\/doen\/varen-in-hoorn\/"},"modified":"2022-07-14T15:20:25","modified_gmt":"2022-07-14T13:20:25","slug":"bootfahren","status":"publish","type":"page","link":"https:\/\/www.inhoorn.nl\/de\/sehen-tun\/machen\/bootfahren\/","title":{"rendered":"Bootfahren in Hoorn"},"content":{"rendered":"\n<h2 class=\"wp-block-heading\" id=\"h-auf-den-turbulenten-wellen\">Auf den turbulenten Wellen<\/h2>\n\n\n\n<p>Das Hafengebiet von Hoorn umfasst vier H\u00e4fen mit insgesamt mehr als 1.000 Liegepl\u00e4tzen. Neben den Gemeinden Binnenhaven und Buitenhaven gibt es den Grashaven und den Vluchthaven. Der Binnenhaven ist der modernste, aber auch der nostalgischste. Fr\u00fcher legten hier die VOC-Schiffe ab. Rund um diesen Hafen befinden sich viele stattliche K\u00e4selager und Kaufmannsh\u00e4user aus dem 17. Jahrhundert. Es gibt eine Reihe von Charterfirmen, bei denen Sie ein Boot f\u00fcr ein paar Stunden oder sogar ein paar Tage mieten k\u00f6nnen.<br>Weitere Informationen zu den H\u00e4fen von Hoorn finden Sie <strong><a href=\"https:\/\/www.inhoorn.nl\/de\/ueber-hoorn\/erreichbarkeit\/schaukeln-auf-dem-wasser\/\">hier<\/a><\/strong>.<\/p>\n","protected":false},"excerpt":{"rendered":"<p>Auf den turbulenten Wellen Das Hafengebiet von Hoorn umfasst vier H\u00e4fen mit insgesamt mehr als 1.000 Liegepl\u00e4tzen. Neben den Gemeinden Binnenhaven und Buitenhaven gibt es den Grashaven und den Vluchthaven. Der Binnenhaven ist der modernste, aber auch der nostalgischste. Fr\u00fcher legten hier die VOC-Schiffe ab. Rund um diesen Hafen befinden sich viele stattliche K\u00e4selager und [&hellip;]<\/p>\n","protected":false},"author":1,"featured_media":6734,"parent":11493,"menu_order":0,"comment_status":"closed","ping_status":"closed","template":"templates\/page-bedrijvengids.php","meta":{"footnotes":""},"class_list":["post-11508","page","type-page","status-publish","has-post-thumbnail","hentry"],"yoast_head":"<!-- This site is optimized with the Yoast SEO plugin v27.4 - https:\/\/yoast.com\/product\/yoast-seo-wordpress\/ -->\n<title>Bootfahren in Hoorn - In Hoorn<\/title>\n<meta name=\"robots\" content=\"index, follow, max-snippet:-1, max-image-preview:large, max-video-preview:-1\" \/>\n<link rel=\"canonical\" href=\"https:\/\/www.inhoorn.nl\/de\/sehen-tun\/machen\/bootfahren\/\" \/>\n<meta property=\"og:locale\" content=\"de_DE\" \/>\n<meta property=\"og:type\" content=\"article\" \/>\n<meta property=\"og:title\" content=\"Bootfahren in Hoorn - In Hoorn\" \/>\n<meta property=\"og:description\" content=\"Auf den turbulenten Wellen Das Hafengebiet von Hoorn umfasst vier H\u00e4fen mit insgesamt mehr als 1.000 Liegepl\u00e4tzen. Neben den Gemeinden Binnenhaven und Buitenhaven gibt es den Grashaven und den Vluchthaven. Der Binnenhaven ist der modernste, aber auch der nostalgischste. Fr\u00fcher legten hier die VOC-Schiffe ab. Rund um diesen Hafen befinden sich viele stattliche K\u00e4selager und [&hellip;]\" \/>\n<meta property=\"og:url\" content=\"https:\/\/www.inhoorn.nl\/de\/sehen-tun\/machen\/bootfahren\/\" \/>\n<meta property=\"og:site_name\" content=\"In Hoorn\" \/>\n<meta property=\"article:publisher\" content=\"https:\/\/www.facebook.com\/inhoorn.nl\" \/>\n<meta property=\"article:modified_time\" content=\"2022-07-14T13:20:25+00:00\" \/>\n<meta property=\"og:image\" content=\"https:\/\/www.inhoorn.nl\/wp-content\/uploads\/2020\/12\/IMG_0073-scaled.jpg\" \/>\n\t<meta property=\"og:image:width\" content=\"2560\" \/>\n\t<meta property=\"og:image:height\" content=\"1920\" \/>\n\t<meta property=\"og:image:type\" content=\"image\/jpeg\" \/>\n<meta name=\"twitter:card\" content=\"summary_large_image\" \/>\n<meta name=\"twitter:label1\" content=\"Gesch\u00e4tzte Lesezeit\" \/>\n\t<meta name=\"twitter:data1\" content=\"1\u00a0Minute\" \/>\n<script type=\"application\/ld+json\" class=\"yoast-schema-graph\">{\"@context\":\"https:\\\/\\\/schema.org\",\"@graph\":[{\"@type\":\"WebPage\",\"@id\":\"https:\\\/\\\/www.inhoorn.nl\\\/de\\\/sehen-tun\\\/machen\\\/bootfahren\\\/\",\"url\":\"https:\\\/\\\/www.inhoorn.nl\\\/de\\\/sehen-tun\\\/machen\\\/bootfahren\\\/\",\"name\":\"Bootfahren in Hoorn - In Hoorn\",\"isPartOf\":{\"@id\":\"https:\\\/\\\/www.inhoorn.nl\\\/de\\\/#website\"},\"primaryImageOfPage\":{\"@id\":\"https:\\\/\\\/www.inhoorn.nl\\\/de\\\/sehen-tun\\\/machen\\\/bootfahren\\\/#primaryimage\"},\"image\":{\"@id\":\"https:\\\/\\\/www.inhoorn.nl\\\/de\\\/sehen-tun\\\/machen\\\/bootfahren\\\/#primaryimage\"},\"thumbnailUrl\":\"https:\\\/\\\/www.inhoorn.nl\\\/wp-content\\\/uploads\\\/2020\\\/12\\\/IMG_0073-scaled.jpg\",\"datePublished\":\"2020-11-23T08:24:08+00:00\",\"dateModified\":\"2022-07-14T13:20:25+00:00\",\"breadcrumb\":{\"@id\":\"https:\\\/\\\/www.inhoorn.nl\\\/de\\\/sehen-tun\\\/machen\\\/bootfahren\\\/#breadcrumb\"},\"inLanguage\":\"de\",\"potentialAction\":[{\"@type\":\"ReadAction\",\"target\":[\"https:\\\/\\\/www.inhoorn.nl\\\/de\\\/sehen-tun\\\/machen\\\/bootfahren\\\/\"]}]},{\"@type\":\"ImageObject\",\"inLanguage\":\"de\",\"@id\":\"https:\\\/\\\/www.inhoorn.nl\\\/de\\\/sehen-tun\\\/machen\\\/bootfahren\\\/#primaryimage\",\"url\":\"https:\\\/\\\/www.inhoorn.nl\\\/wp-content\\\/uploads\\\/2020\\\/12\\\/IMG_0073-scaled.jpg\",\"contentUrl\":\"https:\\\/\\\/www.inhoorn.nl\\\/wp-content\\\/uploads\\\/2020\\\/12\\\/IMG_0073-scaled.jpg\",\"width\":2560,\"height\":1920},{\"@type\":\"BreadcrumbList\",\"@id\":\"https:\\\/\\\/www.inhoorn.nl\\\/de\\\/sehen-tun\\\/machen\\\/bootfahren\\\/#breadcrumb\",\"itemListElement\":[{\"@type\":\"ListItem\",\"position\":1,\"name\":\"Home\",\"item\":\"https:\\\/\\\/www.inhoorn.nl\\\/de\\\/\"},{\"@type\":\"ListItem\",\"position\":2,\"name\":\"Sehen &#038; tun\",\"item\":\"https:\\\/\\\/www.inhoorn.nl\\\/de\\\/zien-doen\\\/\"},{\"@type\":\"ListItem\",\"position\":3,\"name\":\"Machen!\",\"item\":\"https:\\\/\\\/www.inhoorn.nl\\\/de\\\/zien-doen\\\/doen\\\/\"},{\"@type\":\"ListItem\",\"position\":4,\"name\":\"Bootfahren in Hoorn\"}]},{\"@type\":\"WebSite\",\"@id\":\"https:\\\/\\\/www.inhoorn.nl\\\/de\\\/#website\",\"url\":\"https:\\\/\\\/www.inhoorn.nl\\\/de\\\/\",\"name\":\"In Hoorn\",\"description\":\"D\u00e9 gids voor Hoorn\",\"publisher\":{\"@id\":\"https:\\\/\\\/www.inhoorn.nl\\\/de\\\/#organization\"},\"potentialAction\":[{\"@type\":\"SearchAction\",\"target\":{\"@type\":\"EntryPoint\",\"urlTemplate\":\"https:\\\/\\\/www.inhoorn.nl\\\/de\\\/?s={search_term_string}\"},\"query-input\":{\"@type\":\"PropertyValueSpecification\",\"valueRequired\":true,\"valueName\":\"search_term_string\"}}],\"inLanguage\":\"de\"},{\"@type\":\"Organization\",\"@id\":\"https:\\\/\\\/www.inhoorn.nl\\\/de\\\/#organization\",\"name\":\"InHoorn\",\"url\":\"https:\\\/\\\/www.inhoorn.nl\\\/de\\\/\",\"logo\":{\"@type\":\"ImageObject\",\"inLanguage\":\"de\",\"@id\":\"https:\\\/\\\/www.inhoorn.nl\\\/de\\\/#\\\/schema\\\/logo\\\/image\\\/\",\"url\":\"https:\\\/\\\/www.inhoorn.nl\\\/wp-content\\\/uploads\\\/2022\\\/06\\\/logo_shadow.png\",\"contentUrl\":\"https:\\\/\\\/www.inhoorn.nl\\\/wp-content\\\/uploads\\\/2022\\\/06\\\/logo_shadow.png\",\"width\":600,\"height\":275,\"caption\":\"InHoorn\"},\"image\":{\"@id\":\"https:\\\/\\\/www.inhoorn.nl\\\/de\\\/#\\\/schema\\\/logo\\\/image\\\/\"},\"sameAs\":[\"https:\\\/\\\/www.facebook.com\\\/inhoorn.nl\"]}]}<\/script>\n<!-- \/ Yoast SEO plugin. -->","yoast_head_json":{"title":"Bootfahren in Hoorn - In Hoorn","robots":{"index":"index","follow":"follow","max-snippet":"max-snippet:-1","max-image-preview":"max-image-preview:large","max-video-preview":"max-video-preview:-1"},"canonical":"https:\/\/www.inhoorn.nl\/de\/sehen-tun\/machen\/bootfahren\/","og_locale":"de_DE","og_type":"article","og_title":"Bootfahren in Hoorn - In Hoorn","og_description":"Auf den turbulenten Wellen Das Hafengebiet von Hoorn umfasst vier H\u00e4fen mit insgesamt mehr als 1.000 Liegepl\u00e4tzen. Neben den Gemeinden Binnenhaven und Buitenhaven gibt es den Grashaven und den Vluchthaven. Der Binnenhaven ist der modernste, aber auch der nostalgischste. Fr\u00fcher legten hier die VOC-Schiffe ab. Rund um diesen Hafen befinden sich viele stattliche K\u00e4selager und [&hellip;]","og_url":"https:\/\/www.inhoorn.nl\/de\/sehen-tun\/machen\/bootfahren\/","og_site_name":"In Hoorn","article_publisher":"https:\/\/www.facebook.com\/inhoorn.nl","article_modified_time":"2022-07-14T13:20:25+00:00","og_image":[{"width":2560,"height":1920,"url":"https:\/\/www.inhoorn.nl\/wp-content\/uploads\/2020\/12\/IMG_0073-scaled.jpg","type":"image\/jpeg"}],"twitter_card":"summary_large_image","twitter_misc":{"Gesch\u00e4tzte Lesezeit":"1\u00a0Minute"},"schema":{"@context":"https:\/\/schema.org","@graph":[{"@type":"WebPage","@id":"https:\/\/www.inhoorn.nl\/de\/sehen-tun\/machen\/bootfahren\/","url":"https:\/\/www.inhoorn.nl\/de\/sehen-tun\/machen\/bootfahren\/","name":"Bootfahren in Hoorn - In Hoorn","isPartOf":{"@id":"https:\/\/www.inhoorn.nl\/de\/#website"},"primaryImageOfPage":{"@id":"https:\/\/www.inhoorn.nl\/de\/sehen-tun\/machen\/bootfahren\/#primaryimage"},"image":{"@id":"https:\/\/www.inhoorn.nl\/de\/sehen-tun\/machen\/bootfahren\/#primaryimage"},"thumbnailUrl":"https:\/\/www.inhoorn.nl\/wp-content\/uploads\/2020\/12\/IMG_0073-scaled.jpg","datePublished":"2020-11-23T08:24:08+00:00","dateModified":"2022-07-14T13:20:25+00:00","breadcrumb":{"@id":"https:\/\/www.inhoorn.nl\/de\/sehen-tun\/machen\/bootfahren\/#breadcrumb"},"inLanguage":"de","potentialAction":[{"@type":"ReadAction","target":["https:\/\/www.inhoorn.nl\/de\/sehen-tun\/machen\/bootfahren\/"]}]},{"@type":"ImageObject","inLanguage":"de","@id":"https:\/\/www.inhoorn.nl\/de\/sehen-tun\/machen\/bootfahren\/#primaryimage","url":"https:\/\/www.inhoorn.nl\/wp-content\/uploads\/2020\/12\/IMG_0073-scaled.jpg","contentUrl":"https:\/\/www.inhoorn.nl\/wp-content\/uploads\/2020\/12\/IMG_0073-scaled.jpg","width":2560,"height":1920},{"@type":"BreadcrumbList","@id":"https:\/\/www.inhoorn.nl\/de\/sehen-tun\/machen\/bootfahren\/#breadcrumb","itemListElement":[{"@type":"ListItem","position":1,"name":"Home","item":"https:\/\/www.inhoorn.nl\/de\/"},{"@type":"ListItem","position":2,"name":"Sehen &#038; tun","item":"https:\/\/www.inhoorn.nl\/de\/zien-doen\/"},{"@type":"ListItem","position":3,"name":"Machen!","item":"https:\/\/www.inhoorn.nl\/de\/zien-doen\/doen\/"},{"@type":"ListItem","position":4,"name":"Bootfahren in Hoorn"}]},{"@type":"WebSite","@id":"https:\/\/www.inhoorn.nl\/de\/#website","url":"https:\/\/www.inhoorn.nl\/de\/","name":"In Hoorn","description":"D\u00e9 gids voor Hoorn","publisher":{"@id":"https:\/\/www.inhoorn.nl\/de\/#organization"},"potentialAction":[{"@type":"SearchAction","target":{"@type":"EntryPoint","urlTemplate":"https:\/\/www.inhoorn.nl\/de\/?s={search_term_string}"},"query-input":{"@type":"PropertyValueSpecification","valueRequired":true,"valueName":"search_term_string"}}],"inLanguage":"de"},{"@type":"Organization","@id":"https:\/\/www.inhoorn.nl\/de\/#organization","name":"InHoorn","url":"https:\/\/www.inhoorn.nl\/de\/","logo":{"@type":"ImageObject","inLanguage":"de","@id":"https:\/\/www.inhoorn.nl\/de\/#\/schema\/logo\/image\/","url":"https:\/\/www.inhoorn.nl\/wp-content\/uploads\/2022\/06\/logo_shadow.png","contentUrl":"https:\/\/www.inhoorn.nl\/wp-content\/uploads\/2022\/06\/logo_shadow.png","width":600,"height":275,"caption":"InHoorn"},"image":{"@id":"https:\/\/www.inhoorn.nl\/de\/#\/schema\/logo\/image\/"},"sameAs":["https:\/\/www.facebook.com\/inhoorn.nl"]}]}},"_links":{"self":[{"href":"https:\/\/www.inhoorn.nl\/de\/wp-json\/wp\/v2\/pages\/11508","targetHints":{"allow":["GET"]}}],"collection":[{"href":"https:\/\/www.inhoorn.nl\/de\/wp-json\/wp\/v2\/pages"}],"about":[{"href":"https:\/\/www.inhoorn.nl\/de\/wp-json\/wp\/v2\/types\/page"}],"author":[{"embeddable":true,"href":"https:\/\/www.inhoorn.nl\/de\/wp-json\/wp\/v2\/users\/1"}],"replies":[{"embeddable":true,"href":"https:\/\/www.inhoorn.nl\/de\/wp-json\/wp\/v2\/comments?post=11508"}],"version-history":[{"count":2,"href":"https:\/\/www.inhoorn.nl\/de\/wp-json\/wp\/v2\/pages\/11508\/revisions"}],"predecessor-version":[{"id":13579,"href":"https:\/\/www.inhoorn.nl\/de\/wp-json\/wp\/v2\/pages\/11508\/revisions\/13579"}],"up":[{"embeddable":true,"href":"https:\/\/www.inhoorn.nl\/de\/wp-json\/wp\/v2\/pages\/11493"}],"wp:featuredmedia":[{"embeddable":true,"href":"https:\/\/www.inhoorn.nl\/de\/wp-json\/wp\/v2\/media\/6734"}],"wp:attachment":[{"href":"https:\/\/www.inhoorn.nl\/de\/wp-json\/wp\/v2\/media?parent=11508"}],"curies":[{"name":"wp","href":"https:\/\/api.w.org\/{rel}","templated":true}]}}