{"id":11521,"date":"2020-11-27T08:34:54","date_gmt":"2020-11-27T08:34:54","guid":{"rendered":"https:\/\/www.inhoorn.nl\/kermis-hoorn\/"},"modified":"2024-02-06T20:39:12","modified_gmt":"2024-02-06T19:39:12","slug":"kermis-hoorn","status":"publish","type":"page","link":"https:\/\/www.inhoorn.nl\/de\/sehen-tun\/evenementen\/kermis-hoorn\/","title":{"rendered":"Hoorner Kirmes\u00a0"},"content":{"rendered":"\n<h2 class=\"wp-block-heading\" id=\"h-winken-wiegen\">Winken &amp; wiegen<\/h2>\n\n\n\n<p>In Hoorn findet jedes Jahr eine Kirmes statt. Die Hoorner Kirmes beginnt am Samstag vor dem zweiten Montag im August und dauert bis zum dritten Montag des Monats. Es ist nach Tilburg das zweitgr\u00f6\u00dfte Volksfest der Niederlande und geht auf das Jahr 1450 zur\u00fcck. Im Durchschnitt gibt es 70 Attraktionen und Zehntausende von Menschen kommen, um das Volksfest zu besuchen.<\/p>\n\n\n\n<p>Im Jahr 2024 findet die&nbsp;Kirmes von Samstag, 10. bis Montag, 19. August statt. Die&nbsp;Kirmes endet immer mit dem traditionellen Lappendag. Auch in diesem Jahr wird es wieder viele traditionelle Attraktionen wie das Kamelrennen, Greifkr\u00e4ne und Schieber geben, aber nat\u00fcrlich auch verschiedene spektakul\u00e4re Attraktionen wie das Bon Voyage Riesenrad, den Power Surge und den Airborne. Und auch Sonderveranstaltungen wie die&nbsp;Kirmes mit geringem Anreiz, der Seniorennachmittag, der Pink Monday und der Frauenabend sind dabei.<\/p>\n\n\n\n<p>F\u00fcr weitere Informationen zur Hoorner\u00a0Kirmes verweisen wir Sie gerne auf die Website <strong><a href=\"http:\/\/kermis-hoorn.nl\" target=\"_blank\" rel=\"noreferrer noopener\">kermis-hoorn.nl<\/a> <\/strong><\/p>\n\n\n\n<p> <\/p>\n\n\n\n<figure class=\"wp-block-image size-large is-style-default\"><img loading=\"lazy\" decoding=\"async\" width=\"1024\" height=\"681\" src=\"https:\/\/www.inhoorn.nl\/wp-content\/uploads\/2020\/11\/2-1-1024x681.jpg\" alt=\"\" class=\"wp-image-6588\" srcset=\"https:\/\/www.inhoorn.nl\/wp-content\/uploads\/2020\/11\/2-1-1024x681.jpg 1024w, https:\/\/www.inhoorn.nl\/wp-content\/uploads\/2020\/11\/2-1-300x200.jpg 300w, https:\/\/www.inhoorn.nl\/wp-content\/uploads\/2020\/11\/2-1-768x511.jpg 768w, https:\/\/www.inhoorn.nl\/wp-content\/uploads\/2020\/11\/2-1-1536x1022.jpg 1536w, https:\/\/www.inhoorn.nl\/wp-content\/uploads\/2020\/11\/2-1.jpg 2000w\" sizes=\"auto, (max-width: 1024px) 100vw, 1024px\" \/><figcaption class=\"wp-element-caption\">Die Kirmes im august 2019<\/figcaption><\/figure>\n","protected":false},"excerpt":{"rendered":"<p>Winken &amp; wiegen In Hoorn findet jedes Jahr eine Kirmes statt. Die Hoorner Kirmes beginnt am Samstag vor dem zweiten Montag im August und dauert bis zum dritten Montag des Monats. Es ist nach Tilburg das zweitgr\u00f6\u00dfte Volksfest der Niederlande und geht auf das Jahr 1450 zur\u00fcck. Im Durchschnitt gibt es 70 Attraktionen und Zehntausende [&hellip;]<\/p>\n","protected":false},"author":1,"featured_media":6946,"parent":11526,"menu_order":0,"comment_status":"closed","ping_status":"closed","template":"","meta":{"footnotes":""},"class_list":["post-11521","page","type-page","status-publish","has-post-thumbnail","hentry"],"yoast_head":"<!-- This site is optimized with the Yoast SEO plugin v27.4 - https:\/\/yoast.com\/product\/yoast-seo-wordpress\/ -->\n<title>Hoorner Kirmes\u00a0 - In Hoorn<\/title>\n<meta name=\"robots\" content=\"index, follow, max-snippet:-1, max-image-preview:large, max-video-preview:-1\" \/>\n<link rel=\"canonical\" href=\"https:\/\/www.inhoorn.nl\/de\/sehen-tun\/evenementen\/kermis-hoorn\/\" \/>\n<meta property=\"og:locale\" content=\"de_DE\" \/>\n<meta property=\"og:type\" content=\"article\" \/>\n<meta property=\"og:title\" content=\"Hoorner Kirmes\u00a0 - In Hoorn\" \/>\n<meta property=\"og:description\" content=\"Winken &amp; wiegen In Hoorn findet jedes Jahr eine Kirmes statt. Die Hoorner Kirmes beginnt am Samstag vor dem zweiten Montag im August und dauert bis zum dritten Montag des Monats. Es ist nach Tilburg das zweitgr\u00f6\u00dfte Volksfest der Niederlande und geht auf das Jahr 1450 zur\u00fcck. Im Durchschnitt gibt es 70 Attraktionen und Zehntausende [&hellip;]\" \/>\n<meta property=\"og:url\" content=\"https:\/\/www.inhoorn.nl\/de\/sehen-tun\/evenementen\/kermis-hoorn\/\" \/>\n<meta property=\"og:site_name\" content=\"In Hoorn\" \/>\n<meta property=\"article:publisher\" content=\"https:\/\/www.facebook.com\/inhoorn.nl\" \/>\n<meta property=\"article:modified_time\" content=\"2024-02-06T19:39:12+00:00\" \/>\n<meta property=\"og:image\" content=\"https:\/\/www.inhoorn.nl\/wp-content\/uploads\/2021\/01\/Kermis-in-Hoorn-e1609936305105.jpg\" \/>\n\t<meta property=\"og:image:width\" content=\"800\" \/>\n\t<meta property=\"og:image:height\" content=\"1201\" \/>\n\t<meta property=\"og:image:type\" content=\"image\/jpeg\" \/>\n<meta name=\"twitter:card\" content=\"summary_large_image\" \/>\n<meta name=\"twitter:label1\" content=\"Gesch\u00e4tzte Lesezeit\" \/>\n\t<meta name=\"twitter:data1\" content=\"2\u00a0Minuten\" \/>\n<script type=\"application\/ld+json\" class=\"yoast-schema-graph\">{\"@context\":\"https:\\\/\\\/schema.org\",\"@graph\":[{\"@type\":\"WebPage\",\"@id\":\"https:\\\/\\\/www.inhoorn.nl\\\/de\\\/sehen-tun\\\/evenementen\\\/kermis-hoorn\\\/\",\"url\":\"https:\\\/\\\/www.inhoorn.nl\\\/de\\\/sehen-tun\\\/evenementen\\\/kermis-hoorn\\\/\",\"name\":\"Hoorner Kirmes\u00a0 - In Hoorn\",\"isPartOf\":{\"@id\":\"https:\\\/\\\/www.inhoorn.nl\\\/de\\\/#website\"},\"primaryImageOfPage\":{\"@id\":\"https:\\\/\\\/www.inhoorn.nl\\\/de\\\/sehen-tun\\\/evenementen\\\/kermis-hoorn\\\/#primaryimage\"},\"image\":{\"@id\":\"https:\\\/\\\/www.inhoorn.nl\\\/de\\\/sehen-tun\\\/evenementen\\\/kermis-hoorn\\\/#primaryimage\"},\"thumbnailUrl\":\"https:\\\/\\\/www.inhoorn.nl\\\/wp-content\\\/uploads\\\/2021\\\/01\\\/Kermis-in-Hoorn-e1609936305105.jpg\",\"datePublished\":\"2020-11-27T08:34:54+00:00\",\"dateModified\":\"2024-02-06T19:39:12+00:00\",\"breadcrumb\":{\"@id\":\"https:\\\/\\\/www.inhoorn.nl\\\/de\\\/sehen-tun\\\/evenementen\\\/kermis-hoorn\\\/#breadcrumb\"},\"inLanguage\":\"de\",\"potentialAction\":[{\"@type\":\"ReadAction\",\"target\":[\"https:\\\/\\\/www.inhoorn.nl\\\/de\\\/sehen-tun\\\/evenementen\\\/kermis-hoorn\\\/\"]}]},{\"@type\":\"ImageObject\",\"inLanguage\":\"de\",\"@id\":\"https:\\\/\\\/www.inhoorn.nl\\\/de\\\/sehen-tun\\\/evenementen\\\/kermis-hoorn\\\/#primaryimage\",\"url\":\"https:\\\/\\\/www.inhoorn.nl\\\/wp-content\\\/uploads\\\/2021\\\/01\\\/Kermis-in-Hoorn-e1609936305105.jpg\",\"contentUrl\":\"https:\\\/\\\/www.inhoorn.nl\\\/wp-content\\\/uploads\\\/2021\\\/01\\\/Kermis-in-Hoorn-e1609936305105.jpg\",\"width\":800,\"height\":1201},{\"@type\":\"BreadcrumbList\",\"@id\":\"https:\\\/\\\/www.inhoorn.nl\\\/de\\\/sehen-tun\\\/evenementen\\\/kermis-hoorn\\\/#breadcrumb\",\"itemListElement\":[{\"@type\":\"ListItem\",\"position\":1,\"name\":\"Home\",\"item\":\"https:\\\/\\\/www.inhoorn.nl\\\/de\\\/\"},{\"@type\":\"ListItem\",\"position\":2,\"name\":\"Sehen &#038; tun\",\"item\":\"https:\\\/\\\/www.inhoorn.nl\\\/de\\\/zien-doen\\\/\"},{\"@type\":\"ListItem\",\"position\":3,\"name\":\"Veranstaltungen\",\"item\":\"https:\\\/\\\/www.inhoorn.nl\\\/de\\\/zien-doen\\\/evenementen\\\/\"},{\"@type\":\"ListItem\",\"position\":4,\"name\":\"Hoorner Kirmes\u00a0\"}]},{\"@type\":\"WebSite\",\"@id\":\"https:\\\/\\\/www.inhoorn.nl\\\/de\\\/#website\",\"url\":\"https:\\\/\\\/www.inhoorn.nl\\\/de\\\/\",\"name\":\"In Hoorn\",\"description\":\"D\u00e9 gids voor Hoorn\",\"publisher\":{\"@id\":\"https:\\\/\\\/www.inhoorn.nl\\\/de\\\/#organization\"},\"potentialAction\":[{\"@type\":\"SearchAction\",\"target\":{\"@type\":\"EntryPoint\",\"urlTemplate\":\"https:\\\/\\\/www.inhoorn.nl\\\/de\\\/?s={search_term_string}\"},\"query-input\":{\"@type\":\"PropertyValueSpecification\",\"valueRequired\":true,\"valueName\":\"search_term_string\"}}],\"inLanguage\":\"de\"},{\"@type\":\"Organization\",\"@id\":\"https:\\\/\\\/www.inhoorn.nl\\\/de\\\/#organization\",\"name\":\"InHoorn\",\"url\":\"https:\\\/\\\/www.inhoorn.nl\\\/de\\\/\",\"logo\":{\"@type\":\"ImageObject\",\"inLanguage\":\"de\",\"@id\":\"https:\\\/\\\/www.inhoorn.nl\\\/de\\\/#\\\/schema\\\/logo\\\/image\\\/\",\"url\":\"https:\\\/\\\/www.inhoorn.nl\\\/wp-content\\\/uploads\\\/2022\\\/06\\\/logo_shadow.png\",\"contentUrl\":\"https:\\\/\\\/www.inhoorn.nl\\\/wp-content\\\/uploads\\\/2022\\\/06\\\/logo_shadow.png\",\"width\":600,\"height\":275,\"caption\":\"InHoorn\"},\"image\":{\"@id\":\"https:\\\/\\\/www.inhoorn.nl\\\/de\\\/#\\\/schema\\\/logo\\\/image\\\/\"},\"sameAs\":[\"https:\\\/\\\/www.facebook.com\\\/inhoorn.nl\"]}]}<\/script>\n<!-- \/ Yoast SEO plugin. -->","yoast_head_json":{"title":"Hoorner Kirmes\u00a0 - In Hoorn","robots":{"index":"index","follow":"follow","max-snippet":"max-snippet:-1","max-image-preview":"max-image-preview:large","max-video-preview":"max-video-preview:-1"},"canonical":"https:\/\/www.inhoorn.nl\/de\/sehen-tun\/evenementen\/kermis-hoorn\/","og_locale":"de_DE","og_type":"article","og_title":"Hoorner Kirmes\u00a0 - In Hoorn","og_description":"Winken &amp; wiegen In Hoorn findet jedes Jahr eine Kirmes statt. Die Hoorner Kirmes beginnt am Samstag vor dem zweiten Montag im August und dauert bis zum dritten Montag des Monats. Es ist nach Tilburg das zweitgr\u00f6\u00dfte Volksfest der Niederlande und geht auf das Jahr 1450 zur\u00fcck. Im Durchschnitt gibt es 70 Attraktionen und Zehntausende [&hellip;]","og_url":"https:\/\/www.inhoorn.nl\/de\/sehen-tun\/evenementen\/kermis-hoorn\/","og_site_name":"In Hoorn","article_publisher":"https:\/\/www.facebook.com\/inhoorn.nl","article_modified_time":"2024-02-06T19:39:12+00:00","og_image":[{"width":800,"height":1201,"url":"https:\/\/www.inhoorn.nl\/wp-content\/uploads\/2021\/01\/Kermis-in-Hoorn-e1609936305105.jpg","type":"image\/jpeg"}],"twitter_card":"summary_large_image","twitter_misc":{"Gesch\u00e4tzte Lesezeit":"2\u00a0Minuten"},"schema":{"@context":"https:\/\/schema.org","@graph":[{"@type":"WebPage","@id":"https:\/\/www.inhoorn.nl\/de\/sehen-tun\/evenementen\/kermis-hoorn\/","url":"https:\/\/www.inhoorn.nl\/de\/sehen-tun\/evenementen\/kermis-hoorn\/","name":"Hoorner Kirmes\u00a0 - In Hoorn","isPartOf":{"@id":"https:\/\/www.inhoorn.nl\/de\/#website"},"primaryImageOfPage":{"@id":"https:\/\/www.inhoorn.nl\/de\/sehen-tun\/evenementen\/kermis-hoorn\/#primaryimage"},"image":{"@id":"https:\/\/www.inhoorn.nl\/de\/sehen-tun\/evenementen\/kermis-hoorn\/#primaryimage"},"thumbnailUrl":"https:\/\/www.inhoorn.nl\/wp-content\/uploads\/2021\/01\/Kermis-in-Hoorn-e1609936305105.jpg","datePublished":"2020-11-27T08:34:54+00:00","dateModified":"2024-02-06T19:39:12+00:00","breadcrumb":{"@id":"https:\/\/www.inhoorn.nl\/de\/sehen-tun\/evenementen\/kermis-hoorn\/#breadcrumb"},"inLanguage":"de","potentialAction":[{"@type":"ReadAction","target":["https:\/\/www.inhoorn.nl\/de\/sehen-tun\/evenementen\/kermis-hoorn\/"]}]},{"@type":"ImageObject","inLanguage":"de","@id":"https:\/\/www.inhoorn.nl\/de\/sehen-tun\/evenementen\/kermis-hoorn\/#primaryimage","url":"https:\/\/www.inhoorn.nl\/wp-content\/uploads\/2021\/01\/Kermis-in-Hoorn-e1609936305105.jpg","contentUrl":"https:\/\/www.inhoorn.nl\/wp-content\/uploads\/2021\/01\/Kermis-in-Hoorn-e1609936305105.jpg","width":800,"height":1201},{"@type":"BreadcrumbList","@id":"https:\/\/www.inhoorn.nl\/de\/sehen-tun\/evenementen\/kermis-hoorn\/#breadcrumb","itemListElement":[{"@type":"ListItem","position":1,"name":"Home","item":"https:\/\/www.inhoorn.nl\/de\/"},{"@type":"ListItem","position":2,"name":"Sehen &#038; tun","item":"https:\/\/www.inhoorn.nl\/de\/zien-doen\/"},{"@type":"ListItem","position":3,"name":"Veranstaltungen","item":"https:\/\/www.inhoorn.nl\/de\/zien-doen\/evenementen\/"},{"@type":"ListItem","position":4,"name":"Hoorner Kirmes\u00a0"}]},{"@type":"WebSite","@id":"https:\/\/www.inhoorn.nl\/de\/#website","url":"https:\/\/www.inhoorn.nl\/de\/","name":"In Hoorn","description":"D\u00e9 gids voor Hoorn","publisher":{"@id":"https:\/\/www.inhoorn.nl\/de\/#organization"},"potentialAction":[{"@type":"SearchAction","target":{"@type":"EntryPoint","urlTemplate":"https:\/\/www.inhoorn.nl\/de\/?s={search_term_string}"},"query-input":{"@type":"PropertyValueSpecification","valueRequired":true,"valueName":"search_term_string"}}],"inLanguage":"de"},{"@type":"Organization","@id":"https:\/\/www.inhoorn.nl\/de\/#organization","name":"InHoorn","url":"https:\/\/www.inhoorn.nl\/de\/","logo":{"@type":"ImageObject","inLanguage":"de","@id":"https:\/\/www.inhoorn.nl\/de\/#\/schema\/logo\/image\/","url":"https:\/\/www.inhoorn.nl\/wp-content\/uploads\/2022\/06\/logo_shadow.png","contentUrl":"https:\/\/www.inhoorn.nl\/wp-content\/uploads\/2022\/06\/logo_shadow.png","width":600,"height":275,"caption":"InHoorn"},"image":{"@id":"https:\/\/www.inhoorn.nl\/de\/#\/schema\/logo\/image\/"},"sameAs":["https:\/\/www.facebook.com\/inhoorn.nl"]}]}},"_links":{"self":[{"href":"https:\/\/www.inhoorn.nl\/de\/wp-json\/wp\/v2\/pages\/11521","targetHints":{"allow":["GET"]}}],"collection":[{"href":"https:\/\/www.inhoorn.nl\/de\/wp-json\/wp\/v2\/pages"}],"about":[{"href":"https:\/\/www.inhoorn.nl\/de\/wp-json\/wp\/v2\/types\/page"}],"author":[{"embeddable":true,"href":"https:\/\/www.inhoorn.nl\/de\/wp-json\/wp\/v2\/users\/1"}],"replies":[{"embeddable":true,"href":"https:\/\/www.inhoorn.nl\/de\/wp-json\/wp\/v2\/comments?post=11521"}],"version-history":[{"count":17,"href":"https:\/\/www.inhoorn.nl\/de\/wp-json\/wp\/v2\/pages\/11521\/revisions"}],"predecessor-version":[{"id":22983,"href":"https:\/\/www.inhoorn.nl\/de\/wp-json\/wp\/v2\/pages\/11521\/revisions\/22983"}],"up":[{"embeddable":true,"href":"https:\/\/www.inhoorn.nl\/de\/wp-json\/wp\/v2\/pages\/11526"}],"wp:featuredmedia":[{"embeddable":true,"href":"https:\/\/www.inhoorn.nl\/de\/wp-json\/wp\/v2\/media\/6946"}],"wp:attachment":[{"href":"https:\/\/www.inhoorn.nl\/de\/wp-json\/wp\/v2\/media?parent=11521"}],"curies":[{"name":"wp","href":"https:\/\/api.w.org\/{rel}","templated":true}]}}