{"id":11569,"date":"2020-11-23T08:21:09","date_gmt":"2020-11-23T08:21:09","guid":{"rendered":"https:\/\/www.inhoorn.nl\/sehen-tun\/wandern-radfahren\/stadswandeling-hoorn\/"},"modified":"2022-06-20T13:23:10","modified_gmt":"2022-06-20T11:23:10","slug":"stadtrundgang-hoorn","status":"publish","type":"page","link":"https:\/\/www.inhoorn.nl\/de\/sehen-tun\/wandern-radfahren\/stadtrundgang-hoorn\/","title":{"rendered":"Stadtrundgang Hoorn"},"content":{"rendered":"\n<h2 class=\"has-text-color wp-block-heading\" id=\"h-wandern-durch-vergangene-zeiten\" style=\"color:#666666;font-size:18px\">Wandern durch vergangene Zeiten<\/h2>\n\n\n\n<p class=\"has-black-color has-text-color\" style=\"font-size:14px\">Hoorn ist eine historische VOC-Hafenstadt am Markermeer. Horn war eine Stadt von gro\u00dfer Bedeutung im Goldenen Zeitalter, das von etwa 1600 bis 1700 dauerte. Im historischen Zentrum von Hoorn erinnern viele Denkm\u00e4ler und Kunstwerke an diese glorreiche Zeit. Eine F\u00fchrung lohnt sich also auf jeden Fall! Nat\u00fcrlich k\u00f6nnen Sie dies auch ganz auf eigene Faust tun, aber wir empfehlen Ihnen, einen Stadtrundgang anhand eines Stadtf\u00fchrers zu unternehmen. Diese Stadtf\u00fchrer k\u00f6nnen Ihnen viel \u00fcber die Geschichte von Hoorn und insbesondere \u00fcber die verschiedenen Denkm\u00e4ler erz\u00e4hlen.<\/p>\n\n\n\n<h2 class=\"has-text-color wp-block-heading\" style=\"color:#666666;font-size:18px\">Stadtrundgang mit F\u00fchrer<\/h2>\n\n\n\n<p class=\"has-black-color has-text-color\" style=\"font-size:14px\">In Hoorn gibt es verschiedene Organisationen, die Stadtf\u00fchrer anbieten. Zum Beispiel gibt es den Verein Oud Hoorn und Local Guide Hoorn. Weitere Informationen finden Sie \u00fcber die Schaltfl\u00e4chen unten.<\/p>\n","protected":false},"excerpt":{"rendered":"<p>Wandern durch vergangene Zeiten Hoorn ist eine historische VOC-Hafenstadt am Markermeer. Horn war eine Stadt von gro\u00dfer Bedeutung im Goldenen Zeitalter, das von etwa 1600 bis 1700 dauerte. Im historischen Zentrum von Hoorn erinnern viele Denkm\u00e4ler und Kunstwerke an diese glorreiche Zeit. Eine F\u00fchrung lohnt sich also auf jeden Fall! Nat\u00fcrlich k\u00f6nnen Sie dies auch [&hellip;]<\/p>\n","protected":false},"author":1,"featured_media":6737,"parent":9391,"menu_order":0,"comment_status":"closed","ping_status":"closed","template":"templates\/page-bedrijvengids.php","meta":{"footnotes":""},"class_list":["post-11569","page","type-page","status-publish","has-post-thumbnail","hentry"],"yoast_head":"<!-- This site is optimized with the Yoast SEO Premium plugin v26.0 (Yoast SEO v27.4) - https:\/\/yoast.com\/product\/yoast-seo-premium-wordpress\/ -->\n<title>Stadtrundgang Hoorn - In Hoorn<\/title>\n<meta name=\"robots\" content=\"index, follow, max-snippet:-1, max-image-preview:large, max-video-preview:-1\" \/>\n<link rel=\"canonical\" href=\"https:\/\/www.inhoorn.nl\/de\/sehen-tun\/wandern-radfahren\/stadtrundgang-hoorn\/\" \/>\n<meta property=\"og:locale\" content=\"de_DE\" \/>\n<meta property=\"og:type\" content=\"article\" \/>\n<meta property=\"og:title\" content=\"Stadtrundgang Hoorn\" \/>\n<meta property=\"og:description\" content=\"Wandern durch vergangene Zeiten Hoorn ist eine historische VOC-Hafenstadt am Markermeer. Horn war eine Stadt von gro\u00dfer Bedeutung im Goldenen Zeitalter, das von etwa 1600 bis 1700 dauerte. Im historischen Zentrum von Hoorn erinnern viele Denkm\u00e4ler und Kunstwerke an diese glorreiche Zeit. Eine F\u00fchrung lohnt sich also auf jeden Fall! Nat\u00fcrlich k\u00f6nnen Sie dies auch [&hellip;]\" \/>\n<meta property=\"og:url\" content=\"https:\/\/www.inhoorn.nl\/de\/sehen-tun\/wandern-radfahren\/stadtrundgang-hoorn\/\" \/>\n<meta property=\"og:site_name\" content=\"In Hoorn\" \/>\n<meta property=\"article:publisher\" content=\"https:\/\/www.facebook.com\/inhoorn.nl\" \/>\n<meta property=\"article:modified_time\" content=\"2022-06-20T11:23:10+00:00\" \/>\n<meta property=\"og:image\" content=\"https:\/\/www.inhoorn.nl\/wp-content\/uploads\/2020\/12\/IMG_0031-scaled.jpg\" \/>\n\t<meta property=\"og:image:width\" content=\"2560\" \/>\n\t<meta property=\"og:image:height\" content=\"1920\" \/>\n\t<meta property=\"og:image:type\" content=\"image\/jpeg\" \/>\n<meta name=\"twitter:card\" content=\"summary_large_image\" \/>\n<meta name=\"twitter:label1\" content=\"Gesch\u00e4tzte Lesezeit\" \/>\n\t<meta name=\"twitter:data1\" content=\"1\u00a0Minute\" \/>\n<script type=\"application\/ld+json\" class=\"yoast-schema-graph\">{\"@context\":\"https:\\\/\\\/schema.org\",\"@graph\":[{\"@type\":\"WebPage\",\"@id\":\"https:\\\/\\\/www.inhoorn.nl\\\/de\\\/sehen-tun\\\/wandern-radfahren\\\/stadtrundgang-hoorn\\\/\",\"url\":\"https:\\\/\\\/www.inhoorn.nl\\\/de\\\/sehen-tun\\\/wandern-radfahren\\\/stadtrundgang-hoorn\\\/\",\"name\":\"Stadtrundgang Hoorn - In Hoorn\",\"isPartOf\":{\"@id\":\"https:\\\/\\\/www.inhoorn.nl\\\/de\\\/#website\"},\"primaryImageOfPage\":{\"@id\":\"https:\\\/\\\/www.inhoorn.nl\\\/de\\\/sehen-tun\\\/wandern-radfahren\\\/stadtrundgang-hoorn\\\/#primaryimage\"},\"image\":{\"@id\":\"https:\\\/\\\/www.inhoorn.nl\\\/de\\\/sehen-tun\\\/wandern-radfahren\\\/stadtrundgang-hoorn\\\/#primaryimage\"},\"thumbnailUrl\":\"https:\\\/\\\/www.inhoorn.nl\\\/wp-content\\\/uploads\\\/2020\\\/12\\\/IMG_0031-scaled.jpg\",\"datePublished\":\"2020-11-23T08:21:09+00:00\",\"dateModified\":\"2022-06-20T11:23:10+00:00\",\"breadcrumb\":{\"@id\":\"https:\\\/\\\/www.inhoorn.nl\\\/de\\\/sehen-tun\\\/wandern-radfahren\\\/stadtrundgang-hoorn\\\/#breadcrumb\"},\"inLanguage\":\"de\",\"potentialAction\":[{\"@type\":\"ReadAction\",\"target\":[\"https:\\\/\\\/www.inhoorn.nl\\\/de\\\/sehen-tun\\\/wandern-radfahren\\\/stadtrundgang-hoorn\\\/\"]}]},{\"@type\":\"ImageObject\",\"inLanguage\":\"de\",\"@id\":\"https:\\\/\\\/www.inhoorn.nl\\\/de\\\/sehen-tun\\\/wandern-radfahren\\\/stadtrundgang-hoorn\\\/#primaryimage\",\"url\":\"https:\\\/\\\/www.inhoorn.nl\\\/wp-content\\\/uploads\\\/2020\\\/12\\\/IMG_0031-scaled.jpg\",\"contentUrl\":\"https:\\\/\\\/www.inhoorn.nl\\\/wp-content\\\/uploads\\\/2020\\\/12\\\/IMG_0031-scaled.jpg\",\"width\":2560,\"height\":1920},{\"@type\":\"BreadcrumbList\",\"@id\":\"https:\\\/\\\/www.inhoorn.nl\\\/de\\\/sehen-tun\\\/wandern-radfahren\\\/stadtrundgang-hoorn\\\/#breadcrumb\",\"itemListElement\":[{\"@type\":\"ListItem\",\"position\":1,\"name\":\"Home\",\"item\":\"https:\\\/\\\/www.inhoorn.nl\\\/de\\\/\"},{\"@type\":\"ListItem\",\"position\":2,\"name\":\"Sehen &#038; tun\",\"item\":\"https:\\\/\\\/www.inhoorn.nl\\\/de\\\/zien-doen\\\/\"},{\"@type\":\"ListItem\",\"position\":3,\"name\":\"Wandern &#038; Radfahren\",\"item\":\"https:\\\/\\\/www.inhoorn.nl\\\/de\\\/zien-doen\\\/wandelen-fietsen\\\/\"},{\"@type\":\"ListItem\",\"position\":4,\"name\":\"Stadtrundgang Hoorn\"}]},{\"@type\":\"WebSite\",\"@id\":\"https:\\\/\\\/www.inhoorn.nl\\\/de\\\/#website\",\"url\":\"https:\\\/\\\/www.inhoorn.nl\\\/de\\\/\",\"name\":\"In Hoorn\",\"description\":\"D\u00e9 gids voor Hoorn\",\"publisher\":{\"@id\":\"https:\\\/\\\/www.inhoorn.nl\\\/de\\\/#organization\"},\"potentialAction\":[{\"@type\":\"SearchAction\",\"target\":{\"@type\":\"EntryPoint\",\"urlTemplate\":\"https:\\\/\\\/www.inhoorn.nl\\\/de\\\/?s={search_term_string}\"},\"query-input\":{\"@type\":\"PropertyValueSpecification\",\"valueRequired\":true,\"valueName\":\"search_term_string\"}}],\"inLanguage\":\"de\"},{\"@type\":\"Organization\",\"@id\":\"https:\\\/\\\/www.inhoorn.nl\\\/de\\\/#organization\",\"name\":\"InHoorn\",\"url\":\"https:\\\/\\\/www.inhoorn.nl\\\/de\\\/\",\"logo\":{\"@type\":\"ImageObject\",\"inLanguage\":\"de\",\"@id\":\"https:\\\/\\\/www.inhoorn.nl\\\/de\\\/#\\\/schema\\\/logo\\\/image\\\/\",\"url\":\"https:\\\/\\\/www.inhoorn.nl\\\/wp-content\\\/uploads\\\/2022\\\/06\\\/logo_shadow.png\",\"contentUrl\":\"https:\\\/\\\/www.inhoorn.nl\\\/wp-content\\\/uploads\\\/2022\\\/06\\\/logo_shadow.png\",\"width\":600,\"height\":275,\"caption\":\"InHoorn\"},\"image\":{\"@id\":\"https:\\\/\\\/www.inhoorn.nl\\\/de\\\/#\\\/schema\\\/logo\\\/image\\\/\"},\"sameAs\":[\"https:\\\/\\\/www.facebook.com\\\/inhoorn.nl\"]}]}<\/script>\n<!-- \/ Yoast SEO Premium plugin. -->","yoast_head_json":{"title":"Stadtrundgang Hoorn - In Hoorn","robots":{"index":"index","follow":"follow","max-snippet":"max-snippet:-1","max-image-preview":"max-image-preview:large","max-video-preview":"max-video-preview:-1"},"canonical":"https:\/\/www.inhoorn.nl\/de\/sehen-tun\/wandern-radfahren\/stadtrundgang-hoorn\/","og_locale":"de_DE","og_type":"article","og_title":"Stadtrundgang Hoorn","og_description":"Wandern durch vergangene Zeiten Hoorn ist eine historische VOC-Hafenstadt am Markermeer. Horn war eine Stadt von gro\u00dfer Bedeutung im Goldenen Zeitalter, das von etwa 1600 bis 1700 dauerte. Im historischen Zentrum von Hoorn erinnern viele Denkm\u00e4ler und Kunstwerke an diese glorreiche Zeit. Eine F\u00fchrung lohnt sich also auf jeden Fall! Nat\u00fcrlich k\u00f6nnen Sie dies auch [&hellip;]","og_url":"https:\/\/www.inhoorn.nl\/de\/sehen-tun\/wandern-radfahren\/stadtrundgang-hoorn\/","og_site_name":"In Hoorn","article_publisher":"https:\/\/www.facebook.com\/inhoorn.nl","article_modified_time":"2022-06-20T11:23:10+00:00","og_image":[{"width":2560,"height":1920,"url":"https:\/\/www.inhoorn.nl\/wp-content\/uploads\/2020\/12\/IMG_0031-scaled.jpg","type":"image\/jpeg"}],"twitter_card":"summary_large_image","twitter_misc":{"Gesch\u00e4tzte Lesezeit":"1\u00a0Minute"},"schema":{"@context":"https:\/\/schema.org","@graph":[{"@type":"WebPage","@id":"https:\/\/www.inhoorn.nl\/de\/sehen-tun\/wandern-radfahren\/stadtrundgang-hoorn\/","url":"https:\/\/www.inhoorn.nl\/de\/sehen-tun\/wandern-radfahren\/stadtrundgang-hoorn\/","name":"Stadtrundgang Hoorn - In Hoorn","isPartOf":{"@id":"https:\/\/www.inhoorn.nl\/de\/#website"},"primaryImageOfPage":{"@id":"https:\/\/www.inhoorn.nl\/de\/sehen-tun\/wandern-radfahren\/stadtrundgang-hoorn\/#primaryimage"},"image":{"@id":"https:\/\/www.inhoorn.nl\/de\/sehen-tun\/wandern-radfahren\/stadtrundgang-hoorn\/#primaryimage"},"thumbnailUrl":"https:\/\/www.inhoorn.nl\/wp-content\/uploads\/2020\/12\/IMG_0031-scaled.jpg","datePublished":"2020-11-23T08:21:09+00:00","dateModified":"2022-06-20T11:23:10+00:00","breadcrumb":{"@id":"https:\/\/www.inhoorn.nl\/de\/sehen-tun\/wandern-radfahren\/stadtrundgang-hoorn\/#breadcrumb"},"inLanguage":"de","potentialAction":[{"@type":"ReadAction","target":["https:\/\/www.inhoorn.nl\/de\/sehen-tun\/wandern-radfahren\/stadtrundgang-hoorn\/"]}]},{"@type":"ImageObject","inLanguage":"de","@id":"https:\/\/www.inhoorn.nl\/de\/sehen-tun\/wandern-radfahren\/stadtrundgang-hoorn\/#primaryimage","url":"https:\/\/www.inhoorn.nl\/wp-content\/uploads\/2020\/12\/IMG_0031-scaled.jpg","contentUrl":"https:\/\/www.inhoorn.nl\/wp-content\/uploads\/2020\/12\/IMG_0031-scaled.jpg","width":2560,"height":1920},{"@type":"BreadcrumbList","@id":"https:\/\/www.inhoorn.nl\/de\/sehen-tun\/wandern-radfahren\/stadtrundgang-hoorn\/#breadcrumb","itemListElement":[{"@type":"ListItem","position":1,"name":"Home","item":"https:\/\/www.inhoorn.nl\/de\/"},{"@type":"ListItem","position":2,"name":"Sehen &#038; tun","item":"https:\/\/www.inhoorn.nl\/de\/zien-doen\/"},{"@type":"ListItem","position":3,"name":"Wandern &#038; Radfahren","item":"https:\/\/www.inhoorn.nl\/de\/zien-doen\/wandelen-fietsen\/"},{"@type":"ListItem","position":4,"name":"Stadtrundgang Hoorn"}]},{"@type":"WebSite","@id":"https:\/\/www.inhoorn.nl\/de\/#website","url":"https:\/\/www.inhoorn.nl\/de\/","name":"In Hoorn","description":"D\u00e9 gids voor Hoorn","publisher":{"@id":"https:\/\/www.inhoorn.nl\/de\/#organization"},"potentialAction":[{"@type":"SearchAction","target":{"@type":"EntryPoint","urlTemplate":"https:\/\/www.inhoorn.nl\/de\/?s={search_term_string}"},"query-input":{"@type":"PropertyValueSpecification","valueRequired":true,"valueName":"search_term_string"}}],"inLanguage":"de"},{"@type":"Organization","@id":"https:\/\/www.inhoorn.nl\/de\/#organization","name":"InHoorn","url":"https:\/\/www.inhoorn.nl\/de\/","logo":{"@type":"ImageObject","inLanguage":"de","@id":"https:\/\/www.inhoorn.nl\/de\/#\/schema\/logo\/image\/","url":"https:\/\/www.inhoorn.nl\/wp-content\/uploads\/2022\/06\/logo_shadow.png","contentUrl":"https:\/\/www.inhoorn.nl\/wp-content\/uploads\/2022\/06\/logo_shadow.png","width":600,"height":275,"caption":"InHoorn"},"image":{"@id":"https:\/\/www.inhoorn.nl\/de\/#\/schema\/logo\/image\/"},"sameAs":["https:\/\/www.facebook.com\/inhoorn.nl"]}]}},"_links":{"self":[{"href":"https:\/\/www.inhoorn.nl\/de\/wp-json\/wp\/v2\/pages\/11569","targetHints":{"allow":["GET"]}}],"collection":[{"href":"https:\/\/www.inhoorn.nl\/de\/wp-json\/wp\/v2\/pages"}],"about":[{"href":"https:\/\/www.inhoorn.nl\/de\/wp-json\/wp\/v2\/types\/page"}],"author":[{"embeddable":true,"href":"https:\/\/www.inhoorn.nl\/de\/wp-json\/wp\/v2\/users\/1"}],"replies":[{"embeddable":true,"href":"https:\/\/www.inhoorn.nl\/de\/wp-json\/wp\/v2\/comments?post=11569"}],"version-history":[{"count":4,"href":"https:\/\/www.inhoorn.nl\/de\/wp-json\/wp\/v2\/pages\/11569\/revisions"}],"predecessor-version":[{"id":12380,"href":"https:\/\/www.inhoorn.nl\/de\/wp-json\/wp\/v2\/pages\/11569\/revisions\/12380"}],"up":[{"embeddable":true,"href":"https:\/\/www.inhoorn.nl\/de\/wp-json\/wp\/v2\/pages\/9391"}],"wp:featuredmedia":[{"embeddable":true,"href":"https:\/\/www.inhoorn.nl\/de\/wp-json\/wp\/v2\/media\/6737"}],"wp:attachment":[{"href":"https:\/\/www.inhoorn.nl\/de\/wp-json\/wp\/v2\/media?parent=11569"}],"curies":[{"name":"wp","href":"https:\/\/api.w.org\/{rel}","templated":true}]}}