{"id":9371,"date":"2022-02-21T10:19:18","date_gmt":"2022-02-21T10:19:18","guid":{"rendered":"https:\/\/development.inhoorn.nl\/abendessen\/"},"modified":"2022-07-14T15:26:22","modified_gmt":"2022-07-14T13:26:22","slug":"abendessen","status":"publish","type":"page","link":"https:\/\/www.inhoorn.nl\/de\/einkaufen-gastgewerbe\/essen-trinken\/abendessen\/","title":{"rendered":"Abendessen"},"content":{"rendered":"\n<h2 class=\"wp-block-heading\" id=\"h-etwas-fur-jeden\"><strong>Etwas f\u00fcr jeden<\/strong><\/h2>\n\n\n\n<p>Hoorn kann zu Recht als kulinarische Stadt bezeichnet werden. Mit rund 60 verschiedenen Restaurants ist das Angebot breit gef\u00e4chert. Die Restaurants sind sch\u00f6n verteilt, besonders im Stadtzentrum mit einem deutlichen Akzent auf und um den Roode Steen.<\/p>\n\n\n\n<h2 class=\"wp-block-heading\" id=\"h-kulinarische-pause\"><strong>Kulinarische Pause<\/strong><\/h2>\n\n\n\n<p id=\"tw-target-text\">Abgesehen davon, dass Sie in Hoorn gut und ausgiebig essen k\u00f6nnen, gibt es auch unz\u00e4hlige Orte, an denen Sie k\u00f6stlich brunchen und zu Mittag essen k\u00f6nnen. Die ideale Pause von einem sch\u00f6nen, dreisten Einkaufstag. Ob Sie Dutch Pot, Franz\u00f6sische K\u00fcche oder Thai essen m\u00f6chten, viele K\u00fcchen der Welt sind in Hoorn vertreten! Mehrere Restaurants befinden sich auch in wundersch\u00f6nen, monumentalen Geb\u00e4uden, was das Essen zu etwas Besonderem macht. Auf dieser Seite k\u00f6nnen Sie ganz einfach Ihre Wahl treffen.<\/p>\n","protected":false},"excerpt":{"rendered":"<p>Etwas f\u00fcr jeden Hoorn kann zu Recht als kulinarische Stadt bezeichnet werden. Mit rund 60 verschiedenen Restaurants ist das Angebot breit gef\u00e4chert. Die Restaurants sind sch\u00f6n verteilt, besonders im Stadtzentrum mit einem deutlichen Akzent auf und um den Roode Steen. Kulinarische Pause Abgesehen davon, dass Sie in Hoorn gut und ausgiebig essen k\u00f6nnen, gibt es [&hellip;]<\/p>\n","protected":false},"author":1,"featured_media":0,"parent":11314,"menu_order":0,"comment_status":"closed","ping_status":"closed","template":"templates\/page-bedrijvengids.php","meta":{"footnotes":""},"class_list":["post-9371","page","type-page","status-publish","hentry"],"yoast_head":"<!-- This site is optimized with the Yoast SEO plugin v27.4 - https:\/\/yoast.com\/product\/yoast-seo-wordpress\/ -->\n<title>Abendessen - In Hoorn<\/title>\n<meta name=\"robots\" content=\"index, follow, max-snippet:-1, max-image-preview:large, max-video-preview:-1\" \/>\n<link rel=\"canonical\" href=\"https:\/\/www.inhoorn.nl\/de\/einkaufen-gastgewerbe\/essen-trinken\/abendessen\/\" \/>\n<meta property=\"og:locale\" content=\"de_DE\" \/>\n<meta property=\"og:type\" content=\"article\" \/>\n<meta property=\"og:title\" content=\"Abendessen - In Hoorn\" \/>\n<meta property=\"og:description\" content=\"Etwas f\u00fcr jeden Hoorn kann zu Recht als kulinarische Stadt bezeichnet werden. Mit rund 60 verschiedenen Restaurants ist das Angebot breit gef\u00e4chert. Die Restaurants sind sch\u00f6n verteilt, besonders im Stadtzentrum mit einem deutlichen Akzent auf und um den Roode Steen. Kulinarische Pause Abgesehen davon, dass Sie in Hoorn gut und ausgiebig essen k\u00f6nnen, gibt es [&hellip;]\" \/>\n<meta property=\"og:url\" content=\"https:\/\/www.inhoorn.nl\/de\/einkaufen-gastgewerbe\/essen-trinken\/abendessen\/\" \/>\n<meta property=\"og:site_name\" content=\"In Hoorn\" \/>\n<meta property=\"article:publisher\" content=\"https:\/\/www.facebook.com\/inhoorn.nl\" \/>\n<meta property=\"article:modified_time\" content=\"2022-07-14T13:26:22+00:00\" \/>\n<meta property=\"og:image\" content=\"https:\/\/www.inhoorn.nl\/wp-content\/uploads\/2022\/06\/logo_shadow.png\" \/>\n\t<meta property=\"og:image:width\" content=\"600\" \/>\n\t<meta property=\"og:image:height\" content=\"275\" \/>\n\t<meta property=\"og:image:type\" content=\"image\/png\" \/>\n<meta name=\"twitter:card\" content=\"summary_large_image\" \/>\n<meta name=\"twitter:label1\" content=\"Gesch\u00e4tzte Lesezeit\" \/>\n\t<meta name=\"twitter:data1\" content=\"1\u00a0Minute\" \/>\n<script type=\"application\/ld+json\" class=\"yoast-schema-graph\">{\"@context\":\"https:\\\/\\\/schema.org\",\"@graph\":[{\"@type\":\"WebPage\",\"@id\":\"https:\\\/\\\/www.inhoorn.nl\\\/de\\\/einkaufen-gastgewerbe\\\/essen-trinken\\\/abendessen\\\/\",\"url\":\"https:\\\/\\\/www.inhoorn.nl\\\/de\\\/einkaufen-gastgewerbe\\\/essen-trinken\\\/abendessen\\\/\",\"name\":\"Abendessen - In Hoorn\",\"isPartOf\":{\"@id\":\"https:\\\/\\\/www.inhoorn.nl\\\/de\\\/#website\"},\"datePublished\":\"2022-02-21T10:19:18+00:00\",\"dateModified\":\"2022-07-14T13:26:22+00:00\",\"breadcrumb\":{\"@id\":\"https:\\\/\\\/www.inhoorn.nl\\\/de\\\/einkaufen-gastgewerbe\\\/essen-trinken\\\/abendessen\\\/#breadcrumb\"},\"inLanguage\":\"de\",\"potentialAction\":[{\"@type\":\"ReadAction\",\"target\":[\"https:\\\/\\\/www.inhoorn.nl\\\/de\\\/einkaufen-gastgewerbe\\\/essen-trinken\\\/abendessen\\\/\"]}]},{\"@type\":\"BreadcrumbList\",\"@id\":\"https:\\\/\\\/www.inhoorn.nl\\\/de\\\/einkaufen-gastgewerbe\\\/essen-trinken\\\/abendessen\\\/#breadcrumb\",\"itemListElement\":[{\"@type\":\"ListItem\",\"position\":1,\"name\":\"Home\",\"item\":\"https:\\\/\\\/www.inhoorn.nl\\\/de\\\/\"},{\"@type\":\"ListItem\",\"position\":2,\"name\":\"Einkaufen &#038; Gastronomie\",\"item\":\"https:\\\/\\\/www.inhoorn.nl\\\/de\\\/winkelen-horeca\\\/\"},{\"@type\":\"ListItem\",\"position\":3,\"name\":\"Essen &#038; Trinken\",\"item\":\"https:\\\/\\\/www.inhoorn.nl\\\/de\\\/einkaufen-gastgewerbe\\\/essen-trinken\\\/\"},{\"@type\":\"ListItem\",\"position\":4,\"name\":\"Abendessen\"}]},{\"@type\":\"WebSite\",\"@id\":\"https:\\\/\\\/www.inhoorn.nl\\\/de\\\/#website\",\"url\":\"https:\\\/\\\/www.inhoorn.nl\\\/de\\\/\",\"name\":\"In Hoorn\",\"description\":\"D\u00e9 gids voor Hoorn\",\"publisher\":{\"@id\":\"https:\\\/\\\/www.inhoorn.nl\\\/de\\\/#organization\"},\"potentialAction\":[{\"@type\":\"SearchAction\",\"target\":{\"@type\":\"EntryPoint\",\"urlTemplate\":\"https:\\\/\\\/www.inhoorn.nl\\\/de\\\/?s={search_term_string}\"},\"query-input\":{\"@type\":\"PropertyValueSpecification\",\"valueRequired\":true,\"valueName\":\"search_term_string\"}}],\"inLanguage\":\"de\"},{\"@type\":\"Organization\",\"@id\":\"https:\\\/\\\/www.inhoorn.nl\\\/de\\\/#organization\",\"name\":\"InHoorn\",\"url\":\"https:\\\/\\\/www.inhoorn.nl\\\/de\\\/\",\"logo\":{\"@type\":\"ImageObject\",\"inLanguage\":\"de\",\"@id\":\"https:\\\/\\\/www.inhoorn.nl\\\/de\\\/#\\\/schema\\\/logo\\\/image\\\/\",\"url\":\"https:\\\/\\\/www.inhoorn.nl\\\/wp-content\\\/uploads\\\/2022\\\/06\\\/logo_shadow.png\",\"contentUrl\":\"https:\\\/\\\/www.inhoorn.nl\\\/wp-content\\\/uploads\\\/2022\\\/06\\\/logo_shadow.png\",\"width\":600,\"height\":275,\"caption\":\"InHoorn\"},\"image\":{\"@id\":\"https:\\\/\\\/www.inhoorn.nl\\\/de\\\/#\\\/schema\\\/logo\\\/image\\\/\"},\"sameAs\":[\"https:\\\/\\\/www.facebook.com\\\/inhoorn.nl\"]}]}<\/script>\n<!-- \/ Yoast SEO plugin. -->","yoast_head_json":{"title":"Abendessen - In Hoorn","robots":{"index":"index","follow":"follow","max-snippet":"max-snippet:-1","max-image-preview":"max-image-preview:large","max-video-preview":"max-video-preview:-1"},"canonical":"https:\/\/www.inhoorn.nl\/de\/einkaufen-gastgewerbe\/essen-trinken\/abendessen\/","og_locale":"de_DE","og_type":"article","og_title":"Abendessen - In Hoorn","og_description":"Etwas f\u00fcr jeden Hoorn kann zu Recht als kulinarische Stadt bezeichnet werden. Mit rund 60 verschiedenen Restaurants ist das Angebot breit gef\u00e4chert. Die Restaurants sind sch\u00f6n verteilt, besonders im Stadtzentrum mit einem deutlichen Akzent auf und um den Roode Steen. Kulinarische Pause Abgesehen davon, dass Sie in Hoorn gut und ausgiebig essen k\u00f6nnen, gibt es [&hellip;]","og_url":"https:\/\/www.inhoorn.nl\/de\/einkaufen-gastgewerbe\/essen-trinken\/abendessen\/","og_site_name":"In Hoorn","article_publisher":"https:\/\/www.facebook.com\/inhoorn.nl","article_modified_time":"2022-07-14T13:26:22+00:00","og_image":[{"width":600,"height":275,"url":"https:\/\/www.inhoorn.nl\/wp-content\/uploads\/2022\/06\/logo_shadow.png","type":"image\/png"}],"twitter_card":"summary_large_image","twitter_misc":{"Gesch\u00e4tzte Lesezeit":"1\u00a0Minute"},"schema":{"@context":"https:\/\/schema.org","@graph":[{"@type":"WebPage","@id":"https:\/\/www.inhoorn.nl\/de\/einkaufen-gastgewerbe\/essen-trinken\/abendessen\/","url":"https:\/\/www.inhoorn.nl\/de\/einkaufen-gastgewerbe\/essen-trinken\/abendessen\/","name":"Abendessen - In Hoorn","isPartOf":{"@id":"https:\/\/www.inhoorn.nl\/de\/#website"},"datePublished":"2022-02-21T10:19:18+00:00","dateModified":"2022-07-14T13:26:22+00:00","breadcrumb":{"@id":"https:\/\/www.inhoorn.nl\/de\/einkaufen-gastgewerbe\/essen-trinken\/abendessen\/#breadcrumb"},"inLanguage":"de","potentialAction":[{"@type":"ReadAction","target":["https:\/\/www.inhoorn.nl\/de\/einkaufen-gastgewerbe\/essen-trinken\/abendessen\/"]}]},{"@type":"BreadcrumbList","@id":"https:\/\/www.inhoorn.nl\/de\/einkaufen-gastgewerbe\/essen-trinken\/abendessen\/#breadcrumb","itemListElement":[{"@type":"ListItem","position":1,"name":"Home","item":"https:\/\/www.inhoorn.nl\/de\/"},{"@type":"ListItem","position":2,"name":"Einkaufen &#038; Gastronomie","item":"https:\/\/www.inhoorn.nl\/de\/winkelen-horeca\/"},{"@type":"ListItem","position":3,"name":"Essen &#038; Trinken","item":"https:\/\/www.inhoorn.nl\/de\/einkaufen-gastgewerbe\/essen-trinken\/"},{"@type":"ListItem","position":4,"name":"Abendessen"}]},{"@type":"WebSite","@id":"https:\/\/www.inhoorn.nl\/de\/#website","url":"https:\/\/www.inhoorn.nl\/de\/","name":"In Hoorn","description":"D\u00e9 gids voor Hoorn","publisher":{"@id":"https:\/\/www.inhoorn.nl\/de\/#organization"},"potentialAction":[{"@type":"SearchAction","target":{"@type":"EntryPoint","urlTemplate":"https:\/\/www.inhoorn.nl\/de\/?s={search_term_string}"},"query-input":{"@type":"PropertyValueSpecification","valueRequired":true,"valueName":"search_term_string"}}],"inLanguage":"de"},{"@type":"Organization","@id":"https:\/\/www.inhoorn.nl\/de\/#organization","name":"InHoorn","url":"https:\/\/www.inhoorn.nl\/de\/","logo":{"@type":"ImageObject","inLanguage":"de","@id":"https:\/\/www.inhoorn.nl\/de\/#\/schema\/logo\/image\/","url":"https:\/\/www.inhoorn.nl\/wp-content\/uploads\/2022\/06\/logo_shadow.png","contentUrl":"https:\/\/www.inhoorn.nl\/wp-content\/uploads\/2022\/06\/logo_shadow.png","width":600,"height":275,"caption":"InHoorn"},"image":{"@id":"https:\/\/www.inhoorn.nl\/de\/#\/schema\/logo\/image\/"},"sameAs":["https:\/\/www.facebook.com\/inhoorn.nl"]}]}},"_links":{"self":[{"href":"https:\/\/www.inhoorn.nl\/de\/wp-json\/wp\/v2\/pages\/9371","targetHints":{"allow":["GET"]}}],"collection":[{"href":"https:\/\/www.inhoorn.nl\/de\/wp-json\/wp\/v2\/pages"}],"about":[{"href":"https:\/\/www.inhoorn.nl\/de\/wp-json\/wp\/v2\/types\/page"}],"author":[{"embeddable":true,"href":"https:\/\/www.inhoorn.nl\/de\/wp-json\/wp\/v2\/users\/1"}],"replies":[{"embeddable":true,"href":"https:\/\/www.inhoorn.nl\/de\/wp-json\/wp\/v2\/comments?post=9371"}],"version-history":[{"count":7,"href":"https:\/\/www.inhoorn.nl\/de\/wp-json\/wp\/v2\/pages\/9371\/revisions"}],"predecessor-version":[{"id":13591,"href":"https:\/\/www.inhoorn.nl\/de\/wp-json\/wp\/v2\/pages\/9371\/revisions\/13591"}],"up":[{"embeddable":true,"href":"https:\/\/www.inhoorn.nl\/de\/wp-json\/wp\/v2\/pages\/11314"}],"wp:attachment":[{"href":"https:\/\/www.inhoorn.nl\/de\/wp-json\/wp\/v2\/media?parent=9371"}],"curies":[{"name":"wp","href":"https:\/\/api.w.org\/{rel}","templated":true}]}}