{"id":9391,"date":"2022-02-21T12:39:38","date_gmt":"2022-02-21T12:39:38","guid":{"rendered":"https:\/\/development.inhoorn.nl\/?page_id=9391"},"modified":"2022-07-14T15:25:26","modified_gmt":"2022-07-14T13:25:26","slug":"wandern-radfahren","status":"publish","type":"page","link":"https:\/\/www.inhoorn.nl\/de\/sehen-tun\/wandern-radfahren\/","title":{"rendered":"Wandern &#038; Radfahren"},"content":{"rendered":"\n<h2 class=\"wp-block-heading\" id=\"tw-target-text\">Entdecken Sie H\u00f6rn<\/h2>\n\n\n\n<p>In und um Hoorn l\u00e4sst es sich wunderbar wandern und Rad fahren. Sie k\u00f6nnen auf eigene Faust umherwandern, aber es ist auch m\u00f6glich, das historische Stadtzentrum von Hoorn in Begleitung eines Stadtf\u00fchrers zu entdecken. Die Stadtf\u00fchrer k\u00f6nnen Ihnen alles \u00fcber die Geschichte von Hoorn im Allgemeinen und die der verschiedenen sch\u00f6nen Geb\u00e4ude im Besonderen erz\u00e4hlen.<\/p>\n\n\n\n<h2 class=\"wp-block-heading\" id=\"h-fahrrader-mieten\">Fahrr\u00e4der mieten<\/h2>\n\n\n\n<p>Wenn Sie Hoorn und Umgebung mit dem Fahrrad entdecken m\u00f6chten, wurden unter anderem vom ANWB verschiedene Routen ausgearbeitet. Wenn Sie ohne Fahrrad nach Hoorn kommen, gibt es in der Stadt eine Reihe von Punkten, an denen Sie ein Fahrrad mieten k\u00f6nnen. Auch einige Hotels bieten diese Option an. Klicken Sie auf die unten stehenden Elemente, um weitere Informationen zu erhalten.<\/p>\n","protected":false},"excerpt":{"rendered":"<p>Entdecken Sie H\u00f6rn In und um Hoorn l\u00e4sst es sich wunderbar wandern und Rad fahren. Sie k\u00f6nnen auf eigene Faust umherwandern, aber es ist auch m\u00f6glich, das historische Stadtzentrum von Hoorn in Begleitung eines Stadtf\u00fchrers zu entdecken. Die Stadtf\u00fchrer k\u00f6nnen Ihnen alles \u00fcber die Geschichte von Hoorn im Allgemeinen und die der verschiedenen sch\u00f6nen Geb\u00e4ude [&hellip;]<\/p>\n","protected":false},"author":2,"featured_media":0,"parent":9397,"menu_order":0,"comment_status":"closed","ping_status":"closed","template":"","meta":{"footnotes":""},"class_list":["post-9391","page","type-page","status-publish","hentry"],"yoast_head":"<!-- This site is optimized with the Yoast SEO plugin v27.4 - https:\/\/yoast.com\/product\/yoast-seo-wordpress\/ -->\n<title>Wandern &amp; Radfahren - In Hoorn<\/title>\n<meta name=\"robots\" content=\"index, follow, max-snippet:-1, max-image-preview:large, max-video-preview:-1\" \/>\n<link rel=\"canonical\" href=\"https:\/\/www.inhoorn.nl\/de\/sehen-tun\/wandern-radfahren\/\" \/>\n<meta property=\"og:locale\" content=\"de_DE\" \/>\n<meta property=\"og:type\" content=\"article\" \/>\n<meta property=\"og:title\" content=\"Wandern &amp; Radfahren - In Hoorn\" \/>\n<meta property=\"og:description\" content=\"Entdecken Sie H\u00f6rn In und um Hoorn l\u00e4sst es sich wunderbar wandern und Rad fahren. Sie k\u00f6nnen auf eigene Faust umherwandern, aber es ist auch m\u00f6glich, das historische Stadtzentrum von Hoorn in Begleitung eines Stadtf\u00fchrers zu entdecken. Die Stadtf\u00fchrer k\u00f6nnen Ihnen alles \u00fcber die Geschichte von Hoorn im Allgemeinen und die der verschiedenen sch\u00f6nen Geb\u00e4ude [&hellip;]\" \/>\n<meta property=\"og:url\" content=\"https:\/\/www.inhoorn.nl\/de\/sehen-tun\/wandern-radfahren\/\" \/>\n<meta property=\"og:site_name\" content=\"In Hoorn\" \/>\n<meta property=\"article:publisher\" content=\"https:\/\/www.facebook.com\/inhoorn.nl\" \/>\n<meta property=\"article:modified_time\" content=\"2022-07-14T13:25:26+00:00\" \/>\n<meta property=\"og:image\" content=\"https:\/\/www.inhoorn.nl\/wp-content\/uploads\/2022\/06\/logo_shadow.png\" \/>\n\t<meta property=\"og:image:width\" content=\"600\" \/>\n\t<meta property=\"og:image:height\" content=\"275\" \/>\n\t<meta property=\"og:image:type\" content=\"image\/png\" \/>\n<meta name=\"twitter:card\" content=\"summary_large_image\" \/>\n<meta name=\"twitter:label1\" content=\"Gesch\u00e4tzte Lesezeit\" \/>\n\t<meta name=\"twitter:data1\" content=\"1\u00a0Minute\" \/>\n<script type=\"application\/ld+json\" class=\"yoast-schema-graph\">{\"@context\":\"https:\\\/\\\/schema.org\",\"@graph\":[{\"@type\":\"WebPage\",\"@id\":\"https:\\\/\\\/www.inhoorn.nl\\\/de\\\/sehen-tun\\\/wandern-radfahren\\\/\",\"url\":\"https:\\\/\\\/www.inhoorn.nl\\\/de\\\/sehen-tun\\\/wandern-radfahren\\\/\",\"name\":\"Wandern & Radfahren - In Hoorn\",\"isPartOf\":{\"@id\":\"https:\\\/\\\/www.inhoorn.nl\\\/de\\\/#website\"},\"datePublished\":\"2022-02-21T12:39:38+00:00\",\"dateModified\":\"2022-07-14T13:25:26+00:00\",\"breadcrumb\":{\"@id\":\"https:\\\/\\\/www.inhoorn.nl\\\/de\\\/sehen-tun\\\/wandern-radfahren\\\/#breadcrumb\"},\"inLanguage\":\"de\",\"potentialAction\":[{\"@type\":\"ReadAction\",\"target\":[\"https:\\\/\\\/www.inhoorn.nl\\\/de\\\/sehen-tun\\\/wandern-radfahren\\\/\"]}]},{\"@type\":\"BreadcrumbList\",\"@id\":\"https:\\\/\\\/www.inhoorn.nl\\\/de\\\/sehen-tun\\\/wandern-radfahren\\\/#breadcrumb\",\"itemListElement\":[{\"@type\":\"ListItem\",\"position\":1,\"name\":\"Home\",\"item\":\"https:\\\/\\\/www.inhoorn.nl\\\/de\\\/\"},{\"@type\":\"ListItem\",\"position\":2,\"name\":\"Sehen &#038; tun\",\"item\":\"https:\\\/\\\/www.inhoorn.nl\\\/de\\\/zien-doen\\\/\"},{\"@type\":\"ListItem\",\"position\":3,\"name\":\"Wandern &#038; Radfahren\"}]},{\"@type\":\"WebSite\",\"@id\":\"https:\\\/\\\/www.inhoorn.nl\\\/de\\\/#website\",\"url\":\"https:\\\/\\\/www.inhoorn.nl\\\/de\\\/\",\"name\":\"In Hoorn\",\"description\":\"D\u00e9 gids voor Hoorn\",\"publisher\":{\"@id\":\"https:\\\/\\\/www.inhoorn.nl\\\/de\\\/#organization\"},\"potentialAction\":[{\"@type\":\"SearchAction\",\"target\":{\"@type\":\"EntryPoint\",\"urlTemplate\":\"https:\\\/\\\/www.inhoorn.nl\\\/de\\\/?s={search_term_string}\"},\"query-input\":{\"@type\":\"PropertyValueSpecification\",\"valueRequired\":true,\"valueName\":\"search_term_string\"}}],\"inLanguage\":\"de\"},{\"@type\":\"Organization\",\"@id\":\"https:\\\/\\\/www.inhoorn.nl\\\/de\\\/#organization\",\"name\":\"InHoorn\",\"url\":\"https:\\\/\\\/www.inhoorn.nl\\\/de\\\/\",\"logo\":{\"@type\":\"ImageObject\",\"inLanguage\":\"de\",\"@id\":\"https:\\\/\\\/www.inhoorn.nl\\\/de\\\/#\\\/schema\\\/logo\\\/image\\\/\",\"url\":\"https:\\\/\\\/www.inhoorn.nl\\\/wp-content\\\/uploads\\\/2022\\\/06\\\/logo_shadow.png\",\"contentUrl\":\"https:\\\/\\\/www.inhoorn.nl\\\/wp-content\\\/uploads\\\/2022\\\/06\\\/logo_shadow.png\",\"width\":600,\"height\":275,\"caption\":\"InHoorn\"},\"image\":{\"@id\":\"https:\\\/\\\/www.inhoorn.nl\\\/de\\\/#\\\/schema\\\/logo\\\/image\\\/\"},\"sameAs\":[\"https:\\\/\\\/www.facebook.com\\\/inhoorn.nl\"]}]}<\/script>\n<!-- \/ Yoast SEO plugin. -->","yoast_head_json":{"title":"Wandern & Radfahren - In Hoorn","robots":{"index":"index","follow":"follow","max-snippet":"max-snippet:-1","max-image-preview":"max-image-preview:large","max-video-preview":"max-video-preview:-1"},"canonical":"https:\/\/www.inhoorn.nl\/de\/sehen-tun\/wandern-radfahren\/","og_locale":"de_DE","og_type":"article","og_title":"Wandern & Radfahren - In Hoorn","og_description":"Entdecken Sie H\u00f6rn In und um Hoorn l\u00e4sst es sich wunderbar wandern und Rad fahren. Sie k\u00f6nnen auf eigene Faust umherwandern, aber es ist auch m\u00f6glich, das historische Stadtzentrum von Hoorn in Begleitung eines Stadtf\u00fchrers zu entdecken. Die Stadtf\u00fchrer k\u00f6nnen Ihnen alles \u00fcber die Geschichte von Hoorn im Allgemeinen und die der verschiedenen sch\u00f6nen Geb\u00e4ude [&hellip;]","og_url":"https:\/\/www.inhoorn.nl\/de\/sehen-tun\/wandern-radfahren\/","og_site_name":"In Hoorn","article_publisher":"https:\/\/www.facebook.com\/inhoorn.nl","article_modified_time":"2022-07-14T13:25:26+00:00","og_image":[{"width":600,"height":275,"url":"https:\/\/www.inhoorn.nl\/wp-content\/uploads\/2022\/06\/logo_shadow.png","type":"image\/png"}],"twitter_card":"summary_large_image","twitter_misc":{"Gesch\u00e4tzte Lesezeit":"1\u00a0Minute"},"schema":{"@context":"https:\/\/schema.org","@graph":[{"@type":"WebPage","@id":"https:\/\/www.inhoorn.nl\/de\/sehen-tun\/wandern-radfahren\/","url":"https:\/\/www.inhoorn.nl\/de\/sehen-tun\/wandern-radfahren\/","name":"Wandern & Radfahren - In Hoorn","isPartOf":{"@id":"https:\/\/www.inhoorn.nl\/de\/#website"},"datePublished":"2022-02-21T12:39:38+00:00","dateModified":"2022-07-14T13:25:26+00:00","breadcrumb":{"@id":"https:\/\/www.inhoorn.nl\/de\/sehen-tun\/wandern-radfahren\/#breadcrumb"},"inLanguage":"de","potentialAction":[{"@type":"ReadAction","target":["https:\/\/www.inhoorn.nl\/de\/sehen-tun\/wandern-radfahren\/"]}]},{"@type":"BreadcrumbList","@id":"https:\/\/www.inhoorn.nl\/de\/sehen-tun\/wandern-radfahren\/#breadcrumb","itemListElement":[{"@type":"ListItem","position":1,"name":"Home","item":"https:\/\/www.inhoorn.nl\/de\/"},{"@type":"ListItem","position":2,"name":"Sehen &#038; tun","item":"https:\/\/www.inhoorn.nl\/de\/zien-doen\/"},{"@type":"ListItem","position":3,"name":"Wandern &#038; Radfahren"}]},{"@type":"WebSite","@id":"https:\/\/www.inhoorn.nl\/de\/#website","url":"https:\/\/www.inhoorn.nl\/de\/","name":"In Hoorn","description":"D\u00e9 gids voor Hoorn","publisher":{"@id":"https:\/\/www.inhoorn.nl\/de\/#organization"},"potentialAction":[{"@type":"SearchAction","target":{"@type":"EntryPoint","urlTemplate":"https:\/\/www.inhoorn.nl\/de\/?s={search_term_string}"},"query-input":{"@type":"PropertyValueSpecification","valueRequired":true,"valueName":"search_term_string"}}],"inLanguage":"de"},{"@type":"Organization","@id":"https:\/\/www.inhoorn.nl\/de\/#organization","name":"InHoorn","url":"https:\/\/www.inhoorn.nl\/de\/","logo":{"@type":"ImageObject","inLanguage":"de","@id":"https:\/\/www.inhoorn.nl\/de\/#\/schema\/logo\/image\/","url":"https:\/\/www.inhoorn.nl\/wp-content\/uploads\/2022\/06\/logo_shadow.png","contentUrl":"https:\/\/www.inhoorn.nl\/wp-content\/uploads\/2022\/06\/logo_shadow.png","width":600,"height":275,"caption":"InHoorn"},"image":{"@id":"https:\/\/www.inhoorn.nl\/de\/#\/schema\/logo\/image\/"},"sameAs":["https:\/\/www.facebook.com\/inhoorn.nl"]}]}},"_links":{"self":[{"href":"https:\/\/www.inhoorn.nl\/de\/wp-json\/wp\/v2\/pages\/9391","targetHints":{"allow":["GET"]}}],"collection":[{"href":"https:\/\/www.inhoorn.nl\/de\/wp-json\/wp\/v2\/pages"}],"about":[{"href":"https:\/\/www.inhoorn.nl\/de\/wp-json\/wp\/v2\/types\/page"}],"author":[{"embeddable":true,"href":"https:\/\/www.inhoorn.nl\/de\/wp-json\/wp\/v2\/users\/2"}],"replies":[{"embeddable":true,"href":"https:\/\/www.inhoorn.nl\/de\/wp-json\/wp\/v2\/comments?post=9391"}],"version-history":[{"count":12,"href":"https:\/\/www.inhoorn.nl\/de\/wp-json\/wp\/v2\/pages\/9391\/revisions"}],"predecessor-version":[{"id":13588,"href":"https:\/\/www.inhoorn.nl\/de\/wp-json\/wp\/v2\/pages\/9391\/revisions\/13588"}],"up":[{"embeddable":true,"href":"https:\/\/www.inhoorn.nl\/de\/wp-json\/wp\/v2\/pages\/9397"}],"wp:attachment":[{"href":"https:\/\/www.inhoorn.nl\/de\/wp-json\/wp\/v2\/media?parent=9391"}],"curies":[{"name":"wp","href":"https:\/\/api.w.org\/{rel}","templated":true}]}}