{"id":9414,"date":"2022-02-21T14:57:21","date_gmt":"2022-02-21T14:57:21","guid":{"rendered":"https:\/\/development.inhoorn.nl\/?page_id=9414"},"modified":"2022-07-14T15:24:55","modified_gmt":"2022-07-14T13:24:55","slug":"planen-sie-ihren-besuch","status":"publish","type":"page","link":"https:\/\/www.inhoorn.nl\/de\/planen-sie-ihren-besuch\/","title":{"rendered":"Planen Sie Ihren Besuch"},"content":{"rendered":"\n<h2 class=\"wp-block-heading\" id=\"h-wir-helfen-ihnen-gerne-weiter\">Wir helfen Ihnen gerne weiter<\/h2>\n\n\n\n<p class=\"has-black-color has-text-color\">Wenn Sie Hoorn noch nicht kennen, aber diese angenehme und historische Stadt besuchen m\u00f6chten, bietet Ihnen InHoorn.nl alle Arten von Informationen f\u00fcr einen erfolgreichen Aufenthalt. In Hoorn k\u00f6nnen Sie einkaufen gehen, Kultur genie\u00dfen, lecker zu Mittag und zu Abend essen, segeln und vieles mehr. Nat\u00fcrlich k\u00f6nnen Sie die gesamte Website durchsuchen, um alles \u00fcber Hoorn zu erfahren, aber dann haben Sie keine Zeit, Hoorn selbst zu besuchen. Deshalb haben wir f\u00fcr Sie ein einfaches Tool integriert, damit Sie schnell auf einen Blick sehen, was es w\u00e4hrend Ihres Aufenthaltes zu tun gibt, wo Sie eventuell \u00fcbernachten k\u00f6nnen, wo Sie Ihr Fahrrad oder Auto abstellen k\u00f6nnen und so weiter.<\/p>\n\n\n\n<p class=\"has-black-color has-text-color\">Planen Sie Ihren Besuch, indem Sie durch das Men\u00fc auf der rechten Seite dieser Seite gehen. Sie erhalten dann alle Informationen, die Sie ben\u00f6tigen, und k\u00f6nnen die Informationen ganz einfach direkt an alle weiterleiten, die mit Ihnen nach Hoorn kommen.<\/p>\n\n\n\n<p class=\"has-black-color has-text-color\">Wir w\u00fcnschen Ihnen eine sch\u00f6ne Zeit im sch\u00f6nen Hoorn!<\/p>\n\n\n\n<p class=\"has-black-color has-text-color\">Team InHoorn.nl<\/p>\n","protected":false},"excerpt":{"rendered":"<p>Wir helfen Ihnen gerne weiter Wenn Sie Hoorn noch nicht kennen, aber diese angenehme und historische Stadt besuchen m\u00f6chten, bietet Ihnen InHoorn.nl alle Arten von Informationen f\u00fcr einen erfolgreichen Aufenthalt. In Hoorn k\u00f6nnen Sie einkaufen gehen, Kultur genie\u00dfen, lecker zu Mittag und zu Abend essen, segeln und vieles mehr. Nat\u00fcrlich k\u00f6nnen Sie die gesamte Website [&hellip;]<\/p>\n","protected":false},"author":2,"featured_media":13109,"parent":0,"menu_order":0,"comment_status":"closed","ping_status":"closed","template":"templates\/page-planner.php","meta":{"footnotes":""},"class_list":["post-9414","page","type-page","status-publish","has-post-thumbnail","hentry"],"yoast_head":"<!-- This site is optimized with the Yoast SEO Premium plugin v26.0 (Yoast SEO v27.4) - https:\/\/yoast.com\/product\/yoast-seo-premium-wordpress\/ -->\n<title>Planen Sie Ihren Besuch - In Hoorn<\/title>\n<meta name=\"robots\" content=\"index, follow, max-snippet:-1, max-image-preview:large, max-video-preview:-1\" \/>\n<link rel=\"canonical\" href=\"https:\/\/www.inhoorn.nl\/de\/planen-sie-ihren-besuch\/\" \/>\n<meta property=\"og:locale\" content=\"de_DE\" \/>\n<meta property=\"og:type\" content=\"article\" \/>\n<meta property=\"og:title\" content=\"Planen Sie Ihren Besuch\" \/>\n<meta property=\"og:description\" content=\"Wir helfen Ihnen gerne weiter Wenn Sie Hoorn noch nicht kennen, aber diese angenehme und historische Stadt besuchen m\u00f6chten, bietet Ihnen InHoorn.nl alle Arten von Informationen f\u00fcr einen erfolgreichen Aufenthalt. In Hoorn k\u00f6nnen Sie einkaufen gehen, Kultur genie\u00dfen, lecker zu Mittag und zu Abend essen, segeln und vieles mehr. Nat\u00fcrlich k\u00f6nnen Sie die gesamte Website [&hellip;]\" \/>\n<meta property=\"og:url\" content=\"https:\/\/www.inhoorn.nl\/de\/planen-sie-ihren-besuch\/\" \/>\n<meta property=\"og:site_name\" content=\"In Hoorn\" \/>\n<meta property=\"article:publisher\" content=\"https:\/\/www.facebook.com\/inhoorn.nl\" \/>\n<meta property=\"article:modified_time\" content=\"2022-07-14T13:24:55+00:00\" \/>\n<meta property=\"og:image\" content=\"https:\/\/www.inhoorn.nl\/wp-content\/uploads\/2022\/06\/8-1-1920x450-1.jpg\" \/>\n\t<meta property=\"og:image:width\" content=\"1920\" \/>\n\t<meta property=\"og:image:height\" content=\"450\" \/>\n\t<meta property=\"og:image:type\" content=\"image\/jpeg\" \/>\n<meta name=\"twitter:card\" content=\"summary_large_image\" \/>\n<meta name=\"twitter:label1\" content=\"Gesch\u00e4tzte Lesezeit\" \/>\n\t<meta name=\"twitter:data1\" content=\"1\u00a0Minute\" \/>\n<script type=\"application\/ld+json\" class=\"yoast-schema-graph\">{\"@context\":\"https:\\\/\\\/schema.org\",\"@graph\":[{\"@type\":\"WebPage\",\"@id\":\"https:\\\/\\\/www.inhoorn.nl\\\/de\\\/planen-sie-ihren-besuch\\\/\",\"url\":\"https:\\\/\\\/www.inhoorn.nl\\\/de\\\/planen-sie-ihren-besuch\\\/\",\"name\":\"Planen Sie Ihren Besuch - In Hoorn\",\"isPartOf\":{\"@id\":\"https:\\\/\\\/www.inhoorn.nl\\\/de\\\/#website\"},\"primaryImageOfPage\":{\"@id\":\"https:\\\/\\\/www.inhoorn.nl\\\/de\\\/planen-sie-ihren-besuch\\\/#primaryimage\"},\"image\":{\"@id\":\"https:\\\/\\\/www.inhoorn.nl\\\/de\\\/planen-sie-ihren-besuch\\\/#primaryimage\"},\"thumbnailUrl\":\"https:\\\/\\\/www.inhoorn.nl\\\/wp-content\\\/uploads\\\/2022\\\/06\\\/8-1-1920x450-1.jpg\",\"datePublished\":\"2022-02-21T14:57:21+00:00\",\"dateModified\":\"2022-07-14T13:24:55+00:00\",\"breadcrumb\":{\"@id\":\"https:\\\/\\\/www.inhoorn.nl\\\/de\\\/planen-sie-ihren-besuch\\\/#breadcrumb\"},\"inLanguage\":\"de\",\"potentialAction\":[{\"@type\":\"ReadAction\",\"target\":[\"https:\\\/\\\/www.inhoorn.nl\\\/de\\\/planen-sie-ihren-besuch\\\/\"]}]},{\"@type\":\"ImageObject\",\"inLanguage\":\"de\",\"@id\":\"https:\\\/\\\/www.inhoorn.nl\\\/de\\\/planen-sie-ihren-besuch\\\/#primaryimage\",\"url\":\"https:\\\/\\\/www.inhoorn.nl\\\/wp-content\\\/uploads\\\/2022\\\/06\\\/8-1-1920x450-1.jpg\",\"contentUrl\":\"https:\\\/\\\/www.inhoorn.nl\\\/wp-content\\\/uploads\\\/2022\\\/06\\\/8-1-1920x450-1.jpg\",\"width\":1920,\"height\":450},{\"@type\":\"BreadcrumbList\",\"@id\":\"https:\\\/\\\/www.inhoorn.nl\\\/de\\\/planen-sie-ihren-besuch\\\/#breadcrumb\",\"itemListElement\":[{\"@type\":\"ListItem\",\"position\":1,\"name\":\"Home\",\"item\":\"https:\\\/\\\/www.inhoorn.nl\\\/de\\\/\"},{\"@type\":\"ListItem\",\"position\":2,\"name\":\"Planen Sie Ihren Besuch\"}]},{\"@type\":\"WebSite\",\"@id\":\"https:\\\/\\\/www.inhoorn.nl\\\/de\\\/#website\",\"url\":\"https:\\\/\\\/www.inhoorn.nl\\\/de\\\/\",\"name\":\"In Hoorn\",\"description\":\"D\u00e9 gids voor Hoorn\",\"publisher\":{\"@id\":\"https:\\\/\\\/www.inhoorn.nl\\\/de\\\/#organization\"},\"potentialAction\":[{\"@type\":\"SearchAction\",\"target\":{\"@type\":\"EntryPoint\",\"urlTemplate\":\"https:\\\/\\\/www.inhoorn.nl\\\/de\\\/?s={search_term_string}\"},\"query-input\":{\"@type\":\"PropertyValueSpecification\",\"valueRequired\":true,\"valueName\":\"search_term_string\"}}],\"inLanguage\":\"de\"},{\"@type\":\"Organization\",\"@id\":\"https:\\\/\\\/www.inhoorn.nl\\\/de\\\/#organization\",\"name\":\"InHoorn\",\"url\":\"https:\\\/\\\/www.inhoorn.nl\\\/de\\\/\",\"logo\":{\"@type\":\"ImageObject\",\"inLanguage\":\"de\",\"@id\":\"https:\\\/\\\/www.inhoorn.nl\\\/de\\\/#\\\/schema\\\/logo\\\/image\\\/\",\"url\":\"https:\\\/\\\/www.inhoorn.nl\\\/wp-content\\\/uploads\\\/2022\\\/06\\\/logo_shadow.png\",\"contentUrl\":\"https:\\\/\\\/www.inhoorn.nl\\\/wp-content\\\/uploads\\\/2022\\\/06\\\/logo_shadow.png\",\"width\":600,\"height\":275,\"caption\":\"InHoorn\"},\"image\":{\"@id\":\"https:\\\/\\\/www.inhoorn.nl\\\/de\\\/#\\\/schema\\\/logo\\\/image\\\/\"},\"sameAs\":[\"https:\\\/\\\/www.facebook.com\\\/inhoorn.nl\"]}]}<\/script>\n<!-- \/ Yoast SEO Premium plugin. -->","yoast_head_json":{"title":"Planen Sie Ihren Besuch - In Hoorn","robots":{"index":"index","follow":"follow","max-snippet":"max-snippet:-1","max-image-preview":"max-image-preview:large","max-video-preview":"max-video-preview:-1"},"canonical":"https:\/\/www.inhoorn.nl\/de\/planen-sie-ihren-besuch\/","og_locale":"de_DE","og_type":"article","og_title":"Planen Sie Ihren Besuch","og_description":"Wir helfen Ihnen gerne weiter Wenn Sie Hoorn noch nicht kennen, aber diese angenehme und historische Stadt besuchen m\u00f6chten, bietet Ihnen InHoorn.nl alle Arten von Informationen f\u00fcr einen erfolgreichen Aufenthalt. In Hoorn k\u00f6nnen Sie einkaufen gehen, Kultur genie\u00dfen, lecker zu Mittag und zu Abend essen, segeln und vieles mehr. Nat\u00fcrlich k\u00f6nnen Sie die gesamte Website [&hellip;]","og_url":"https:\/\/www.inhoorn.nl\/de\/planen-sie-ihren-besuch\/","og_site_name":"In Hoorn","article_publisher":"https:\/\/www.facebook.com\/inhoorn.nl","article_modified_time":"2022-07-14T13:24:55+00:00","og_image":[{"width":1920,"height":450,"url":"https:\/\/www.inhoorn.nl\/wp-content\/uploads\/2022\/06\/8-1-1920x450-1.jpg","type":"image\/jpeg"}],"twitter_card":"summary_large_image","twitter_misc":{"Gesch\u00e4tzte Lesezeit":"1\u00a0Minute"},"schema":{"@context":"https:\/\/schema.org","@graph":[{"@type":"WebPage","@id":"https:\/\/www.inhoorn.nl\/de\/planen-sie-ihren-besuch\/","url":"https:\/\/www.inhoorn.nl\/de\/planen-sie-ihren-besuch\/","name":"Planen Sie Ihren Besuch - In Hoorn","isPartOf":{"@id":"https:\/\/www.inhoorn.nl\/de\/#website"},"primaryImageOfPage":{"@id":"https:\/\/www.inhoorn.nl\/de\/planen-sie-ihren-besuch\/#primaryimage"},"image":{"@id":"https:\/\/www.inhoorn.nl\/de\/planen-sie-ihren-besuch\/#primaryimage"},"thumbnailUrl":"https:\/\/www.inhoorn.nl\/wp-content\/uploads\/2022\/06\/8-1-1920x450-1.jpg","datePublished":"2022-02-21T14:57:21+00:00","dateModified":"2022-07-14T13:24:55+00:00","breadcrumb":{"@id":"https:\/\/www.inhoorn.nl\/de\/planen-sie-ihren-besuch\/#breadcrumb"},"inLanguage":"de","potentialAction":[{"@type":"ReadAction","target":["https:\/\/www.inhoorn.nl\/de\/planen-sie-ihren-besuch\/"]}]},{"@type":"ImageObject","inLanguage":"de","@id":"https:\/\/www.inhoorn.nl\/de\/planen-sie-ihren-besuch\/#primaryimage","url":"https:\/\/www.inhoorn.nl\/wp-content\/uploads\/2022\/06\/8-1-1920x450-1.jpg","contentUrl":"https:\/\/www.inhoorn.nl\/wp-content\/uploads\/2022\/06\/8-1-1920x450-1.jpg","width":1920,"height":450},{"@type":"BreadcrumbList","@id":"https:\/\/www.inhoorn.nl\/de\/planen-sie-ihren-besuch\/#breadcrumb","itemListElement":[{"@type":"ListItem","position":1,"name":"Home","item":"https:\/\/www.inhoorn.nl\/de\/"},{"@type":"ListItem","position":2,"name":"Planen Sie Ihren Besuch"}]},{"@type":"WebSite","@id":"https:\/\/www.inhoorn.nl\/de\/#website","url":"https:\/\/www.inhoorn.nl\/de\/","name":"In Hoorn","description":"D\u00e9 gids voor Hoorn","publisher":{"@id":"https:\/\/www.inhoorn.nl\/de\/#organization"},"potentialAction":[{"@type":"SearchAction","target":{"@type":"EntryPoint","urlTemplate":"https:\/\/www.inhoorn.nl\/de\/?s={search_term_string}"},"query-input":{"@type":"PropertyValueSpecification","valueRequired":true,"valueName":"search_term_string"}}],"inLanguage":"de"},{"@type":"Organization","@id":"https:\/\/www.inhoorn.nl\/de\/#organization","name":"InHoorn","url":"https:\/\/www.inhoorn.nl\/de\/","logo":{"@type":"ImageObject","inLanguage":"de","@id":"https:\/\/www.inhoorn.nl\/de\/#\/schema\/logo\/image\/","url":"https:\/\/www.inhoorn.nl\/wp-content\/uploads\/2022\/06\/logo_shadow.png","contentUrl":"https:\/\/www.inhoorn.nl\/wp-content\/uploads\/2022\/06\/logo_shadow.png","width":600,"height":275,"caption":"InHoorn"},"image":{"@id":"https:\/\/www.inhoorn.nl\/de\/#\/schema\/logo\/image\/"},"sameAs":["https:\/\/www.facebook.com\/inhoorn.nl"]}]}},"_links":{"self":[{"href":"https:\/\/www.inhoorn.nl\/de\/wp-json\/wp\/v2\/pages\/9414","targetHints":{"allow":["GET"]}}],"collection":[{"href":"https:\/\/www.inhoorn.nl\/de\/wp-json\/wp\/v2\/pages"}],"about":[{"href":"https:\/\/www.inhoorn.nl\/de\/wp-json\/wp\/v2\/types\/page"}],"author":[{"embeddable":true,"href":"https:\/\/www.inhoorn.nl\/de\/wp-json\/wp\/v2\/users\/2"}],"replies":[{"embeddable":true,"href":"https:\/\/www.inhoorn.nl\/de\/wp-json\/wp\/v2\/comments?post=9414"}],"version-history":[{"count":3,"href":"https:\/\/www.inhoorn.nl\/de\/wp-json\/wp\/v2\/pages\/9414\/revisions"}],"predecessor-version":[{"id":13587,"href":"https:\/\/www.inhoorn.nl\/de\/wp-json\/wp\/v2\/pages\/9414\/revisions\/13587"}],"wp:featuredmedia":[{"embeddable":true,"href":"https:\/\/www.inhoorn.nl\/de\/wp-json\/wp\/v2\/media\/13109"}],"wp:attachment":[{"href":"https:\/\/www.inhoorn.nl\/de\/wp-json\/wp\/v2\/media?parent=9414"}],"curies":[{"name":"wp","href":"https:\/\/api.w.org\/{rel}","templated":true}]}}