{"id":9460,"date":"2022-03-08T19:50:25","date_gmt":"2022-03-08T19:50:25","guid":{"rendered":"https:\/\/development.inhoorn.nl\/?page_id=9460"},"modified":"2022-07-14T15:16:58","modified_gmt":"2022-07-14T13:16:58","slug":"kunstkultur","status":"publish","type":"page","link":"https:\/\/www.inhoorn.nl\/de\/sehen-tun\/kunstkultur\/","title":{"rendered":"Kunstkultur"},"content":{"rendered":"\n<h2 class=\"wp-block-heading\" id=\"h-verborgene-schatze\">Verborgene Sch\u00e4tze<\/h2>\n\n\n\n<p>Kunst- und Kulturliebhaber k\u00f6nnen sich in Hoorn verw\u00f6hnen lassen. Sechs Museen, verschiedene Ausstellungsr\u00e4ume, unz\u00e4hlige Galerien und Ateliers sowie Freiluftkunst in der ganzen Stadt machen Hoorn zu einer attraktiven Kulturstadt.<\/p>\n\n\n\n<p>Die Museen von Hoorn sind zu Fu\u00df erreichbar. Das Westfries Museum befindet sich in einem beeindruckenden Geb\u00e4ude aus dem 17. Jahrhundert am historischen Platz De Roode Steen. In diesem Geb\u00e4ude befindet sich auch das Tourismusb\u00fcro. Das Museum des 20. Jahrhunderts befindet sich auf der historischen Gef\u00e4ngnisinsel Het Oostereiland. F\u00fcr etwas Geschichtsunterricht k\u00f6nnen Sie auch die Antiquit\u00e4tenkammern der niederl\u00e4ndischen Cape-Hoornvaarders auf dem Achterom besuchen. Hoorn hat auch ein Pop-up-Museum namens Expost. Dieses Museum befindet sich derzeit in der Nieuwsteeg. Schlie\u00dflich befindet sich das Kunstzentrum De Boterhal im ehemaligen Sint Jans Gasthuis.<\/p>\n\n\n\n<p>Gleich neben dem Bahnhof befindet sich ein weiteres Museum, das Sie sich nicht entgehen lassen sollten: die einzigartige Museums-Dampfstra\u00dfenbahn. Hier finden Sie viele Informationen zur Geschichte der Dampfstra\u00dfenbahn und k\u00f6nnen nat\u00fcrlich auch einen Ausflug machen.<\/p>\n\n\n\n<p>Die Antiquit\u00e4ten- und Kuriosit\u00e4tenl\u00e4den entlang der Grote Oost und in den angrenzenden Stra\u00dfen sind fast kleine Museen, und moderne, zeitgen\u00f6ssische Kunst ist in den verschiedenen Galerien und Ausstellungsr\u00e4umen zu finden, die \u00fcber die ganze Stadt verstreut sind.<\/p>\n","protected":false},"excerpt":{"rendered":"<p>Verborgene Sch\u00e4tze Kunst- und Kulturliebhaber k\u00f6nnen sich in Hoorn verw\u00f6hnen lassen. Sechs Museen, verschiedene Ausstellungsr\u00e4ume, unz\u00e4hlige Galerien und Ateliers sowie Freiluftkunst in der ganzen Stadt machen Hoorn zu einer attraktiven Kulturstadt. Die Museen von Hoorn sind zu Fu\u00df erreichbar. Das Westfries Museum befindet sich in einem beeindruckenden Geb\u00e4ude aus dem 17. Jahrhundert am historischen Platz [&hellip;]<\/p>\n","protected":false},"author":2,"featured_media":0,"parent":9397,"menu_order":0,"comment_status":"closed","ping_status":"closed","template":"","meta":{"footnotes":""},"class_list":["post-9460","page","type-page","status-publish","hentry"],"yoast_head":"<!-- This site is optimized with the Yoast SEO plugin v27.5 - https:\/\/yoast.com\/product\/yoast-seo-wordpress\/ -->\n<title>Kunstkultur - In Hoorn<\/title>\n<meta name=\"robots\" content=\"index, follow, max-snippet:-1, max-image-preview:large, max-video-preview:-1\" \/>\n<link rel=\"canonical\" href=\"https:\/\/www.inhoorn.nl\/de\/sehen-tun\/kunstkultur\/\" \/>\n<meta property=\"og:locale\" content=\"de_DE\" \/>\n<meta property=\"og:type\" content=\"article\" \/>\n<meta property=\"og:title\" content=\"Kunstkultur - In Hoorn\" \/>\n<meta property=\"og:description\" content=\"Verborgene Sch\u00e4tze Kunst- und Kulturliebhaber k\u00f6nnen sich in Hoorn verw\u00f6hnen lassen. Sechs Museen, verschiedene Ausstellungsr\u00e4ume, unz\u00e4hlige Galerien und Ateliers sowie Freiluftkunst in der ganzen Stadt machen Hoorn zu einer attraktiven Kulturstadt. Die Museen von Hoorn sind zu Fu\u00df erreichbar. Das Westfries Museum befindet sich in einem beeindruckenden Geb\u00e4ude aus dem 17. Jahrhundert am historischen Platz [&hellip;]\" \/>\n<meta property=\"og:url\" content=\"https:\/\/www.inhoorn.nl\/de\/sehen-tun\/kunstkultur\/\" \/>\n<meta property=\"og:site_name\" content=\"In Hoorn\" \/>\n<meta property=\"article:publisher\" content=\"https:\/\/www.facebook.com\/inhoorn.nl\" \/>\n<meta property=\"article:modified_time\" content=\"2022-07-14T13:16:58+00:00\" \/>\n<meta property=\"og:image\" content=\"https:\/\/www.inhoorn.nl\/wp-content\/uploads\/2022\/06\/logo_shadow.png\" \/>\n\t<meta property=\"og:image:width\" content=\"600\" \/>\n\t<meta property=\"og:image:height\" content=\"275\" \/>\n\t<meta property=\"og:image:type\" content=\"image\/png\" \/>\n<meta name=\"twitter:card\" content=\"summary_large_image\" \/>\n<script type=\"application\/ld+json\" class=\"yoast-schema-graph\">{\"@context\":\"https:\\\/\\\/schema.org\",\"@graph\":[{\"@type\":\"WebPage\",\"@id\":\"https:\\\/\\\/www.inhoorn.nl\\\/de\\\/sehen-tun\\\/kunstkultur\\\/\",\"url\":\"https:\\\/\\\/www.inhoorn.nl\\\/de\\\/sehen-tun\\\/kunstkultur\\\/\",\"name\":\"Kunstkultur - In Hoorn\",\"isPartOf\":{\"@id\":\"https:\\\/\\\/www.inhoorn.nl\\\/de\\\/#website\"},\"datePublished\":\"2022-03-08T19:50:25+00:00\",\"dateModified\":\"2022-07-14T13:16:58+00:00\",\"breadcrumb\":{\"@id\":\"https:\\\/\\\/www.inhoorn.nl\\\/de\\\/sehen-tun\\\/kunstkultur\\\/#breadcrumb\"},\"inLanguage\":\"de\",\"potentialAction\":[{\"@type\":\"ReadAction\",\"target\":[\"https:\\\/\\\/www.inhoorn.nl\\\/de\\\/sehen-tun\\\/kunstkultur\\\/\"]}]},{\"@type\":\"BreadcrumbList\",\"@id\":\"https:\\\/\\\/www.inhoorn.nl\\\/de\\\/sehen-tun\\\/kunstkultur\\\/#breadcrumb\",\"itemListElement\":[{\"@type\":\"ListItem\",\"position\":1,\"name\":\"Home\",\"item\":\"https:\\\/\\\/www.inhoorn.nl\\\/de\\\/\"},{\"@type\":\"ListItem\",\"position\":2,\"name\":\"Sehen &#038; tun\",\"item\":\"https:\\\/\\\/www.inhoorn.nl\\\/de\\\/zien-doen\\\/\"},{\"@type\":\"ListItem\",\"position\":3,\"name\":\"Kunstkultur\"}]},{\"@type\":\"WebSite\",\"@id\":\"https:\\\/\\\/www.inhoorn.nl\\\/de\\\/#website\",\"url\":\"https:\\\/\\\/www.inhoorn.nl\\\/de\\\/\",\"name\":\"In Hoorn\",\"description\":\"D\u00e9 gids voor Hoorn\",\"publisher\":{\"@id\":\"https:\\\/\\\/www.inhoorn.nl\\\/de\\\/#organization\"},\"potentialAction\":[{\"@type\":\"SearchAction\",\"target\":{\"@type\":\"EntryPoint\",\"urlTemplate\":\"https:\\\/\\\/www.inhoorn.nl\\\/de\\\/?s={search_term_string}\"},\"query-input\":{\"@type\":\"PropertyValueSpecification\",\"valueRequired\":true,\"valueName\":\"search_term_string\"}}],\"inLanguage\":\"de\"},{\"@type\":\"Organization\",\"@id\":\"https:\\\/\\\/www.inhoorn.nl\\\/de\\\/#organization\",\"name\":\"InHoorn\",\"url\":\"https:\\\/\\\/www.inhoorn.nl\\\/de\\\/\",\"logo\":{\"@type\":\"ImageObject\",\"inLanguage\":\"de\",\"@id\":\"https:\\\/\\\/www.inhoorn.nl\\\/de\\\/#\\\/schema\\\/logo\\\/image\\\/\",\"url\":\"https:\\\/\\\/www.inhoorn.nl\\\/wp-content\\\/uploads\\\/2022\\\/06\\\/logo_shadow.png\",\"contentUrl\":\"https:\\\/\\\/www.inhoorn.nl\\\/wp-content\\\/uploads\\\/2022\\\/06\\\/logo_shadow.png\",\"width\":600,\"height\":275,\"caption\":\"InHoorn\"},\"image\":{\"@id\":\"https:\\\/\\\/www.inhoorn.nl\\\/de\\\/#\\\/schema\\\/logo\\\/image\\\/\"},\"sameAs\":[\"https:\\\/\\\/www.facebook.com\\\/inhoorn.nl\"]}]}<\/script>\n<!-- \/ Yoast SEO plugin. -->","yoast_head_json":{"title":"Kunstkultur - In Hoorn","robots":{"index":"index","follow":"follow","max-snippet":"max-snippet:-1","max-image-preview":"max-image-preview:large","max-video-preview":"max-video-preview:-1"},"canonical":"https:\/\/www.inhoorn.nl\/de\/sehen-tun\/kunstkultur\/","og_locale":"de_DE","og_type":"article","og_title":"Kunstkultur - In Hoorn","og_description":"Verborgene Sch\u00e4tze Kunst- und Kulturliebhaber k\u00f6nnen sich in Hoorn verw\u00f6hnen lassen. Sechs Museen, verschiedene Ausstellungsr\u00e4ume, unz\u00e4hlige Galerien und Ateliers sowie Freiluftkunst in der ganzen Stadt machen Hoorn zu einer attraktiven Kulturstadt. Die Museen von Hoorn sind zu Fu\u00df erreichbar. Das Westfries Museum befindet sich in einem beeindruckenden Geb\u00e4ude aus dem 17. Jahrhundert am historischen Platz [&hellip;]","og_url":"https:\/\/www.inhoorn.nl\/de\/sehen-tun\/kunstkultur\/","og_site_name":"In Hoorn","article_publisher":"https:\/\/www.facebook.com\/inhoorn.nl","article_modified_time":"2022-07-14T13:16:58+00:00","og_image":[{"width":600,"height":275,"url":"https:\/\/www.inhoorn.nl\/wp-content\/uploads\/2022\/06\/logo_shadow.png","type":"image\/png"}],"twitter_card":"summary_large_image","schema":{"@context":"https:\/\/schema.org","@graph":[{"@type":"WebPage","@id":"https:\/\/www.inhoorn.nl\/de\/sehen-tun\/kunstkultur\/","url":"https:\/\/www.inhoorn.nl\/de\/sehen-tun\/kunstkultur\/","name":"Kunstkultur - In Hoorn","isPartOf":{"@id":"https:\/\/www.inhoorn.nl\/de\/#website"},"datePublished":"2022-03-08T19:50:25+00:00","dateModified":"2022-07-14T13:16:58+00:00","breadcrumb":{"@id":"https:\/\/www.inhoorn.nl\/de\/sehen-tun\/kunstkultur\/#breadcrumb"},"inLanguage":"de","potentialAction":[{"@type":"ReadAction","target":["https:\/\/www.inhoorn.nl\/de\/sehen-tun\/kunstkultur\/"]}]},{"@type":"BreadcrumbList","@id":"https:\/\/www.inhoorn.nl\/de\/sehen-tun\/kunstkultur\/#breadcrumb","itemListElement":[{"@type":"ListItem","position":1,"name":"Home","item":"https:\/\/www.inhoorn.nl\/de\/"},{"@type":"ListItem","position":2,"name":"Sehen &#038; tun","item":"https:\/\/www.inhoorn.nl\/de\/zien-doen\/"},{"@type":"ListItem","position":3,"name":"Kunstkultur"}]},{"@type":"WebSite","@id":"https:\/\/www.inhoorn.nl\/de\/#website","url":"https:\/\/www.inhoorn.nl\/de\/","name":"In Hoorn","description":"D\u00e9 gids voor Hoorn","publisher":{"@id":"https:\/\/www.inhoorn.nl\/de\/#organization"},"potentialAction":[{"@type":"SearchAction","target":{"@type":"EntryPoint","urlTemplate":"https:\/\/www.inhoorn.nl\/de\/?s={search_term_string}"},"query-input":{"@type":"PropertyValueSpecification","valueRequired":true,"valueName":"search_term_string"}}],"inLanguage":"de"},{"@type":"Organization","@id":"https:\/\/www.inhoorn.nl\/de\/#organization","name":"InHoorn","url":"https:\/\/www.inhoorn.nl\/de\/","logo":{"@type":"ImageObject","inLanguage":"de","@id":"https:\/\/www.inhoorn.nl\/de\/#\/schema\/logo\/image\/","url":"https:\/\/www.inhoorn.nl\/wp-content\/uploads\/2022\/06\/logo_shadow.png","contentUrl":"https:\/\/www.inhoorn.nl\/wp-content\/uploads\/2022\/06\/logo_shadow.png","width":600,"height":275,"caption":"InHoorn"},"image":{"@id":"https:\/\/www.inhoorn.nl\/de\/#\/schema\/logo\/image\/"},"sameAs":["https:\/\/www.facebook.com\/inhoorn.nl"]}]}},"_links":{"self":[{"href":"https:\/\/www.inhoorn.nl\/de\/wp-json\/wp\/v2\/pages\/9460","targetHints":{"allow":["GET"]}}],"collection":[{"href":"https:\/\/www.inhoorn.nl\/de\/wp-json\/wp\/v2\/pages"}],"about":[{"href":"https:\/\/www.inhoorn.nl\/de\/wp-json\/wp\/v2\/types\/page"}],"author":[{"embeddable":true,"href":"https:\/\/www.inhoorn.nl\/de\/wp-json\/wp\/v2\/users\/2"}],"replies":[{"embeddable":true,"href":"https:\/\/www.inhoorn.nl\/de\/wp-json\/wp\/v2\/comments?post=9460"}],"version-history":[{"count":5,"href":"https:\/\/www.inhoorn.nl\/de\/wp-json\/wp\/v2\/pages\/9460\/revisions"}],"predecessor-version":[{"id":13574,"href":"https:\/\/www.inhoorn.nl\/de\/wp-json\/wp\/v2\/pages\/9460\/revisions\/13574"}],"up":[{"embeddable":true,"href":"https:\/\/www.inhoorn.nl\/de\/wp-json\/wp\/v2\/pages\/9397"}],"wp:attachment":[{"href":"https:\/\/www.inhoorn.nl\/de\/wp-json\/wp\/v2\/media?parent=9460"}],"curies":[{"name":"wp","href":"https:\/\/api.w.org\/{rel}","templated":true}]}}