{"id":9465,"date":"2022-03-08T19:57:54","date_gmt":"2022-03-08T19:57:54","guid":{"rendered":"https:\/\/development.inhoorn.nl\/?page_id=9465"},"modified":"2022-07-14T15:17:41","modified_gmt":"2022-07-14T13:17:41","slug":"museen-galerien","status":"publish","type":"page","link":"https:\/\/www.inhoorn.nl\/de\/sehen-tun\/kunstkultur\/museen-galerien\/","title":{"rendered":"Museen &#038; Galerien"},"content":{"rendered":"\n<h2 class=\"wp-block-heading\" id=\"h-freude-an-kunst-und-kultur\"><strong>Freude an Kunst und Kultur<\/strong><\/h2>\n\n\n\n<p id=\"tw-target-text\">Hoorn hat zwei gro\u00dfe Museen, das Westfriesische Museum und das Museum des 20. Jahrhunderts. W\u00e4hrend ersteres haupts\u00e4chlich die Fr\u00fchgeschichte darstellt, einschlie\u00dflich des Goldenen Zeitalters und der VOC, konzentriert sich das Museum des 20. Jahrhunderts in verschiedenen Wechselausstellungen auf Themen aus der j\u00fcngeren Vergangenheit.<\/p>\n\n\n\n<p>Hoorn hat auch verschiedene Galerien und Pop-up-Ausstellungsr\u00e4ume wie Expost.<\/p>\n","protected":false},"excerpt":{"rendered":"<p>Freude an Kunst und Kultur Hoorn hat zwei gro\u00dfe Museen, das Westfriesische Museum und das Museum des 20. Jahrhunderts. W\u00e4hrend ersteres haupts\u00e4chlich die Fr\u00fchgeschichte darstellt, einschlie\u00dflich des Goldenen Zeitalters und der VOC, konzentriert sich das Museum des 20. Jahrhunderts in verschiedenen Wechselausstellungen auf Themen aus der j\u00fcngeren Vergangenheit. Hoorn hat auch verschiedene Galerien und Pop-up-Ausstellungsr\u00e4ume [&hellip;]<\/p>\n","protected":false},"author":2,"featured_media":6749,"parent":9460,"menu_order":0,"comment_status":"closed","ping_status":"closed","template":"templates\/page-bedrijvengids.php","meta":{"footnotes":""},"class_list":["post-9465","page","type-page","status-publish","has-post-thumbnail","hentry"],"yoast_head":"<!-- This site is optimized with the Yoast SEO plugin v27.4 - https:\/\/yoast.com\/product\/yoast-seo-wordpress\/ -->\n<title>Museen &amp; Galerien - In Hoorn<\/title>\n<meta name=\"robots\" content=\"index, follow, max-snippet:-1, max-image-preview:large, max-video-preview:-1\" \/>\n<link rel=\"canonical\" href=\"https:\/\/www.inhoorn.nl\/de\/sehen-tun\/kunstkultur\/museen-galerien\/\" \/>\n<meta property=\"og:locale\" content=\"de_DE\" \/>\n<meta property=\"og:type\" content=\"article\" \/>\n<meta property=\"og:title\" content=\"Museen &amp; Galerien - In Hoorn\" \/>\n<meta property=\"og:description\" content=\"Freude an Kunst und Kultur Hoorn hat zwei gro\u00dfe Museen, das Westfriesische Museum und das Museum des 20. Jahrhunderts. W\u00e4hrend ersteres haupts\u00e4chlich die Fr\u00fchgeschichte darstellt, einschlie\u00dflich des Goldenen Zeitalters und der VOC, konzentriert sich das Museum des 20. Jahrhunderts in verschiedenen Wechselausstellungen auf Themen aus der j\u00fcngeren Vergangenheit. Hoorn hat auch verschiedene Galerien und Pop-up-Ausstellungsr\u00e4ume [&hellip;]\" \/>\n<meta property=\"og:url\" content=\"https:\/\/www.inhoorn.nl\/de\/sehen-tun\/kunstkultur\/museen-galerien\/\" \/>\n<meta property=\"og:site_name\" content=\"In Hoorn\" \/>\n<meta property=\"article:publisher\" content=\"https:\/\/www.facebook.com\/inhoorn.nl\" \/>\n<meta property=\"article:modified_time\" content=\"2022-07-14T13:17:41+00:00\" \/>\n<meta property=\"og:image\" content=\"https:\/\/www.inhoorn.nl\/wp-content\/uploads\/2020\/12\/IMG_0133-scaled.jpg\" \/>\n\t<meta property=\"og:image:width\" content=\"1920\" \/>\n\t<meta property=\"og:image:height\" content=\"2560\" \/>\n\t<meta property=\"og:image:type\" content=\"image\/jpeg\" \/>\n<meta name=\"twitter:card\" content=\"summary_large_image\" \/>\n<meta name=\"twitter:label1\" content=\"Gesch\u00e4tzte Lesezeit\" \/>\n\t<meta name=\"twitter:data1\" content=\"1\u00a0Minute\" \/>\n<script type=\"application\/ld+json\" class=\"yoast-schema-graph\">{\"@context\":\"https:\\\/\\\/schema.org\",\"@graph\":[{\"@type\":\"WebPage\",\"@id\":\"https:\\\/\\\/www.inhoorn.nl\\\/de\\\/sehen-tun\\\/kunstkultur\\\/museen-galerien\\\/\",\"url\":\"https:\\\/\\\/www.inhoorn.nl\\\/de\\\/sehen-tun\\\/kunstkultur\\\/museen-galerien\\\/\",\"name\":\"Museen & Galerien - In Hoorn\",\"isPartOf\":{\"@id\":\"https:\\\/\\\/www.inhoorn.nl\\\/de\\\/#website\"},\"primaryImageOfPage\":{\"@id\":\"https:\\\/\\\/www.inhoorn.nl\\\/de\\\/sehen-tun\\\/kunstkultur\\\/museen-galerien\\\/#primaryimage\"},\"image\":{\"@id\":\"https:\\\/\\\/www.inhoorn.nl\\\/de\\\/sehen-tun\\\/kunstkultur\\\/museen-galerien\\\/#primaryimage\"},\"thumbnailUrl\":\"https:\\\/\\\/www.inhoorn.nl\\\/wp-content\\\/uploads\\\/2020\\\/12\\\/IMG_0133-scaled.jpg\",\"datePublished\":\"2022-03-08T19:57:54+00:00\",\"dateModified\":\"2022-07-14T13:17:41+00:00\",\"breadcrumb\":{\"@id\":\"https:\\\/\\\/www.inhoorn.nl\\\/de\\\/sehen-tun\\\/kunstkultur\\\/museen-galerien\\\/#breadcrumb\"},\"inLanguage\":\"de\",\"potentialAction\":[{\"@type\":\"ReadAction\",\"target\":[\"https:\\\/\\\/www.inhoorn.nl\\\/de\\\/sehen-tun\\\/kunstkultur\\\/museen-galerien\\\/\"]}]},{\"@type\":\"ImageObject\",\"inLanguage\":\"de\",\"@id\":\"https:\\\/\\\/www.inhoorn.nl\\\/de\\\/sehen-tun\\\/kunstkultur\\\/museen-galerien\\\/#primaryimage\",\"url\":\"https:\\\/\\\/www.inhoorn.nl\\\/wp-content\\\/uploads\\\/2020\\\/12\\\/IMG_0133-scaled.jpg\",\"contentUrl\":\"https:\\\/\\\/www.inhoorn.nl\\\/wp-content\\\/uploads\\\/2020\\\/12\\\/IMG_0133-scaled.jpg\",\"width\":1920,\"height\":2560},{\"@type\":\"BreadcrumbList\",\"@id\":\"https:\\\/\\\/www.inhoorn.nl\\\/de\\\/sehen-tun\\\/kunstkultur\\\/museen-galerien\\\/#breadcrumb\",\"itemListElement\":[{\"@type\":\"ListItem\",\"position\":1,\"name\":\"Home\",\"item\":\"https:\\\/\\\/www.inhoorn.nl\\\/de\\\/\"},{\"@type\":\"ListItem\",\"position\":2,\"name\":\"Sehen &#038; tun\",\"item\":\"https:\\\/\\\/www.inhoorn.nl\\\/de\\\/zien-doen\\\/\"},{\"@type\":\"ListItem\",\"position\":3,\"name\":\"Kunstkultur\",\"item\":\"https:\\\/\\\/www.inhoorn.nl\\\/de\\\/zien-doen\\\/kunst-cultuur\\\/\"},{\"@type\":\"ListItem\",\"position\":4,\"name\":\"Museen &#038; Galerien\"}]},{\"@type\":\"WebSite\",\"@id\":\"https:\\\/\\\/www.inhoorn.nl\\\/de\\\/#website\",\"url\":\"https:\\\/\\\/www.inhoorn.nl\\\/de\\\/\",\"name\":\"In Hoorn\",\"description\":\"D\u00e9 gids voor Hoorn\",\"publisher\":{\"@id\":\"https:\\\/\\\/www.inhoorn.nl\\\/de\\\/#organization\"},\"potentialAction\":[{\"@type\":\"SearchAction\",\"target\":{\"@type\":\"EntryPoint\",\"urlTemplate\":\"https:\\\/\\\/www.inhoorn.nl\\\/de\\\/?s={search_term_string}\"},\"query-input\":{\"@type\":\"PropertyValueSpecification\",\"valueRequired\":true,\"valueName\":\"search_term_string\"}}],\"inLanguage\":\"de\"},{\"@type\":\"Organization\",\"@id\":\"https:\\\/\\\/www.inhoorn.nl\\\/de\\\/#organization\",\"name\":\"InHoorn\",\"url\":\"https:\\\/\\\/www.inhoorn.nl\\\/de\\\/\",\"logo\":{\"@type\":\"ImageObject\",\"inLanguage\":\"de\",\"@id\":\"https:\\\/\\\/www.inhoorn.nl\\\/de\\\/#\\\/schema\\\/logo\\\/image\\\/\",\"url\":\"https:\\\/\\\/www.inhoorn.nl\\\/wp-content\\\/uploads\\\/2022\\\/06\\\/logo_shadow.png\",\"contentUrl\":\"https:\\\/\\\/www.inhoorn.nl\\\/wp-content\\\/uploads\\\/2022\\\/06\\\/logo_shadow.png\",\"width\":600,\"height\":275,\"caption\":\"InHoorn\"},\"image\":{\"@id\":\"https:\\\/\\\/www.inhoorn.nl\\\/de\\\/#\\\/schema\\\/logo\\\/image\\\/\"},\"sameAs\":[\"https:\\\/\\\/www.facebook.com\\\/inhoorn.nl\"]}]}<\/script>\n<!-- \/ Yoast SEO plugin. -->","yoast_head_json":{"title":"Museen & Galerien - In Hoorn","robots":{"index":"index","follow":"follow","max-snippet":"max-snippet:-1","max-image-preview":"max-image-preview:large","max-video-preview":"max-video-preview:-1"},"canonical":"https:\/\/www.inhoorn.nl\/de\/sehen-tun\/kunstkultur\/museen-galerien\/","og_locale":"de_DE","og_type":"article","og_title":"Museen & Galerien - In Hoorn","og_description":"Freude an Kunst und Kultur Hoorn hat zwei gro\u00dfe Museen, das Westfriesische Museum und das Museum des 20. Jahrhunderts. W\u00e4hrend ersteres haupts\u00e4chlich die Fr\u00fchgeschichte darstellt, einschlie\u00dflich des Goldenen Zeitalters und der VOC, konzentriert sich das Museum des 20. Jahrhunderts in verschiedenen Wechselausstellungen auf Themen aus der j\u00fcngeren Vergangenheit. Hoorn hat auch verschiedene Galerien und Pop-up-Ausstellungsr\u00e4ume [&hellip;]","og_url":"https:\/\/www.inhoorn.nl\/de\/sehen-tun\/kunstkultur\/museen-galerien\/","og_site_name":"In Hoorn","article_publisher":"https:\/\/www.facebook.com\/inhoorn.nl","article_modified_time":"2022-07-14T13:17:41+00:00","og_image":[{"width":1920,"height":2560,"url":"https:\/\/www.inhoorn.nl\/wp-content\/uploads\/2020\/12\/IMG_0133-scaled.jpg","type":"image\/jpeg"}],"twitter_card":"summary_large_image","twitter_misc":{"Gesch\u00e4tzte Lesezeit":"1\u00a0Minute"},"schema":{"@context":"https:\/\/schema.org","@graph":[{"@type":"WebPage","@id":"https:\/\/www.inhoorn.nl\/de\/sehen-tun\/kunstkultur\/museen-galerien\/","url":"https:\/\/www.inhoorn.nl\/de\/sehen-tun\/kunstkultur\/museen-galerien\/","name":"Museen & Galerien - In Hoorn","isPartOf":{"@id":"https:\/\/www.inhoorn.nl\/de\/#website"},"primaryImageOfPage":{"@id":"https:\/\/www.inhoorn.nl\/de\/sehen-tun\/kunstkultur\/museen-galerien\/#primaryimage"},"image":{"@id":"https:\/\/www.inhoorn.nl\/de\/sehen-tun\/kunstkultur\/museen-galerien\/#primaryimage"},"thumbnailUrl":"https:\/\/www.inhoorn.nl\/wp-content\/uploads\/2020\/12\/IMG_0133-scaled.jpg","datePublished":"2022-03-08T19:57:54+00:00","dateModified":"2022-07-14T13:17:41+00:00","breadcrumb":{"@id":"https:\/\/www.inhoorn.nl\/de\/sehen-tun\/kunstkultur\/museen-galerien\/#breadcrumb"},"inLanguage":"de","potentialAction":[{"@type":"ReadAction","target":["https:\/\/www.inhoorn.nl\/de\/sehen-tun\/kunstkultur\/museen-galerien\/"]}]},{"@type":"ImageObject","inLanguage":"de","@id":"https:\/\/www.inhoorn.nl\/de\/sehen-tun\/kunstkultur\/museen-galerien\/#primaryimage","url":"https:\/\/www.inhoorn.nl\/wp-content\/uploads\/2020\/12\/IMG_0133-scaled.jpg","contentUrl":"https:\/\/www.inhoorn.nl\/wp-content\/uploads\/2020\/12\/IMG_0133-scaled.jpg","width":1920,"height":2560},{"@type":"BreadcrumbList","@id":"https:\/\/www.inhoorn.nl\/de\/sehen-tun\/kunstkultur\/museen-galerien\/#breadcrumb","itemListElement":[{"@type":"ListItem","position":1,"name":"Home","item":"https:\/\/www.inhoorn.nl\/de\/"},{"@type":"ListItem","position":2,"name":"Sehen &#038; tun","item":"https:\/\/www.inhoorn.nl\/de\/zien-doen\/"},{"@type":"ListItem","position":3,"name":"Kunstkultur","item":"https:\/\/www.inhoorn.nl\/de\/zien-doen\/kunst-cultuur\/"},{"@type":"ListItem","position":4,"name":"Museen &#038; Galerien"}]},{"@type":"WebSite","@id":"https:\/\/www.inhoorn.nl\/de\/#website","url":"https:\/\/www.inhoorn.nl\/de\/","name":"In Hoorn","description":"D\u00e9 gids voor Hoorn","publisher":{"@id":"https:\/\/www.inhoorn.nl\/de\/#organization"},"potentialAction":[{"@type":"SearchAction","target":{"@type":"EntryPoint","urlTemplate":"https:\/\/www.inhoorn.nl\/de\/?s={search_term_string}"},"query-input":{"@type":"PropertyValueSpecification","valueRequired":true,"valueName":"search_term_string"}}],"inLanguage":"de"},{"@type":"Organization","@id":"https:\/\/www.inhoorn.nl\/de\/#organization","name":"InHoorn","url":"https:\/\/www.inhoorn.nl\/de\/","logo":{"@type":"ImageObject","inLanguage":"de","@id":"https:\/\/www.inhoorn.nl\/de\/#\/schema\/logo\/image\/","url":"https:\/\/www.inhoorn.nl\/wp-content\/uploads\/2022\/06\/logo_shadow.png","contentUrl":"https:\/\/www.inhoorn.nl\/wp-content\/uploads\/2022\/06\/logo_shadow.png","width":600,"height":275,"caption":"InHoorn"},"image":{"@id":"https:\/\/www.inhoorn.nl\/de\/#\/schema\/logo\/image\/"},"sameAs":["https:\/\/www.facebook.com\/inhoorn.nl"]}]}},"_links":{"self":[{"href":"https:\/\/www.inhoorn.nl\/de\/wp-json\/wp\/v2\/pages\/9465","targetHints":{"allow":["GET"]}}],"collection":[{"href":"https:\/\/www.inhoorn.nl\/de\/wp-json\/wp\/v2\/pages"}],"about":[{"href":"https:\/\/www.inhoorn.nl\/de\/wp-json\/wp\/v2\/types\/page"}],"author":[{"embeddable":true,"href":"https:\/\/www.inhoorn.nl\/de\/wp-json\/wp\/v2\/users\/2"}],"replies":[{"embeddable":true,"href":"https:\/\/www.inhoorn.nl\/de\/wp-json\/wp\/v2\/comments?post=9465"}],"version-history":[{"count":4,"href":"https:\/\/www.inhoorn.nl\/de\/wp-json\/wp\/v2\/pages\/9465\/revisions"}],"predecessor-version":[{"id":13576,"href":"https:\/\/www.inhoorn.nl\/de\/wp-json\/wp\/v2\/pages\/9465\/revisions\/13576"}],"up":[{"embeddable":true,"href":"https:\/\/www.inhoorn.nl\/de\/wp-json\/wp\/v2\/pages\/9460"}],"wp:featuredmedia":[{"embeddable":true,"href":"https:\/\/www.inhoorn.nl\/de\/wp-json\/wp\/v2\/media\/6749"}],"wp:attachment":[{"href":"https:\/\/www.inhoorn.nl\/de\/wp-json\/wp\/v2\/media?parent=9465"}],"curies":[{"name":"wp","href":"https:\/\/api.w.org\/{rel}","templated":true}]}}