{"id":9470,"date":"2022-03-08T20:03:32","date_gmt":"2022-03-08T20:03:32","guid":{"rendered":"https:\/\/development.inhoorn.nl\/?page_id=9470"},"modified":"2022-07-14T15:17:19","modified_gmt":"2022-07-14T13:17:19","slug":"kirchen-denkmaeler","status":"publish","type":"page","link":"https:\/\/www.inhoorn.nl\/de\/sehen-tun\/kunstkultur\/kirchen-denkmaeler\/","title":{"rendered":"Kirchen &#038; Denkm\u00e4ler"},"content":{"rendered":"\n<h2 class=\"wp-block-heading\" id=\"h-wo-geschichte-lebendig-wird\"><strong>Wo Geschichte lebendig wird<\/strong><\/h2>\n\n\n\n<p id=\"tw-target-text\">In Hoorn finden Sie unz\u00e4hlige Denkm\u00e4ler. Nahezu das gesamte Stadtzentrum und Hafengebiet besteht aus Geb\u00e4uden, die die Zeiten des Goldenen Zeitalters wieder aufleben lassen. Der Hoofdtoren und die Koepelkerk auf der Grote Noord sind deutliche Markierungspunkte vom Wasser aus, die die ehemaligen Seeleute als Leuchtfeuer benutzten. Machen Sie eine Tour mit einem der Stadtf\u00fchrer und entdecken Sie all diese sch\u00f6nen Denkm\u00e4ler.<\/p>\n","protected":false},"excerpt":{"rendered":"<p>Wo Geschichte lebendig wird In Hoorn finden Sie unz\u00e4hlige Denkm\u00e4ler. Nahezu das gesamte Stadtzentrum und Hafengebiet besteht aus Geb\u00e4uden, die die Zeiten des Goldenen Zeitalters wieder aufleben lassen. Der Hoofdtoren und die Koepelkerk auf der Grote Noord sind deutliche Markierungspunkte vom Wasser aus, die die ehemaligen Seeleute als Leuchtfeuer benutzten. Machen Sie eine Tour mit [&hellip;]<\/p>\n","protected":false},"author":2,"featured_media":6746,"parent":9460,"menu_order":0,"comment_status":"closed","ping_status":"closed","template":"templates\/page-bedrijvengids.php","meta":{"footnotes":""},"class_list":["post-9470","page","type-page","status-publish","has-post-thumbnail","hentry"],"yoast_head":"<!-- This site is optimized with the Yoast SEO plugin v27.4 - https:\/\/yoast.com\/product\/yoast-seo-wordpress\/ -->\n<title>Kirchen &amp; Denkm\u00e4ler - In Hoorn<\/title>\n<meta name=\"robots\" content=\"index, follow, max-snippet:-1, max-image-preview:large, max-video-preview:-1\" \/>\n<link rel=\"canonical\" href=\"https:\/\/www.inhoorn.nl\/de\/sehen-tun\/kunstkultur\/kirchen-denkmaeler\/\" \/>\n<meta property=\"og:locale\" content=\"de_DE\" \/>\n<meta property=\"og:type\" content=\"article\" \/>\n<meta property=\"og:title\" content=\"Kirchen &amp; Denkm\u00e4ler - In Hoorn\" \/>\n<meta property=\"og:description\" content=\"Wo Geschichte lebendig wird In Hoorn finden Sie unz\u00e4hlige Denkm\u00e4ler. Nahezu das gesamte Stadtzentrum und Hafengebiet besteht aus Geb\u00e4uden, die die Zeiten des Goldenen Zeitalters wieder aufleben lassen. Der Hoofdtoren und die Koepelkerk auf der Grote Noord sind deutliche Markierungspunkte vom Wasser aus, die die ehemaligen Seeleute als Leuchtfeuer benutzten. Machen Sie eine Tour mit [&hellip;]\" \/>\n<meta property=\"og:url\" content=\"https:\/\/www.inhoorn.nl\/de\/sehen-tun\/kunstkultur\/kirchen-denkmaeler\/\" \/>\n<meta property=\"og:site_name\" content=\"In Hoorn\" \/>\n<meta property=\"article:publisher\" content=\"https:\/\/www.facebook.com\/inhoorn.nl\" \/>\n<meta property=\"article:modified_time\" content=\"2022-07-14T13:17:19+00:00\" \/>\n<meta property=\"og:image\" content=\"https:\/\/www.inhoorn.nl\/wp-content\/uploads\/2020\/12\/IMG_0110-scaled.jpg\" \/>\n\t<meta property=\"og:image:width\" content=\"2560\" \/>\n\t<meta property=\"og:image:height\" content=\"1920\" \/>\n\t<meta property=\"og:image:type\" content=\"image\/jpeg\" \/>\n<meta name=\"twitter:card\" content=\"summary_large_image\" \/>\n<meta name=\"twitter:label1\" content=\"Gesch\u00e4tzte Lesezeit\" \/>\n\t<meta name=\"twitter:data1\" content=\"1\u00a0Minute\" \/>\n<script type=\"application\/ld+json\" class=\"yoast-schema-graph\">{\"@context\":\"https:\\\/\\\/schema.org\",\"@graph\":[{\"@type\":\"WebPage\",\"@id\":\"https:\\\/\\\/www.inhoorn.nl\\\/de\\\/sehen-tun\\\/kunstkultur\\\/kirchen-denkmaeler\\\/\",\"url\":\"https:\\\/\\\/www.inhoorn.nl\\\/de\\\/sehen-tun\\\/kunstkultur\\\/kirchen-denkmaeler\\\/\",\"name\":\"Kirchen & Denkm\u00e4ler - In Hoorn\",\"isPartOf\":{\"@id\":\"https:\\\/\\\/www.inhoorn.nl\\\/de\\\/#website\"},\"primaryImageOfPage\":{\"@id\":\"https:\\\/\\\/www.inhoorn.nl\\\/de\\\/sehen-tun\\\/kunstkultur\\\/kirchen-denkmaeler\\\/#primaryimage\"},\"image\":{\"@id\":\"https:\\\/\\\/www.inhoorn.nl\\\/de\\\/sehen-tun\\\/kunstkultur\\\/kirchen-denkmaeler\\\/#primaryimage\"},\"thumbnailUrl\":\"https:\\\/\\\/www.inhoorn.nl\\\/wp-content\\\/uploads\\\/2020\\\/12\\\/IMG_0110-scaled.jpg\",\"datePublished\":\"2022-03-08T20:03:32+00:00\",\"dateModified\":\"2022-07-14T13:17:19+00:00\",\"breadcrumb\":{\"@id\":\"https:\\\/\\\/www.inhoorn.nl\\\/de\\\/sehen-tun\\\/kunstkultur\\\/kirchen-denkmaeler\\\/#breadcrumb\"},\"inLanguage\":\"de\",\"potentialAction\":[{\"@type\":\"ReadAction\",\"target\":[\"https:\\\/\\\/www.inhoorn.nl\\\/de\\\/sehen-tun\\\/kunstkultur\\\/kirchen-denkmaeler\\\/\"]}]},{\"@type\":\"ImageObject\",\"inLanguage\":\"de\",\"@id\":\"https:\\\/\\\/www.inhoorn.nl\\\/de\\\/sehen-tun\\\/kunstkultur\\\/kirchen-denkmaeler\\\/#primaryimage\",\"url\":\"https:\\\/\\\/www.inhoorn.nl\\\/wp-content\\\/uploads\\\/2020\\\/12\\\/IMG_0110-scaled.jpg\",\"contentUrl\":\"https:\\\/\\\/www.inhoorn.nl\\\/wp-content\\\/uploads\\\/2020\\\/12\\\/IMG_0110-scaled.jpg\",\"width\":2560,\"height\":1920},{\"@type\":\"BreadcrumbList\",\"@id\":\"https:\\\/\\\/www.inhoorn.nl\\\/de\\\/sehen-tun\\\/kunstkultur\\\/kirchen-denkmaeler\\\/#breadcrumb\",\"itemListElement\":[{\"@type\":\"ListItem\",\"position\":1,\"name\":\"Home\",\"item\":\"https:\\\/\\\/www.inhoorn.nl\\\/de\\\/\"},{\"@type\":\"ListItem\",\"position\":2,\"name\":\"Sehen &#038; tun\",\"item\":\"https:\\\/\\\/www.inhoorn.nl\\\/de\\\/zien-doen\\\/\"},{\"@type\":\"ListItem\",\"position\":3,\"name\":\"Kunstkultur\",\"item\":\"https:\\\/\\\/www.inhoorn.nl\\\/de\\\/zien-doen\\\/kunst-cultuur\\\/\"},{\"@type\":\"ListItem\",\"position\":4,\"name\":\"Kirchen &#038; Denkm\u00e4ler\"}]},{\"@type\":\"WebSite\",\"@id\":\"https:\\\/\\\/www.inhoorn.nl\\\/de\\\/#website\",\"url\":\"https:\\\/\\\/www.inhoorn.nl\\\/de\\\/\",\"name\":\"In Hoorn\",\"description\":\"D\u00e9 gids voor Hoorn\",\"publisher\":{\"@id\":\"https:\\\/\\\/www.inhoorn.nl\\\/de\\\/#organization\"},\"potentialAction\":[{\"@type\":\"SearchAction\",\"target\":{\"@type\":\"EntryPoint\",\"urlTemplate\":\"https:\\\/\\\/www.inhoorn.nl\\\/de\\\/?s={search_term_string}\"},\"query-input\":{\"@type\":\"PropertyValueSpecification\",\"valueRequired\":true,\"valueName\":\"search_term_string\"}}],\"inLanguage\":\"de\"},{\"@type\":\"Organization\",\"@id\":\"https:\\\/\\\/www.inhoorn.nl\\\/de\\\/#organization\",\"name\":\"InHoorn\",\"url\":\"https:\\\/\\\/www.inhoorn.nl\\\/de\\\/\",\"logo\":{\"@type\":\"ImageObject\",\"inLanguage\":\"de\",\"@id\":\"https:\\\/\\\/www.inhoorn.nl\\\/de\\\/#\\\/schema\\\/logo\\\/image\\\/\",\"url\":\"https:\\\/\\\/www.inhoorn.nl\\\/wp-content\\\/uploads\\\/2022\\\/06\\\/logo_shadow.png\",\"contentUrl\":\"https:\\\/\\\/www.inhoorn.nl\\\/wp-content\\\/uploads\\\/2022\\\/06\\\/logo_shadow.png\",\"width\":600,\"height\":275,\"caption\":\"InHoorn\"},\"image\":{\"@id\":\"https:\\\/\\\/www.inhoorn.nl\\\/de\\\/#\\\/schema\\\/logo\\\/image\\\/\"},\"sameAs\":[\"https:\\\/\\\/www.facebook.com\\\/inhoorn.nl\"]}]}<\/script>\n<!-- \/ Yoast SEO plugin. -->","yoast_head_json":{"title":"Kirchen & Denkm\u00e4ler - In Hoorn","robots":{"index":"index","follow":"follow","max-snippet":"max-snippet:-1","max-image-preview":"max-image-preview:large","max-video-preview":"max-video-preview:-1"},"canonical":"https:\/\/www.inhoorn.nl\/de\/sehen-tun\/kunstkultur\/kirchen-denkmaeler\/","og_locale":"de_DE","og_type":"article","og_title":"Kirchen & Denkm\u00e4ler - In Hoorn","og_description":"Wo Geschichte lebendig wird In Hoorn finden Sie unz\u00e4hlige Denkm\u00e4ler. Nahezu das gesamte Stadtzentrum und Hafengebiet besteht aus Geb\u00e4uden, die die Zeiten des Goldenen Zeitalters wieder aufleben lassen. Der Hoofdtoren und die Koepelkerk auf der Grote Noord sind deutliche Markierungspunkte vom Wasser aus, die die ehemaligen Seeleute als Leuchtfeuer benutzten. Machen Sie eine Tour mit [&hellip;]","og_url":"https:\/\/www.inhoorn.nl\/de\/sehen-tun\/kunstkultur\/kirchen-denkmaeler\/","og_site_name":"In Hoorn","article_publisher":"https:\/\/www.facebook.com\/inhoorn.nl","article_modified_time":"2022-07-14T13:17:19+00:00","og_image":[{"width":2560,"height":1920,"url":"https:\/\/www.inhoorn.nl\/wp-content\/uploads\/2020\/12\/IMG_0110-scaled.jpg","type":"image\/jpeg"}],"twitter_card":"summary_large_image","twitter_misc":{"Gesch\u00e4tzte Lesezeit":"1\u00a0Minute"},"schema":{"@context":"https:\/\/schema.org","@graph":[{"@type":"WebPage","@id":"https:\/\/www.inhoorn.nl\/de\/sehen-tun\/kunstkultur\/kirchen-denkmaeler\/","url":"https:\/\/www.inhoorn.nl\/de\/sehen-tun\/kunstkultur\/kirchen-denkmaeler\/","name":"Kirchen & Denkm\u00e4ler - In Hoorn","isPartOf":{"@id":"https:\/\/www.inhoorn.nl\/de\/#website"},"primaryImageOfPage":{"@id":"https:\/\/www.inhoorn.nl\/de\/sehen-tun\/kunstkultur\/kirchen-denkmaeler\/#primaryimage"},"image":{"@id":"https:\/\/www.inhoorn.nl\/de\/sehen-tun\/kunstkultur\/kirchen-denkmaeler\/#primaryimage"},"thumbnailUrl":"https:\/\/www.inhoorn.nl\/wp-content\/uploads\/2020\/12\/IMG_0110-scaled.jpg","datePublished":"2022-03-08T20:03:32+00:00","dateModified":"2022-07-14T13:17:19+00:00","breadcrumb":{"@id":"https:\/\/www.inhoorn.nl\/de\/sehen-tun\/kunstkultur\/kirchen-denkmaeler\/#breadcrumb"},"inLanguage":"de","potentialAction":[{"@type":"ReadAction","target":["https:\/\/www.inhoorn.nl\/de\/sehen-tun\/kunstkultur\/kirchen-denkmaeler\/"]}]},{"@type":"ImageObject","inLanguage":"de","@id":"https:\/\/www.inhoorn.nl\/de\/sehen-tun\/kunstkultur\/kirchen-denkmaeler\/#primaryimage","url":"https:\/\/www.inhoorn.nl\/wp-content\/uploads\/2020\/12\/IMG_0110-scaled.jpg","contentUrl":"https:\/\/www.inhoorn.nl\/wp-content\/uploads\/2020\/12\/IMG_0110-scaled.jpg","width":2560,"height":1920},{"@type":"BreadcrumbList","@id":"https:\/\/www.inhoorn.nl\/de\/sehen-tun\/kunstkultur\/kirchen-denkmaeler\/#breadcrumb","itemListElement":[{"@type":"ListItem","position":1,"name":"Home","item":"https:\/\/www.inhoorn.nl\/de\/"},{"@type":"ListItem","position":2,"name":"Sehen &#038; tun","item":"https:\/\/www.inhoorn.nl\/de\/zien-doen\/"},{"@type":"ListItem","position":3,"name":"Kunstkultur","item":"https:\/\/www.inhoorn.nl\/de\/zien-doen\/kunst-cultuur\/"},{"@type":"ListItem","position":4,"name":"Kirchen &#038; Denkm\u00e4ler"}]},{"@type":"WebSite","@id":"https:\/\/www.inhoorn.nl\/de\/#website","url":"https:\/\/www.inhoorn.nl\/de\/","name":"In Hoorn","description":"D\u00e9 gids voor Hoorn","publisher":{"@id":"https:\/\/www.inhoorn.nl\/de\/#organization"},"potentialAction":[{"@type":"SearchAction","target":{"@type":"EntryPoint","urlTemplate":"https:\/\/www.inhoorn.nl\/de\/?s={search_term_string}"},"query-input":{"@type":"PropertyValueSpecification","valueRequired":true,"valueName":"search_term_string"}}],"inLanguage":"de"},{"@type":"Organization","@id":"https:\/\/www.inhoorn.nl\/de\/#organization","name":"InHoorn","url":"https:\/\/www.inhoorn.nl\/de\/","logo":{"@type":"ImageObject","inLanguage":"de","@id":"https:\/\/www.inhoorn.nl\/de\/#\/schema\/logo\/image\/","url":"https:\/\/www.inhoorn.nl\/wp-content\/uploads\/2022\/06\/logo_shadow.png","contentUrl":"https:\/\/www.inhoorn.nl\/wp-content\/uploads\/2022\/06\/logo_shadow.png","width":600,"height":275,"caption":"InHoorn"},"image":{"@id":"https:\/\/www.inhoorn.nl\/de\/#\/schema\/logo\/image\/"},"sameAs":["https:\/\/www.facebook.com\/inhoorn.nl"]}]}},"_links":{"self":[{"href":"https:\/\/www.inhoorn.nl\/de\/wp-json\/wp\/v2\/pages\/9470","targetHints":{"allow":["GET"]}}],"collection":[{"href":"https:\/\/www.inhoorn.nl\/de\/wp-json\/wp\/v2\/pages"}],"about":[{"href":"https:\/\/www.inhoorn.nl\/de\/wp-json\/wp\/v2\/types\/page"}],"author":[{"embeddable":true,"href":"https:\/\/www.inhoorn.nl\/de\/wp-json\/wp\/v2\/users\/2"}],"replies":[{"embeddable":true,"href":"https:\/\/www.inhoorn.nl\/de\/wp-json\/wp\/v2\/comments?post=9470"}],"version-history":[{"count":3,"href":"https:\/\/www.inhoorn.nl\/de\/wp-json\/wp\/v2\/pages\/9470\/revisions"}],"predecessor-version":[{"id":13575,"href":"https:\/\/www.inhoorn.nl\/de\/wp-json\/wp\/v2\/pages\/9470\/revisions\/13575"}],"up":[{"embeddable":true,"href":"https:\/\/www.inhoorn.nl\/de\/wp-json\/wp\/v2\/pages\/9460"}],"wp:featuredmedia":[{"embeddable":true,"href":"https:\/\/www.inhoorn.nl\/de\/wp-json\/wp\/v2\/media\/6746"}],"wp:attachment":[{"href":"https:\/\/www.inhoorn.nl\/de\/wp-json\/wp\/v2\/media?parent=9470"}],"curies":[{"name":"wp","href":"https:\/\/api.w.org\/{rel}","templated":true}]}}