{"id":9482,"date":"2022-03-14T19:32:49","date_gmt":"2022-03-14T19:32:49","guid":{"rendered":"https:\/\/development.inhoorn.nl\/?page_id=9482"},"modified":"2025-03-26T15:31:22","modified_gmt":"2025-03-26T14:31:22","slug":"messen-in-hoorn","status":"publish","type":"page","link":"https:\/\/www.inhoorn.nl\/de\/einkaufen-gastgewerbe\/einkaufen\/messen-in-hoorn\/","title":{"rendered":"Markte in Hoorn"},"content":{"rendered":"\n<h2 class=\"wp-block-heading has-text-color\" id=\"h-viele-stande\" style=\"color:#666666;font-size:18px\"><strong>Viele St\u00e4nde<\/strong><\/h2>\n\n\n\n<div class=\"wp-block-columns is-layout-flex wp-container-core-columns-is-layout-9d6595d7 wp-block-columns-is-layout-flex\">\n<div class=\"wp-block-column is-vertically-aligned-top is-layout-flow wp-block-column-is-layout-flow\" style=\"flex-basis:100%\">\n<p class=\"has-black-color has-text-color\" style=\"font-size:14px\">Hoorn hat mehrere Spezialm\u00e4rkte. Im Fr\u00fchjahr und im Herbst finden zwei gro\u00dfe Warenm\u00e4rkte statt. Beide M\u00e4rkte umfassen den Veemarkt, Breed, Gedempte Turfhaven, die Gouw und die Nieuwstraat. Im August gibt es auch den traditionellen Lappendag, am letzten Tag der Hoorner Kirmes. Dieser Markt hat eine lange Geschichte und ist einer der gr\u00f6\u00dften in den Niederlanden. Hunderte von Marktst\u00e4nden stehen ab dem fr\u00fchen Morgen bereit, gef\u00fcllt mit Lumpen, Blusen, Hosen, Pullovern, was auch immer. Die oben genannten M\u00e4rkte werden vom Market Service Hoorn organisiert. An einigen Super-Shopping-Sonntagen wird auch ein gem\u00fctlicher Jahrmarkt organisiert, der die Shoppingtour besonders attraktiv macht. Und jedes Jahr gibt es auch einen sehr gem\u00fctlichen Nachtmarkt im Rahmen des Auftakts der Hoornse Stadsfeesten (von 18:00 bis 24:00 Uhr).<\/p>\n\n\n\n<div class=\"wp-block-buttons is-layout-flex wp-block-buttons-is-layout-flex\">\n<div class=\"wp-block-button has-custom-width wp-block-button__width-50 has-custom-font-size\" style=\"font-size:16px\"><a class=\"wp-block-button__link has-background wp-element-button\" href=\"samstagsmarkt-in-der-innenstadt\" style=\"border-radius:0px;background-color:#ff3d7e\"><strong>Samstags markt Innenstadt<\/strong><\/a><\/div>\n\n\n\n<div class=\"wp-block-button has-custom-width wp-block-button__width-50 has-custom-font-size\" style=\"font-size:16px\"><a class=\"wp-block-button__link has-background wp-element-button\" href=\"dinsdagmarkt-kersenboogerd\/\" style=\"border-radius:0px;background-color:#ff3d7e\"><strong>Dienstags markt Kersenboogerd<\/strong><\/a><\/div>\n\n\n\n<div class=\"wp-block-button has-custom-width wp-block-button__width-50 has-custom-font-size\" style=\"font-size:16px\"><a class=\"wp-block-button__link has-background wp-element-button\" href=\"woensdagmarkt-huesmolen\" style=\"border-radius:0px;background-color:#ff3d7e\"><strong>Mittwoch markt Huesmolen<\/strong><\/a><\/div>\n\n\n\n<div class=\"wp-block-button has-custom-width wp-block-button__width-50 has-custom-font-size\" style=\"font-size:16px\"><a class=\"wp-block-button__link has-background wp-element-button\" href=\"https:\/\/www.inhoorn.nl\/de\/einkaufen-gastgewerbe\/einkaufen\/messen-in-hoorn\/voor-najaarsmarkt\/\" style=\"border-radius:0px;background-color:#ff3d7e\"><strong>Herbst markt<\/strong><\/a><\/div>\n\n\n\n<div class=\"wp-block-button has-custom-width wp-block-button__width-50 has-custom-font-size\" style=\"font-size:16px\"><a class=\"wp-block-button__link has-background wp-element-button\" href=\"voor-najaarsmarkt\" style=\"border-radius:0px;background-color:#ff3d7e\"><strong>Fr\u00fchlings markt<\/strong><\/a><\/div>\n\n\n\n<div class=\"wp-block-button has-custom-width wp-block-button__width-50 has-custom-font-size\" style=\"font-size:16px\"><a class=\"wp-block-button__link has-background wp-element-button\" href=\"lappensale-de\" style=\"border-radius:0px;background-color:#ff3d7e\"><strong>Lappendag (patch Tag)<\/strong><\/a><\/div>\n<\/div>\n\n\n\n<p><\/p>\n\n\n\n<p><\/p>\n<\/div>\n<\/div>\n\n\n\n<div class=\"wp-block-buttons is-layout-flex wp-block-buttons-is-layout-flex\"><\/div>\n","protected":false},"excerpt":{"rendered":"<p>Viele St\u00e4nde Hoorn hat mehrere Spezialm\u00e4rkte. Im Fr\u00fchjahr und im Herbst finden zwei gro\u00dfe Warenm\u00e4rkte statt. Beide M\u00e4rkte umfassen den Veemarkt, Breed, Gedempte Turfhaven, die Gouw und die Nieuwstraat. Im August gibt es auch den traditionellen Lappendag, am letzten Tag der Hoorner Kirmes. Dieser Markt hat eine lange Geschichte und ist einer der gr\u00f6\u00dften in [&hellip;]<\/p>\n","protected":false},"author":2,"featured_media":6755,"parent":9404,"menu_order":0,"comment_status":"closed","ping_status":"closed","template":"","meta":{"footnotes":""},"class_list":["post-9482","page","type-page","status-publish","has-post-thumbnail","hentry"],"yoast_head":"<!-- This site is optimized with the Yoast SEO plugin v27.4 - https:\/\/yoast.com\/product\/yoast-seo-wordpress\/ -->\n<title>Markte in Hoorn - In Hoorn<\/title>\n<meta name=\"robots\" content=\"index, follow, max-snippet:-1, max-image-preview:large, max-video-preview:-1\" \/>\n<link rel=\"canonical\" href=\"https:\/\/www.inhoorn.nl\/de\/einkaufen-gastgewerbe\/einkaufen\/messen-in-hoorn\/\" \/>\n<meta property=\"og:locale\" content=\"de_DE\" \/>\n<meta property=\"og:type\" content=\"article\" \/>\n<meta property=\"og:title\" content=\"Markte in Hoorn - In Hoorn\" \/>\n<meta property=\"og:description\" content=\"Viele St\u00e4nde Hoorn hat mehrere Spezialm\u00e4rkte. Im Fr\u00fchjahr und im Herbst finden zwei gro\u00dfe Warenm\u00e4rkte statt. Beide M\u00e4rkte umfassen den Veemarkt, Breed, Gedempte Turfhaven, die Gouw und die Nieuwstraat. Im August gibt es auch den traditionellen Lappendag, am letzten Tag der Hoorner Kirmes. Dieser Markt hat eine lange Geschichte und ist einer der gr\u00f6\u00dften in [&hellip;]\" \/>\n<meta property=\"og:url\" content=\"https:\/\/www.inhoorn.nl\/de\/einkaufen-gastgewerbe\/einkaufen\/messen-in-hoorn\/\" \/>\n<meta property=\"og:site_name\" content=\"In Hoorn\" \/>\n<meta property=\"article:publisher\" content=\"https:\/\/www.facebook.com\/inhoorn.nl\" \/>\n<meta property=\"article:modified_time\" content=\"2025-03-26T14:31:22+00:00\" \/>\n<meta property=\"og:image\" content=\"https:\/\/www.inhoorn.nl\/wp-content\/uploads\/2020\/12\/IMG_4822-scaled.jpg\" \/>\n\t<meta property=\"og:image:width\" content=\"2560\" \/>\n\t<meta property=\"og:image:height\" content=\"1707\" \/>\n\t<meta property=\"og:image:type\" content=\"image\/jpeg\" \/>\n<meta name=\"twitter:card\" content=\"summary_large_image\" \/>\n<meta name=\"twitter:label1\" content=\"Gesch\u00e4tzte Lesezeit\" \/>\n\t<meta name=\"twitter:data1\" content=\"1\u00a0Minute\" \/>\n<script type=\"application\/ld+json\" class=\"yoast-schema-graph\">{\"@context\":\"https:\\\/\\\/schema.org\",\"@graph\":[{\"@type\":\"WebPage\",\"@id\":\"https:\\\/\\\/www.inhoorn.nl\\\/de\\\/einkaufen-gastgewerbe\\\/einkaufen\\\/messen-in-hoorn\\\/\",\"url\":\"https:\\\/\\\/www.inhoorn.nl\\\/de\\\/einkaufen-gastgewerbe\\\/einkaufen\\\/messen-in-hoorn\\\/\",\"name\":\"Markte in Hoorn - In Hoorn\",\"isPartOf\":{\"@id\":\"https:\\\/\\\/www.inhoorn.nl\\\/de\\\/#website\"},\"primaryImageOfPage\":{\"@id\":\"https:\\\/\\\/www.inhoorn.nl\\\/de\\\/einkaufen-gastgewerbe\\\/einkaufen\\\/messen-in-hoorn\\\/#primaryimage\"},\"image\":{\"@id\":\"https:\\\/\\\/www.inhoorn.nl\\\/de\\\/einkaufen-gastgewerbe\\\/einkaufen\\\/messen-in-hoorn\\\/#primaryimage\"},\"thumbnailUrl\":\"https:\\\/\\\/www.inhoorn.nl\\\/wp-content\\\/uploads\\\/2020\\\/12\\\/IMG_4822-scaled.jpg\",\"datePublished\":\"2022-03-14T19:32:49+00:00\",\"dateModified\":\"2025-03-26T14:31:22+00:00\",\"breadcrumb\":{\"@id\":\"https:\\\/\\\/www.inhoorn.nl\\\/de\\\/einkaufen-gastgewerbe\\\/einkaufen\\\/messen-in-hoorn\\\/#breadcrumb\"},\"inLanguage\":\"de\",\"potentialAction\":[{\"@type\":\"ReadAction\",\"target\":[\"https:\\\/\\\/www.inhoorn.nl\\\/de\\\/einkaufen-gastgewerbe\\\/einkaufen\\\/messen-in-hoorn\\\/\"]}]},{\"@type\":\"ImageObject\",\"inLanguage\":\"de\",\"@id\":\"https:\\\/\\\/www.inhoorn.nl\\\/de\\\/einkaufen-gastgewerbe\\\/einkaufen\\\/messen-in-hoorn\\\/#primaryimage\",\"url\":\"https:\\\/\\\/www.inhoorn.nl\\\/wp-content\\\/uploads\\\/2020\\\/12\\\/IMG_4822-scaled.jpg\",\"contentUrl\":\"https:\\\/\\\/www.inhoorn.nl\\\/wp-content\\\/uploads\\\/2020\\\/12\\\/IMG_4822-scaled.jpg\",\"width\":2560,\"height\":1707},{\"@type\":\"BreadcrumbList\",\"@id\":\"https:\\\/\\\/www.inhoorn.nl\\\/de\\\/einkaufen-gastgewerbe\\\/einkaufen\\\/messen-in-hoorn\\\/#breadcrumb\",\"itemListElement\":[{\"@type\":\"ListItem\",\"position\":1,\"name\":\"Home\",\"item\":\"https:\\\/\\\/www.inhoorn.nl\\\/de\\\/\"},{\"@type\":\"ListItem\",\"position\":2,\"name\":\"Einkaufen &#038; Gastronomie\",\"item\":\"https:\\\/\\\/www.inhoorn.nl\\\/de\\\/winkelen-horeca\\\/\"},{\"@type\":\"ListItem\",\"position\":3,\"name\":\"Einkaufen\",\"item\":\"https:\\\/\\\/www.inhoorn.nl\\\/de\\\/winkelen-horeca\\\/winkelen\\\/\"},{\"@type\":\"ListItem\",\"position\":4,\"name\":\"Markte in Hoorn\"}]},{\"@type\":\"WebSite\",\"@id\":\"https:\\\/\\\/www.inhoorn.nl\\\/de\\\/#website\",\"url\":\"https:\\\/\\\/www.inhoorn.nl\\\/de\\\/\",\"name\":\"In Hoorn\",\"description\":\"D\u00e9 gids voor Hoorn\",\"publisher\":{\"@id\":\"https:\\\/\\\/www.inhoorn.nl\\\/de\\\/#organization\"},\"potentialAction\":[{\"@type\":\"SearchAction\",\"target\":{\"@type\":\"EntryPoint\",\"urlTemplate\":\"https:\\\/\\\/www.inhoorn.nl\\\/de\\\/?s={search_term_string}\"},\"query-input\":{\"@type\":\"PropertyValueSpecification\",\"valueRequired\":true,\"valueName\":\"search_term_string\"}}],\"inLanguage\":\"de\"},{\"@type\":\"Organization\",\"@id\":\"https:\\\/\\\/www.inhoorn.nl\\\/de\\\/#organization\",\"name\":\"InHoorn\",\"url\":\"https:\\\/\\\/www.inhoorn.nl\\\/de\\\/\",\"logo\":{\"@type\":\"ImageObject\",\"inLanguage\":\"de\",\"@id\":\"https:\\\/\\\/www.inhoorn.nl\\\/de\\\/#\\\/schema\\\/logo\\\/image\\\/\",\"url\":\"https:\\\/\\\/www.inhoorn.nl\\\/wp-content\\\/uploads\\\/2022\\\/06\\\/logo_shadow.png\",\"contentUrl\":\"https:\\\/\\\/www.inhoorn.nl\\\/wp-content\\\/uploads\\\/2022\\\/06\\\/logo_shadow.png\",\"width\":600,\"height\":275,\"caption\":\"InHoorn\"},\"image\":{\"@id\":\"https:\\\/\\\/www.inhoorn.nl\\\/de\\\/#\\\/schema\\\/logo\\\/image\\\/\"},\"sameAs\":[\"https:\\\/\\\/www.facebook.com\\\/inhoorn.nl\"]}]}<\/script>\n<!-- \/ Yoast SEO plugin. -->","yoast_head_json":{"title":"Markte in Hoorn - In Hoorn","robots":{"index":"index","follow":"follow","max-snippet":"max-snippet:-1","max-image-preview":"max-image-preview:large","max-video-preview":"max-video-preview:-1"},"canonical":"https:\/\/www.inhoorn.nl\/de\/einkaufen-gastgewerbe\/einkaufen\/messen-in-hoorn\/","og_locale":"de_DE","og_type":"article","og_title":"Markte in Hoorn - In Hoorn","og_description":"Viele St\u00e4nde Hoorn hat mehrere Spezialm\u00e4rkte. Im Fr\u00fchjahr und im Herbst finden zwei gro\u00dfe Warenm\u00e4rkte statt. Beide M\u00e4rkte umfassen den Veemarkt, Breed, Gedempte Turfhaven, die Gouw und die Nieuwstraat. Im August gibt es auch den traditionellen Lappendag, am letzten Tag der Hoorner Kirmes. Dieser Markt hat eine lange Geschichte und ist einer der gr\u00f6\u00dften in [&hellip;]","og_url":"https:\/\/www.inhoorn.nl\/de\/einkaufen-gastgewerbe\/einkaufen\/messen-in-hoorn\/","og_site_name":"In Hoorn","article_publisher":"https:\/\/www.facebook.com\/inhoorn.nl","article_modified_time":"2025-03-26T14:31:22+00:00","og_image":[{"width":2560,"height":1707,"url":"https:\/\/www.inhoorn.nl\/wp-content\/uploads\/2020\/12\/IMG_4822-scaled.jpg","type":"image\/jpeg"}],"twitter_card":"summary_large_image","twitter_misc":{"Gesch\u00e4tzte Lesezeit":"1\u00a0Minute"},"schema":{"@context":"https:\/\/schema.org","@graph":[{"@type":"WebPage","@id":"https:\/\/www.inhoorn.nl\/de\/einkaufen-gastgewerbe\/einkaufen\/messen-in-hoorn\/","url":"https:\/\/www.inhoorn.nl\/de\/einkaufen-gastgewerbe\/einkaufen\/messen-in-hoorn\/","name":"Markte in Hoorn - In Hoorn","isPartOf":{"@id":"https:\/\/www.inhoorn.nl\/de\/#website"},"primaryImageOfPage":{"@id":"https:\/\/www.inhoorn.nl\/de\/einkaufen-gastgewerbe\/einkaufen\/messen-in-hoorn\/#primaryimage"},"image":{"@id":"https:\/\/www.inhoorn.nl\/de\/einkaufen-gastgewerbe\/einkaufen\/messen-in-hoorn\/#primaryimage"},"thumbnailUrl":"https:\/\/www.inhoorn.nl\/wp-content\/uploads\/2020\/12\/IMG_4822-scaled.jpg","datePublished":"2022-03-14T19:32:49+00:00","dateModified":"2025-03-26T14:31:22+00:00","breadcrumb":{"@id":"https:\/\/www.inhoorn.nl\/de\/einkaufen-gastgewerbe\/einkaufen\/messen-in-hoorn\/#breadcrumb"},"inLanguage":"de","potentialAction":[{"@type":"ReadAction","target":["https:\/\/www.inhoorn.nl\/de\/einkaufen-gastgewerbe\/einkaufen\/messen-in-hoorn\/"]}]},{"@type":"ImageObject","inLanguage":"de","@id":"https:\/\/www.inhoorn.nl\/de\/einkaufen-gastgewerbe\/einkaufen\/messen-in-hoorn\/#primaryimage","url":"https:\/\/www.inhoorn.nl\/wp-content\/uploads\/2020\/12\/IMG_4822-scaled.jpg","contentUrl":"https:\/\/www.inhoorn.nl\/wp-content\/uploads\/2020\/12\/IMG_4822-scaled.jpg","width":2560,"height":1707},{"@type":"BreadcrumbList","@id":"https:\/\/www.inhoorn.nl\/de\/einkaufen-gastgewerbe\/einkaufen\/messen-in-hoorn\/#breadcrumb","itemListElement":[{"@type":"ListItem","position":1,"name":"Home","item":"https:\/\/www.inhoorn.nl\/de\/"},{"@type":"ListItem","position":2,"name":"Einkaufen &#038; Gastronomie","item":"https:\/\/www.inhoorn.nl\/de\/winkelen-horeca\/"},{"@type":"ListItem","position":3,"name":"Einkaufen","item":"https:\/\/www.inhoorn.nl\/de\/winkelen-horeca\/winkelen\/"},{"@type":"ListItem","position":4,"name":"Markte in Hoorn"}]},{"@type":"WebSite","@id":"https:\/\/www.inhoorn.nl\/de\/#website","url":"https:\/\/www.inhoorn.nl\/de\/","name":"In Hoorn","description":"D\u00e9 gids voor Hoorn","publisher":{"@id":"https:\/\/www.inhoorn.nl\/de\/#organization"},"potentialAction":[{"@type":"SearchAction","target":{"@type":"EntryPoint","urlTemplate":"https:\/\/www.inhoorn.nl\/de\/?s={search_term_string}"},"query-input":{"@type":"PropertyValueSpecification","valueRequired":true,"valueName":"search_term_string"}}],"inLanguage":"de"},{"@type":"Organization","@id":"https:\/\/www.inhoorn.nl\/de\/#organization","name":"InHoorn","url":"https:\/\/www.inhoorn.nl\/de\/","logo":{"@type":"ImageObject","inLanguage":"de","@id":"https:\/\/www.inhoorn.nl\/de\/#\/schema\/logo\/image\/","url":"https:\/\/www.inhoorn.nl\/wp-content\/uploads\/2022\/06\/logo_shadow.png","contentUrl":"https:\/\/www.inhoorn.nl\/wp-content\/uploads\/2022\/06\/logo_shadow.png","width":600,"height":275,"caption":"InHoorn"},"image":{"@id":"https:\/\/www.inhoorn.nl\/de\/#\/schema\/logo\/image\/"},"sameAs":["https:\/\/www.facebook.com\/inhoorn.nl"]}]}},"_links":{"self":[{"href":"https:\/\/www.inhoorn.nl\/de\/wp-json\/wp\/v2\/pages\/9482","targetHints":{"allow":["GET"]}}],"collection":[{"href":"https:\/\/www.inhoorn.nl\/de\/wp-json\/wp\/v2\/pages"}],"about":[{"href":"https:\/\/www.inhoorn.nl\/de\/wp-json\/wp\/v2\/types\/page"}],"author":[{"embeddable":true,"href":"https:\/\/www.inhoorn.nl\/de\/wp-json\/wp\/v2\/users\/2"}],"replies":[{"embeddable":true,"href":"https:\/\/www.inhoorn.nl\/de\/wp-json\/wp\/v2\/comments?post=9482"}],"version-history":[{"count":23,"href":"https:\/\/www.inhoorn.nl\/de\/wp-json\/wp\/v2\/pages\/9482\/revisions"}],"predecessor-version":[{"id":30841,"href":"https:\/\/www.inhoorn.nl\/de\/wp-json\/wp\/v2\/pages\/9482\/revisions\/30841"}],"up":[{"embeddable":true,"href":"https:\/\/www.inhoorn.nl\/de\/wp-json\/wp\/v2\/pages\/9404"}],"wp:featuredmedia":[{"embeddable":true,"href":"https:\/\/www.inhoorn.nl\/de\/wp-json\/wp\/v2\/media\/6755"}],"wp:attachment":[{"href":"https:\/\/www.inhoorn.nl\/de\/wp-json\/wp\/v2\/media?parent=9482"}],"curies":[{"name":"wp","href":"https:\/\/api.w.org\/{rel}","templated":true}]}}